{"id":1528,"date":"2018-04-29T04:32:34","date_gmt":"2018-04-29T04:32:34","guid":{"rendered":"http:\/\/curarrehue.cl\/on\/?page_id=1528"},"modified":"2021-02-23T13:13:50","modified_gmt":"2021-02-23T13:13:50","slug":"casa-de-la-familia","status":"publish","type":"page","link":"https:\/\/curarrehue.cl\/on\/casa-de-la-familia\/","title":{"rendered":"DIDECO"},"content":{"rendered":"<p>La Direcci\u00f3n de Desarrollo Comunitario, \u00a0tiene como objetivo asesorar al Alcalde y al Concejo, en la promoci\u00f3n de desarrollo social, econ\u00f3mico y cultural de la comuna, considerando especialmente la integraci\u00f3n y participaci\u00f3n de sus habitantes, y Tiene como funciones espec\u00edficas:<\/p>\n<p>a) Asesorar al Alcalde y tambi\u00e9n, al Concejo en la promoci\u00f3n del desarrollo comunitario.<\/p>\n<p>b) Prestar asesor\u00eda t\u00e9cnica a las organizaciones comunitarias, fomentar su desarrollo y legalizaci\u00f3n, y promover su efectiva participaci\u00f3n en el municipio, y<\/p>\n<p>c) Proponer y ejecutar, dentro de su \u00e1mbito y cuando corresponda, medidas tendientes a materializar acciones relacionadas con salud p\u00fablica; protecci\u00f3n del medio ambiente; educaci\u00f3n y cultura, capacitaci\u00f3n laborar; deporte y recreaci\u00f3n; promoci\u00f3n del empleo, fomento productivo local y turismo.<\/p>\n<p>d) Proponer y ejecutar acciones relacionadas con la Asistencia Social.<\/p>\n<p>e) Proponer y ejecutar acciones para la promoci\u00f3n de la igualdad de oportunidades entre hombres y mujeres.<\/p>\n<p>f) Otras funciones que la Ley se\u00f1ale o que la autoridad superior le asigne, las que se ejecutar\u00e1n a trav\u00e9s de las unidades que corresponda.<\/p>\n<p>Adicionalmente la Direcci\u00f3n de Desarrollo Comunitario, cumplir\u00e1 los siguientes objetivos y funciones espec\u00edficas:<\/p>\n<h3><strong><b>ASISTENCIA SOCIAL:<\/b><\/strong><\/h3>\n<p>Tiene como objetivo contribuir a la soluci\u00f3n de los problemas socioecon\u00f3micos, que afectan a los habitantes de la comuna, procurando las condiciones necesarias que le permitan acceder a una mejor calidad de vida.<\/p>\n<p><strong><b>Funciones Espec\u00edficas: <\/b><\/strong><\/p>\n<p>a) Procurar la satisfacci\u00f3n de las necesidades b\u00e1sicas de la poblaci\u00f3n en situaci\u00f3n de extrema pobreza de la comuna, conjuntamente con otras unidades de la Municipalidad.<\/p>\n<p>b) Atender y auxiliar transitoriamente situaciones de emergencia o de necesidad manifiesta que afecten a personas o familiar de la comuna, organizando y coordinando con la colaboraci\u00f3n de las autoridades correspondientes las labores de socorro y auxilio que sean necesarias.<\/p>\n<p>c) Coordinar el desarrollo de acciones sociales conjuntas con otras instituciones p\u00fablicas del voluntariado o privados, en beneficio de la comunidad, y<\/p>\n<p>d) Administrar y ejecutar el Programa Social de Gobierno en bien de la comunidad de extrema pobreza y de escasos recursos (Subsidio Unico Familiar (SUF); Pensiones Asistenciales, \u00a0Subsidio de Agua Potable (SAP); subsidio de aseo domiciliario, becas y otros que surjan del nivel central).<\/p>\n<p>e) Coordinar el desarrollo de acciones sociales con otras unidades municipales, con organismos del voluntariado e instituciones p\u00fablicas y privadas.<\/p>\n<p>f) Hacer difusi\u00f3n y orientar a la comunidad sobre los distintos beneficios de car\u00e1cter social existentes y los requisitos exigidos para acceder de ellos.<\/p>\n<h3><strong><b>ENCUESTAJE DE ESTRATIFICACI\u00d3N SOCIAL\u00a0<\/b><\/strong><\/h3>\n<p>a) Elaborar diagn\u00f3stico que permitan identificar, cuantificar y localizar los problemas socioecon\u00f3micos de los sectores de la comunidad afectados, manteniendo registros actualizados de la realidad comunal.<\/p>\n<p>b) Definir los distintos niveles socioecon\u00f3micos de la poblaci\u00f3n que requiere asistencia social;<\/p>\n<p>c) Entregar la informaci\u00f3n requerida por otras instancias de la Direcci\u00f3n de Desarrollo Comunitario para la postulaci\u00f3n de los beneficiarios a los programas sociales de Gobierno, as\u00ed como tambi\u00e9n lo requerido por otras Direcciones Municipales, para la elaboraci\u00f3n de programas sociales u otros.<\/p>\n<p>d) Aplicar normas tendientes a procurar un adecuado funcionamiento del proceso de encuestaje, de la poblaci\u00f3n de la comuna.<\/p>\n<h3><strong><b>SUBSIDIOS Y PENSIONES<\/b><\/strong><\/h3>\n<p>a) Administrar las pensiones y subsidios de la red social, entregando y proporcionando una asesor\u00eda y atenci\u00f3n expedita a las personas postulantes, aplicando los subsidios y entregando los beneficios en conformidad a los antecedentes, diagn\u00f3sticos y estratificaci\u00f3n social de las personas, dando prioridad a aquellas que se encuentren en situaci\u00f3n de extrema pobreza.<\/p>\n<p>&nbsp;<\/p>\n<p>b) Seleccionar a las personas de escasos recursos y tramitar sus postulaciones a los organismos competentes para acceder a los diferentes subsidios y becas de la red social, efectuando los seguimientos, cuando corresponda y aplicando los formularios de los siguientes beneficios sociales: Subsidio \u00fanico familiar;(SUF) subsidio Maternal;(SM) subsidio reci\u00e9n nacido, (SRN), subsidio agua potable, (SAP), y pensiones asistenciales, Becas Ind\u00edgenas y Becas Presidente de la Rep\u00fablica.<\/p>\n<h3><strong><b>PROYECTOS SOCIALES<\/b><\/strong><\/h3>\n<p>a) Coordinar los distintos programas y proyectos sociales de la Comuna, con el fin de optimizar los recursos municipales y la gesti\u00f3n de recursos externos, para ir en apoyo de las familias m\u00e1s vulnerables de Curarrehue.<\/p>\n<p>b) Desarrollar e implementar en conjunto con otros organismos, p\u00fablico y\/o privado, programas sociales en relaci\u00f3n a grupos vulnerables.<\/p>\n<p>c) Realizar y colaborar en investigaciones y estudios que permitan diagnosticar la realidad social de la comuna y elaborar proyectos espec\u00edficos.<\/p>\n<p>d) Elaborar, ejecutar, supervisar y evaluar planes y programas sociales que se desarrollen en la comuna.<\/p>\n<h3><strong><b>VIVIENDA<\/b><\/strong><\/h3>\n<p>a) Asesorar a los postulantes a viviendas sociales b\u00e1sicas, o subsidios habitacionales de la comuna, entregando una informaci\u00f3n oportuna, orientaci\u00f3n y apoyo permanente a los postulantes, de las Organizaciones Territoriales y Funcionales, frente a los diferentes programas habitacionales.<\/p>\n<p>b) Mantener \u00a0manteniendo para ello, una coordinaci\u00f3n con las Oficinas Regionales del Servicio de Vivienda y Urbanismo.<\/p>\n<p>c) Elaborar y mantener diagn\u00f3sticos actualizados que permitan identificar y cuantificar la demanda habitacional que afecta a las familias urbanas y rurales de la comuna.<\/p>\n<p>d) Hacer difusi\u00f3n y orientar a la comunidad local sobre los distintos programas habitacionales del Ministerio de Vivienda y Urbanismo y los requisitos exigidos para acceder a ellos.<\/p>\n<p>e) Asesorar a los comit\u00e9s de vivienda de la comuna en el proceso de gesti\u00f3n de soluciones habitacionales definitivas para sus asociados.<\/p>\n<p>f) Desarrollar programas de capacitaci\u00f3n destinados a las Directivas de los comit\u00e9s de vivienda, en funci\u00f3n de fortalecer roles, funciones dirigenciales, autogesti\u00f3n e implementaci\u00f3n de barrios.<\/p>\n<p>g) Elaborar proyectos en funci\u00f3n de gestionar soluciones habitacionales para las familias de la Comuna, a trav\u00e9s de financiamiento p\u00fablico y privado, sobre todo en materia de complementaci\u00f3n de ahorro, ampliaci\u00f3n y mejoramiento de viviendas.<\/p>\n<h3><strong><b>\u00a0PROGRAMAS SOCIALES<\/b><\/strong><\/h3>\n<p>a) Dar cumplimiento, a trav\u00e9s de su acci\u00f3n, al rol social de la Municipalidad, a sus objetivos sociales generales y a los programas de desarrollo social comunal.<\/p>\n<p>b) Participar, seg\u00fan corresponda, en la aplicaci\u00f3n de planes, programas y proyectos sociales sobre la materia que deban desarrollar otras entidades p\u00fablicas y privadas de la comuna.<\/p>\n<p>c) Dar estricto cumplimiento a la ejecuci\u00f3n de los convenios que se realicen con entidades p\u00fablicas o privadas y ce\u00f1irse a los procedimientos internos y normativa legal vigente.<\/p>\n<h3><strong><b>\u00a0SEGURIDAD P\u00daBLICA<\/b><\/strong><\/h3>\n<p>a) Asesorar al alcalde en materias de seguridad, proponi\u00e9ndole nuevos programas y estrategias al referido plan, para aumentar y mejorar la percepci\u00f3n de seguridad de los habitantes de la comuna.<\/p>\n<p>b) Velar por la correcta ejecuci\u00f3n del Plan Comunal de seguridad p\u00fablica.<\/p>\n<p>c) Apoyar y prestar colaboraci\u00f3n a las polic\u00edas de Carabineros de Chile y de Investigaciones de Chile, Ministerio p\u00fablico en tareas de vigilancia, investigaci\u00f3n, denuncia y prevenci\u00f3n para la seguridad comunal.<\/p>\n<p>d) Mantener un continuo acercamiento con los vecinos, dando a conocer el servicio que se presta, como asimismo incentivando a la comunidad en materias de seguridad.<\/p>\n<p>e) Supervisar, controlar y operar los programas de seguridad ciudadana vigentes.<\/p>\n<p>f) Registrar y procesar los datos obtenidos en el cumplimiento de sus funciones, entreg\u00e1ndolos a las unidades operativas del municipio, en las materias atingentes a cada una de ellas, para su pronta soluci\u00f3n.<\/p>\n<h3><strong><b>FOMENTO PRODUCTIVO<\/b><\/strong><\/h3>\n<p>a) Elaborar diagn\u00f3stico sobre la realidad comunal.<\/p>\n<p>b) Establecer coordinaci\u00f3n con organismos estatales y privados competentes en temas de desarrollo productivo.<\/p>\n<p>c) Localizar los recursos en unidades territoriales o en grupos formales e informales.<\/p>\n<p>d) Colaborar con el Alcalde en la elaboraci\u00f3n de pol\u00edticas y acciones destinadas a promover el aumento de fuentes productivas en la comuna y su incorporaci\u00f3n al Plan comunal.<\/p>\n<p>b) Promover las capacidades de la comunidad local, para lograr su desarrollo sustentable desde lo econ\u00f3mico y lo social.<\/p>\n<p>e) Coordinar acciones de desarrollo como organismos agropecuarios y forestales con la finalidad de mejorar la gesti\u00f3n de la peque\u00f1a empresa campesina.<\/p>\n<p>f) \u00a0An\u00e1lisis estad\u00edsticos de la situaci\u00f3n econ\u00f3mica rural de la comuna.<\/p>\n<p>g) \u00a0Disponer de la base de documentaci\u00f3n b\u00e1sica.<\/p>\n<p>h) Informar al Alcalde en materias de estudios que este solicite y que digan relaci\u00f3n con el desarrollo comunal rural, en concordancia con el plan de desarrollo comunal.<\/p>\n<p>i) Estudio de las cuencas hidrogr\u00e1ficas de la comuna y sus potencialidades tur\u00edsticas y productivas.<\/p>\n<p>j) Promover y publicitar los subsidios dirigidos al sector agr\u00edcola, que otorga el Estado, las organizaciones p\u00fablicas, privadas y la municipalidad.<\/p>\n<p>k) Tener a disposici\u00f3n para los contribuyentes que lo requieran los instrumentos que representen la realidad rural, como cartograf\u00eda, censos agropecuarios y de poblaci\u00f3n y vivienda, de an\u00e1lisis de aguas superficiales y subterr\u00e1neas, de la contaminaci\u00f3n del medio ambiente.<\/p>\n<p>l) Colaborar en la entrega de informaci\u00f3n para el Plan de Desarrollo Comunal.<\/p>\n<p>m) Fomentar y postular proyectos de riego y drenaje.<\/p>\n<p>n) Coordinar y tramitar saneamientos de t\u00edtulos de dominio rurales.<\/p>\n<p>o) Ayudar a las comunidades rurales en la solicitud de los derechos de agua para postular a proyectos de riego.<\/p>\n<p>p) Coordinar permanentemente con las unidades municipales que correspondan en las materias de desarrollo global, y en especial del sector rural.<\/p>\n<h3><strong><b>ORGANIZACIONES COMUNITARIAS:\u00a0<\/b><\/strong><\/h3>\n<p>a) Asesorar a las organizaciones de la comunidad en todas aquellas materias que permitan facilitar su constituci\u00f3n y funcionamiento y la plena aplicaci\u00f3n de la Ley sobre Juntas de Vecinos y dem\u00e1s Organizaciones Comunitarias.<\/p>\n<p>b) Promover la organizaci\u00f3n, participaci\u00f3n y desarrollo de los dirigentes y pobladores de cada unidad vecinal, de acuerdo a sus propios intereses y necesidades.<\/p>\n<p>c) Detectar las organizaciones comunitarias existentes en la comuna y proceder a la tramitaci\u00f3n de la personalidad jur\u00eddica, e incentivar la legalizaci\u00f3n de las organizaciones que carecen de ella.<\/p>\n<p>d) Constituir el canal de comunicaci\u00f3n entre la Municipalidad y las organizaciones comunitarias. e) Informar, orientar y apoyar t\u00e9cnicamente a la comunidad organizada, capacitando sobre las formas de solucionar problemas comunales que los afectan.<\/p>\n<p>e) Coordinar y colaborar en el accionar de los organismos comunitarios en la ejecuci\u00f3n de programas de desarrollo comunal.<\/p>\n<p>f) Controlar el correcto cumplimiento de la legislaci\u00f3n y procedimiento que regulan la generaci\u00f3n, funcionamiento y participaci\u00f3n de las organizaciones comunitarias.<\/p>\n<p>g) Mantener actualizado un registro comunal de las organizaciones comunitarias existentes en la comuna.<\/p>\n<h3><strong><b>FAMILIA:<\/b><\/strong><\/h3>\n<p>a) Proponer pol\u00edticas locales que incorporen, transversalmente, el principio de igualdad de oportunidades para las mujeres en la gesti\u00f3n municipal.<\/p>\n<p>b) Promover y desarrollar programas y acciones sociales dirigidas a la mujer y a sus necesidades.<\/p>\n<p>c) Desarrollar coordinaciones, articulaciones y acciones que permitan velar por la incorporaci\u00f3n de la igualdad de oportunidades y derechos de las mujeres en las \u00e1reas econ\u00f3micas, pol\u00edticas, sociales y culturales en el marco de los planes de desarrollo de la comuna.<\/p>\n<p>d) Desarrollar programas sociales para hombres y mujeres de escasos recursos.<\/p>\n<p>e) Contribuir a mejorar la calidad de vida de las mujeres de la comuna, proporcionando una atenci\u00f3n integral a las mujeres y su grupo familiar en riesgo psico-social.<\/p>\n<p>f) Contribuir, facilitando la posibilidad de desarrollo integral a mejorar la calidad de vida de las mujeres de la comuna que son: analfabetas, analfabetas en desuso, que no tienen sus estudios b\u00e1sicos y medio completos.<\/p>\n<p>g) Contribuir al mejoramiento de las condiciones de vida de las mujeres que desarrollan una actividad econ\u00f3mica independiente, y de sus familias, particularmente de aquellas que se encuentren en situaci\u00f3n de pobreza.<\/p>\n<h3><strong><b>DEPORTE:\u00a0<\/b><\/strong><\/h3>\n<p>a) Promover la participaci\u00f3n y desarrollo de actividades deportivas-recreativas en la Comuna.<\/p>\n<p>b) Elaborar y desarrollar programas y eventos deportivos y recreativos en la Comuna.<\/p>\n<p>c) Proveer asesor\u00eda t\u00e9cnica deportiva a las distintas organizaciones sociales y comunitarias de la Comuna.<\/p>\n<p>d) Elaborar programas de capacitaci\u00f3n t\u00e9cnicas y pr\u00e1cticas que apoyen el desarrollo del deporte en la Comuna.<\/p>\n<p>e) Coordinar la participaci\u00f3n de otras entidades p\u00fablicas y privadas para la realizaci\u00f3n de actividades deportivas y recreativas en la comuna.<\/p>\n<p>f) Mantener canales de informaci\u00f3n y comunicaci\u00f3n eficientes que permitan la oportuna participaci\u00f3n de vecinos y de la comunidad organizada en las actividades deportivas y recreativas que se programen.<\/p>\n<p>g) Administrar las actividades deportivas que se ejecuten en recintos deportivos municipales.<\/p>\n<h3><strong><b>CULTURA:\u00a0<\/b><\/strong><\/h3>\n<p>a) Promover establecer y promover espacios de cultura a los vecinos de Curarrehue, mejorando la calidad de vida de los ciudadanos de Curarrehue a trav\u00e9s de desarrollo art\u00edstico cultural en los barrios.<\/p>\n<p>b) Implementaci\u00f3n de talleres con identidad cultural.<\/p>\n<p>c) Creaci\u00f3n de semilleros de folclor y realizaci\u00f3n de campeonatos de cueca.<\/p>\n<p>d) Fomento de artes visuales.<\/p>\n<p>e) Postulaci\u00f3n de proyectos culturales.<\/p>\n<p>f) Prestar apoyo a las organizaciones de pueblos originarios de la comuna.<\/p>\n<p>g) Celebraci\u00f3n de fiestas tem\u00e1ticas.<\/p>\n<h3><strong><b>TURISMO<\/b><\/strong><\/h3>\n<p>a) Recabar y difundir informaci\u00f3n respecto a los distintos centros y atractivos tur\u00edsticos de la comuna y peque\u00f1os artesanos locales, promoviendo aquellos productos y\/o producciones con identidad local, colocando en valor su cultura.<\/p>\n<p>b) Mantener una relaci\u00f3n directa con aquellos organismos vinculados al turismo, tales como SERNATUR, INDAP, CORFO, ARAUCANIA ANDINA y otros.<\/p>\n<p>c) Gestionar la presentaci\u00f3n de proyectos, relacionados con las instancias e instituciones p\u00fablicas.<\/p>\n<p>d) Coordinar las acciones con Municipios aleda\u00f1os, para la gesti\u00f3n operativa de la ZOIT LACUSTRE.<\/p>\n<p>e) Coordinar acciones de vinculaci\u00f3n estrat\u00e9gica en el desarrollo del destino Curarrehue.<\/p>\n<h3><strong><b>ADULTO MAYOR<\/b><\/strong><\/h3>\n<p>a) Proponer y ejecutar planes, programas, proyectos y actividades de desarrollo social del adulto mayor que permitan contribuir a mejorar la calidad de vida<\/p>\n<p>b) Promover la organizaci\u00f3n, el desarrollo y la participaci\u00f3n activa de las organizaciones de adultos mayores existentes en la comuna.<\/p>\n<p>c) Llevar un catastro y registro actualizado de las organizaciones de adultos mayores de la comuna y de sus socios.<\/p>\n<p>d) Asesorar a las organizaciones de adultos mayores para la obtenci\u00f3n de su personalidad jur\u00eddica.<\/p>\n<p>e) Organizar, auspiciar y promover actividades recreativas y de acci\u00f3n social con las organizaciones de adultos mayores de la comuna.<\/p>\n<p>f) Asesorar a las organizaciones de adultos mayores de la comuna en la elaboraci\u00f3n y presentaci\u00f3n de proyectos.<\/p>\n<p>g) Asesorar a las organizaciones de adultos mayores de la comuna que resulten beneficiadas con los proyectos en su ejecuci\u00f3n y de acuerdo a la normativa vigente, sus reglamentos, o las instrucciones que se impartan.<\/p>\n<p>h) Supervisar los proyectos adjudicados por las organizaciones de adultos mayores.<\/p>\n<h3><strong><b>COMUNICACIONES:\u00a0<\/b><\/strong><\/h3>\n<p>a) Procurar el eficiente desarrollo de las comunicaciones entre la comunidad, medios de comunicaci\u00f3n escrita, radial, televisi\u00f3n \u00a0y el Municipio<\/p>\n<p>b) Mantener oportunamente informada a la comunidad sobre las actividades municipales y otras materias que sean de su inter\u00e9s.<\/p>\n<p>c) Informar al Alcalde sobre los planteamientos relacionados con la administraci\u00f3n de la comuna que se publiquen o transmitan a trav\u00e9s de los medios de comunicaci\u00f3n social o directamente por los habitantes de la comuna.<\/p>\n<p>d) Asesorar al Alcalde en todas las materias relativas a relaciones p\u00fablicas y comunicaci\u00f3n social.<\/p>\n<p>e) Programar y apoyar el desarrollo de las actividades p\u00fablicas y protocolares del Alcalde; y<\/p>\n<p>f) Mantener al d\u00eda un archivo actualizado con todas las publicaciones, videos y fotograf\u00edas relacionados con la administraci\u00f3n Comunal.<\/p>\n<p>&nbsp;<\/p>\n","protected":false},"excerpt":{"rendered":"<p>La Direcci\u00f3n de Desarrollo Comunitario, \u00a0tiene como objetivo asesorar al Alcalde y al Concejo, en la promoci\u00f3n de desarrollo social, econ\u00f3mico y cultural de la comuna, considerando especialmente la integraci\u00f3n y participaci\u00f3n de sus habitantes, y Tiene como funciones espec\u00edficas: a) Asesorar al Alcalde y tambi\u00e9n, al Concejo en la promoci\u00f3n del desarrollo comunitario. b) [&hellip;]<\/p>\n","protected":false},"author":2,"featured_media":0,"parent":0,"menu_order":0,"comment_status":"closed","ping_status":"closed","template":"","meta":{"_monsterinsights_skip_tracking":false,"_monsterinsights_sitenote_active":false,"_monsterinsights_sitenote_note":"","_monsterinsights_sitenote_category":0,"footnotes":""},"class_list":["post-1528","page","type-page","status-publish","hentry"],"_links":{"self":[{"href":"https:\/\/curarrehue.cl\/on\/wp-json\/wp\/v2\/pages\/1528","targetHints":{"allow":["GET"]}}],"collection":[{"href":"https:\/\/curarrehue.cl\/on\/wp-json\/wp\/v2\/pages"}],"about":[{"href":"https:\/\/curarrehue.cl\/on\/wp-json\/wp\/v2\/types\/page"}],"author":[{"embeddable":true,"href":"https:\/\/curarrehue.cl\/on\/wp-json\/wp\/v2\/users\/2"}],"replies":[{"embeddable":true,"href":"https:\/\/curarrehue.cl\/on\/wp-json\/wp\/v2\/comments?post=1528"}],"version-history":[{"count":2,"href":"https:\/\/curarrehue.cl\/on\/wp-json\/wp\/v2\/pages\/1528\/revisions"}],"predecessor-version":[{"id":4379,"href":"https:\/\/curarrehue.cl\/on\/wp-json\/wp\/v2\/pages\/1528\/revisions\/4379"}],"wp:attachment":[{"href":"https:\/\/curarrehue.cl\/on\/wp-json\/wp\/v2\/media?parent=1528"}],"curies":[{"name":"wp","href":"https:\/\/api.w.org\/{rel}","templated":true}]}}