{"id":1543,"date":"2018-04-29T04:53:45","date_gmt":"2018-04-29T04:53:45","guid":{"rendered":"http:\/\/curarrehue.cl\/on\/?page_id=1543"},"modified":"2023-03-30T15:34:59","modified_gmt":"2023-03-30T15:34:59","slug":"comunicaciones","status":"publish","type":"page","link":"https:\/\/curarrehue.cl\/on\/comunicaciones\/","title":{"rendered":"COMUNICACIONES"},"content":{"rendered":"\t\t<div data-elementor-type=\"wp-post\" data-elementor-id=\"1543\" class=\"elementor elementor-1543 elementor-bc-flex-widget\">\n\t\t\t\t\t\t<section class=\"elementor-section elementor-top-section elementor-element elementor-element-4c127bf8 elementor-section-boxed elementor-section-height-default elementor-section-height-default\" data-id=\"4c127bf8\" data-element_type=\"section\">\n\t\t\t\t\t\t<div class=\"elementor-container elementor-column-gap-default\">\n\t\t\t\t\t<div class=\"elementor-column elementor-col-100 elementor-top-column elementor-element elementor-element-348ea4ff\" data-id=\"348ea4ff\" data-element_type=\"column\">\n\t\t\t<div class=\"elementor-widget-wrap elementor-element-populated\">\n\t\t\t\t\t\t<div class=\"elementor-element elementor-element-f1fd954 elementor-widget elementor-widget-text-editor\" data-id=\"f1fd954\" data-element_type=\"widget\" data-widget_type=\"text-editor.default\">\n\t\t\t\t<div class=\"elementor-widget-container\">\n\t\t\t\t\t\t\t\t\t<p>El Canal de Televisi\u00f3n de Curarrehue Visi\u00f3n, fue creado para mantener a las personas de Curarrehue informados sobre el que hacer de la comuna, informar sobre proyectos, organizaciones comunitarias, el cual funciona las 24 horas del d\u00eda entreteniendo a las personas de la comuna de Curarrehue.<\/p><p>Dando a conocer las noticias en sus horarios de lunes a viernes en los siguientes horarios: Todos los d\u00edas desde las 20:00 Hrs a trav\u00e9s de nuestro canal de Youtube.<\/p><p><a href=\"https:\/\/www.youtube.com\/@curarrehuevision\">https:\/\/www.youtube.com\/@curarrehuevision<\/a><\/p><p>Ademas colaborando con la inclusi\u00f3n se contrata a personal de capacidades especiales ,el cual entrega las noticias del deporte<\/p><p>Ademas Mantener oportunamente informada a la comunidad sobre las actividades municipales y otras materias que sean de su inter\u00e9s.<\/p><p>Informar al Alcalde sobre los planteamientos relacionados con la administraci\u00f3n de la comuna que se publiquen o transmitan a trav\u00e9s de los medios de comunicaci\u00f3n social o directamente por los habitantes de la comuna.<\/p><p>Noticias al d\u00eda<br \/>Notas<br \/>Deportes<br \/>Emprendimientos Locales<\/p><p>Puedes encontrar m\u00e1s contenido en nuestro Facebook: <a href=\"https:\/\/www.facebook.com\/curarrehuevision.curarrehue\">https:\/\/www.facebook.com\/curarrehuevision.curarrehue<\/a><\/p>\t\t\t\t\t\t\t\t<\/div>\n\t\t\t\t<\/div>\n\t\t\t\t<section class=\"elementor-section elementor-inner-section elementor-element elementor-element-728388a elementor-section-boxed elementor-section-height-default elementor-section-height-default\" data-id=\"728388a\" data-element_type=\"section\">\n\t\t\t\t\t\t<div class=\"elementor-container elementor-column-gap-default\">\n\t\t\t\t\t<div class=\"elementor-column elementor-col-100 elementor-inner-column elementor-element elementor-element-fe15aac\" data-id=\"fe15aac\" data-element_type=\"column\">\n\t\t\t<div class=\"elementor-widget-wrap elementor-element-populated\">\n\t\t\t\t\t\t<div class=\"elementor-element elementor-element-d31bbbd elementor-view-default elementor-widget elementor-widget-icon\" data-id=\"d31bbbd\" data-element_type=\"widget\" data-widget_type=\"icon.default\">\n\t\t\t\t<div class=\"elementor-widget-container\">\n\t\t\t\t\t\t\t<div class=\"elementor-icon-wrapper\">\n\t\t\t<div class=\"elementor-icon\">\n\t\t\t\t\t\t\t<i class=\"fa fa-facebook-official\" aria-hidden=\"true\"><\/i>\n\t\t\t\t\t\t<\/div>\n\t\t<\/div>\n\t\t\t\t\t\t<\/div>\n\t\t\t\t<\/div>\n\t\t\t\t<div class=\"elementor-element elementor-element-c36b602 elementor-widget elementor-widget-text-editor\" data-id=\"c36b602\" data-element_type=\"widget\" data-widget_type=\"text-editor.default\">\n\t\t\t\t<div class=\"elementor-widget-container\">\n\t\t\t\t\t\t\t\t\t<h3 style=\"text-align: center;\"><a href=\"https:\/\/www.facebook.com\/curarrehuevision.curarrehue\" data-wplink-edit=\"true\">S\u00cdGUENOS EN FACEBOOK<\/a><\/h3>\t\t\t\t\t\t\t\t<\/div>\n\t\t\t\t<\/div>\n\t\t\t\t\t<\/div>\n\t\t<\/div>\n\t\t\t\t\t<\/div>\n\t\t<\/section>\n\t\t\t\t\t<\/div>\n\t\t<\/div>\n\t\t\t\t\t<\/div>\n\t\t<\/section>\n\t\t\t\t<\/div>\n\t\t","protected":false},"excerpt":{"rendered":"<p>El Canal de Televisi\u00f3n de Curarrehue Visi\u00f3n, fue creado para mantener a las personas de Curarrehue informados sobre el que hacer de la comuna, informar sobre proyectos, organizaciones comunitarias, el cual funciona las 24 horas del d\u00eda entreteniendo a las personas de la comuna de Curarrehue. Dando a conocer las noticias en sus horarios de [&hellip;]<\/p>\n","protected":false},"author":2,"featured_media":0,"parent":0,"menu_order":0,"comment_status":"closed","ping_status":"closed","template":"","meta":{"_monsterinsights_skip_tracking":false,"_monsterinsights_sitenote_active":false,"_monsterinsights_sitenote_note":"","_monsterinsights_sitenote_category":0,"footnotes":""},"class_list":["post-1543","page","type-page","status-publish","hentry"],"_links":{"self":[{"href":"https:\/\/curarrehue.cl\/on\/wp-json\/wp\/v2\/pages\/1543","targetHints":{"allow":["GET"]}}],"collection":[{"href":"https:\/\/curarrehue.cl\/on\/wp-json\/wp\/v2\/pages"}],"about":[{"href":"https:\/\/curarrehue.cl\/on\/wp-json\/wp\/v2\/types\/page"}],"author":[{"embeddable":true,"href":"https:\/\/curarrehue.cl\/on\/wp-json\/wp\/v2\/users\/2"}],"replies":[{"embeddable":true,"href":"https:\/\/curarrehue.cl\/on\/wp-json\/wp\/v2\/comments?post=1543"}],"version-history":[{"count":12,"href":"https:\/\/curarrehue.cl\/on\/wp-json\/wp\/v2\/pages\/1543\/revisions"}],"predecessor-version":[{"id":6060,"href":"https:\/\/curarrehue.cl\/on\/wp-json\/wp\/v2\/pages\/1543\/revisions\/6060"}],"wp:attachment":[{"href":"https:\/\/curarrehue.cl\/on\/wp-json\/wp\/v2\/media?parent=1543"}],"curies":[{"name":"wp","href":"https:\/\/api.w.org\/{rel}","templated":true}]}}