{"id":1679,"date":"2018-06-25T01:43:24","date_gmt":"2018-06-25T01:43:24","guid":{"rendered":"http:\/\/curarrehue.cl\/on\/?page_id=1679"},"modified":"2025-10-21T16:04:04","modified_gmt":"2025-10-21T16:04:04","slug":"noticias-municipales","status":"publish","type":"page","link":"https:\/\/curarrehue.cl\/on\/noticias-municipales\/","title":{"rendered":"Noticias Municipales"},"content":{"rendered":"\t\t<div data-elementor-type=\"wp-page\" data-elementor-id=\"1679\" class=\"elementor elementor-1679\">\n\t\t\t\t\t\t<section class=\"elementor-section elementor-top-section elementor-element elementor-element-5e876db elementor-section-boxed elementor-section-height-default elementor-section-height-default\" data-id=\"5e876db\" data-element_type=\"section\">\n\t\t\t\t\t\t<div class=\"elementor-container elementor-column-gap-default\">\n\t\t\t\t\t<div class=\"elementor-column elementor-col-100 elementor-top-column elementor-element elementor-element-e6b12e5\" data-id=\"e6b12e5\" data-element_type=\"column\">\n\t\t\t<div class=\"elementor-widget-wrap elementor-element-populated\">\n\t\t\t\t\t\t<div class=\"elementor-element elementor-element-daf00af elementor-grid-2 elementor-grid-tablet-2 elementor-grid-mobile-1 elementor-posts--thumbnail-top elementor-posts--show-avatar elementor-card-shadow-yes elementor-posts__hover-gradient elementor-widget elementor-widget-posts\" data-id=\"daf00af\" data-element_type=\"widget\" data-settings=\"{&quot;cards_columns&quot;:&quot;2&quot;,&quot;cards_masonry&quot;:&quot;yes&quot;,&quot;cards_columns_tablet&quot;:&quot;2&quot;,&quot;cards_columns_mobile&quot;:&quot;1&quot;,&quot;cards_row_gap&quot;:{&quot;unit&quot;:&quot;px&quot;,&quot;size&quot;:35,&quot;sizes&quot;:[]},&quot;cards_row_gap_tablet&quot;:{&quot;unit&quot;:&quot;px&quot;,&quot;size&quot;:&quot;&quot;,&quot;sizes&quot;:[]},&quot;cards_row_gap_mobile&quot;:{&quot;unit&quot;:&quot;px&quot;,&quot;size&quot;:&quot;&quot;,&quot;sizes&quot;:[]}}\" data-widget_type=\"posts.cards\">\n\t\t\t\t<div class=\"elementor-widget-container\">\n\t\t\t\t\t\t\t<div class=\"elementor-posts-container elementor-posts elementor-posts--skin-cards elementor-grid\">\n\t\t\t\t<article class=\"elementor-post elementor-grid-item post-9268 post type-post status-publish format-standard hentry category-uncategorized\">\n\t\t\t<div class=\"elementor-post__card\">\n\t\t\t\t<div class=\"elementor-post__text\">\n\t\t\t\t<h3 class=\"elementor-post__title\">\n\t\t\t<a href=\"https:\/\/curarrehue.cl\/on\/bases-para-incentivo-a-la-educacion-superior-comuna-de-curarrehue\/\" >\n\t\t\t\tBases para Incentivo a la Educaci\u00f3n Superior Comuna de Curarrehue\t\t\t<\/a>\n\t\t<\/h3>\n\t\t\n\t\t<a class=\"elementor-post__read-more\" href=\"https:\/\/curarrehue.cl\/on\/bases-para-incentivo-a-la-educacion-superior-comuna-de-curarrehue\/\" aria-label=\"Read more about Bases para Incentivo a la Educaci\u00f3n Superior Comuna de Curarrehue\" >\n\t\t\tLeer M\u00e1s \u00bb\t\t<\/a>\n\n\t\t\t\t<\/div>\n\t\t\t\t\t<\/div>\n\t\t<\/article>\n\t\t\t\t<article class=\"elementor-post elementor-grid-item post-9242 post type-post status-publish format-standard hentry category-uncategorized\">\n\t\t\t<div class=\"elementor-post__card\">\n\t\t\t\t<div class=\"elementor-post__text\">\n\t\t\t\t<h3 class=\"elementor-post__title\">\n\t\t\t<a href=\"https:\/\/curarrehue.cl\/on\/bases-de-concesion-de-puestos-del-mercado-de-la-aldeaintercultural-trawupeyum-2\/\" >\n\t\t\t\tBases de Concesi\u00f3n de puestos del Mercado de la AldeaIntercultural Trawupey\u00fcm\t\t\t<\/a>\n\t\t<\/h3>\n\t\t\n\t\t<a class=\"elementor-post__read-more\" href=\"https:\/\/curarrehue.cl\/on\/bases-de-concesion-de-puestos-del-mercado-de-la-aldeaintercultural-trawupeyum-2\/\" aria-label=\"Read more about Bases de Concesi\u00f3n de puestos del Mercado de la AldeaIntercultural Trawupey\u00fcm\" >\n\t\t\tLeer M\u00e1s \u00bb\t\t<\/a>\n\n\t\t\t\t<\/div>\n\t\t\t\t\t<\/div>\n\t\t<\/article>\n\t\t\t\t<article class=\"elementor-post elementor-grid-item post-9232 post type-post status-publish format-standard hentry category-uncategorized\">\n\t\t\t<div class=\"elementor-post__card\">\n\t\t\t\t<div class=\"elementor-post__text\">\n\t\t\t\t<h3 class=\"elementor-post__title\">\n\t\t\t<a href=\"https:\/\/curarrehue.cl\/on\/primer-llamado-a-beca-deportistas-destacados-municipalidad-decurarrehue-2026\/\" >\n\t\t\t\tPRIMER LLAMADO A BECA DEPORTISTAS DESTACADOS MUNICIPALIDAD DECURARREHUE 2026\t\t\t<\/a>\n\t\t<\/h3>\n\t\t\n\t\t<a class=\"elementor-post__read-more\" href=\"https:\/\/curarrehue.cl\/on\/primer-llamado-a-beca-deportistas-destacados-municipalidad-decurarrehue-2026\/\" aria-label=\"Read more about PRIMER LLAMADO A BECA DEPORTISTAS DESTACADOS MUNICIPALIDAD DECURARREHUE 2026\" >\n\t\t\tLeer M\u00e1s \u00bb\t\t<\/a>\n\n\t\t\t\t<\/div>\n\t\t\t\t\t<\/div>\n\t\t<\/article>\n\t\t\t\t<article class=\"elementor-post elementor-grid-item post-9228 post type-post status-publish format-standard hentry category-uncategorized\">\n\t\t\t<div class=\"elementor-post__card\">\n\t\t\t\t<div class=\"elementor-post__text\">\n\t\t\t\t<h3 class=\"elementor-post__title\">\n\t\t\t<a href=\"https:\/\/curarrehue.cl\/on\/bases-llamado-concurso-proyectos-fondo-de-desarrollo-del-deporte\/\" >\n\t\t\t\tBASES LLAMADO CONCURSO PROYECTOS FONDO DE DESARROLLO DEL DEPORTE\t\t\t<\/a>\n\t\t<\/h3>\n\t\t\n\t\t<a class=\"elementor-post__read-more\" href=\"https:\/\/curarrehue.cl\/on\/bases-llamado-concurso-proyectos-fondo-de-desarrollo-del-deporte\/\" aria-label=\"Read more about BASES LLAMADO CONCURSO PROYECTOS FONDO DE DESARROLLO DEL DEPORTE\" >\n\t\t\tLeer M\u00e1s \u00bb\t\t<\/a>\n\n\t\t\t\t<\/div>\n\t\t\t\t\t<\/div>\n\t\t<\/article>\n\t\t\t\t<\/div>\n\t\t\n\t\t\t\t\t\t<\/div>\n\t\t\t\t<\/div>\n\t\t\t\t\t<\/div>\n\t\t<\/div>\n\t\t\t\t\t<\/div>\n\t\t<\/section>\n\t\t\t\t<section class=\"elementor-section elementor-top-section elementor-element elementor-element-fa3e1e elementor-section-boxed elementor-section-height-default elementor-section-height-default\" data-id=\"fa3e1e\" data-element_type=\"section\">\n\t\t\t\t\t\t<div class=\"elementor-container elementor-column-gap-default\">\n\t\t\t\t\t<div class=\"elementor-column elementor-col-100 elementor-top-column elementor-element elementor-element-72b2b004\" data-id=\"72b2b004\" data-element_type=\"column\">\n\t\t\t<div class=\"elementor-widget-wrap elementor-element-populated\">\n\t\t\t\t\t\t<div class=\"elementor-element elementor-element-35dfdbd elementor-widget elementor-widget-text-editor\" data-id=\"35dfdbd\" data-element_type=\"widget\" data-widget_type=\"text-editor.default\">\n\t\t\t\t<div class=\"elementor-widget-container\">\n\t\t\t\t\t\t\t\t\t<p><div class=\"c-accordion\"><div class=\"c-content-box\"><ul class=\"accordion-items\"><li class=\"\"><h4 class=\"accordion-title\">1 de Octubre D\u00eda Internacional de Adulto Mayor<\/h4><div class=\"accordion-content\"><p>El 1 de octubre es el d\u00eda elegido por la Organizaci\u00f3n de las Naciones Unidas (ONU) para celebrar el D\u00eda Internacional de las Personas de Edad y, de este modo, promover un cambio cultural que acoja a los adultos mayores y combata la discriminaci\u00f3n y estereotipos negativos asociados al envejecimiento. un afectuoso saludo del sr alcalde don abel painefilo.<\/p>\n<\/div><\/li><li class=\"\"><h4 class=\"accordion-title\">Mi\u00e9rcoles 23 de Septiembre se realiz\u00f3 la primera jornada de retiro de &#8220;chatarra y residuos electr\u00f3nicos (RAEE)&#8220; en el sector de Catripulli.<\/h4><div class=\"accordion-content\"><\/p>\n<div class=\"kvgmc6g5 cxmmr5t8 oygrvhab hcukyx3x c1et5uql\">\n<div dir=\"auto\">Mi\u00e9rcoles 23 de Septiembre se realiz\u00f3 la primera jornada de retiro de &#8220;chatarra y residuos electr\u00f3nicos (RAEE)&#8221; en el sector de Catripulli.<\/div>\n<\/div>\n<div class=\"o9v6fnle cxmmr5t8 oygrvhab hcukyx3x c1et5uql\">\n<div dir=\"auto\">Agradecemos el compromiso y amor de los vecinos de Catripulli con esta campa\u00f1a que ha sido planificada de una forma profesional y responsable.<\/div>\n<\/div>\n<div class=\"o9v6fnle cxmmr5t8 oygrvhab hcukyx3x c1et5uql\">\n<div dir=\"auto\">Agradecemos tambi\u00e9n a cada uno de nuestros Operadores, Funcionarios, Conductores, T\u00e9cnicos y Profesionales de la Direcci\u00f3n de Medioambiente, Aseo y Ornato y de la Municipalidad de Curarrehue, que han estado presente en este d\u00eda hist\u00f3rico para nuestra Comunidad.<\/div>\n<\/div>\n<div class=\"o9v6fnle cxmmr5t8 oygrvhab hcukyx3x c1et5uql\">\n<div dir=\"auto\">Gracias a toda la Comunidad y continuemos en la senda del trabajo Profesional y Colaborativo.<\/div>\n<\/div>\n<div class=\"o9v6fnle cxmmr5t8 oygrvhab hcukyx3x c1et5uql\">\n<div dir=\"auto\">Direcci\u00f3n de Medioambiente, Aseo y Ornato<\/div>\n<div dir=\"auto\">Municipalidad de Curarrehue<\/div>\n<\/div>\n<p>\n<\/div><\/li><\/ul><\/div><\/div><\/p>\t\t\t\t\t\t\t\t<\/div>\n\t\t\t\t<\/div>\n\t\t\t\t\t<\/div>\n\t\t<\/div>\n\t\t\t\t\t<\/div>\n\t\t<\/section>\n\t\t\t\t<\/div>\n\t\t","protected":false},"excerpt":{"rendered":"","protected":false},"author":2,"featured_media":0,"parent":0,"menu_order":0,"comment_status":"closed","ping_status":"closed","template":"","meta":{"_monsterinsights_skip_tracking":false,"_monsterinsights_sitenote_active":false,"_monsterinsights_sitenote_note":"","_monsterinsights_sitenote_category":0,"footnotes":""},"class_list":["post-1679","page","type-page","status-publish","hentry"],"_links":{"self":[{"href":"https:\/\/curarrehue.cl\/on\/wp-json\/wp\/v2\/pages\/1679","targetHints":{"allow":["GET"]}}],"collection":[{"href":"https:\/\/curarrehue.cl\/on\/wp-json\/wp\/v2\/pages"}],"about":[{"href":"https:\/\/curarrehue.cl\/on\/wp-json\/wp\/v2\/types\/page"}],"author":[{"embeddable":true,"href":"https:\/\/curarrehue.cl\/on\/wp-json\/wp\/v2\/users\/2"}],"replies":[{"embeddable":true,"href":"https:\/\/curarrehue.cl\/on\/wp-json\/wp\/v2\/comments?post=1679"}],"version-history":[{"count":8,"href":"https:\/\/curarrehue.cl\/on\/wp-json\/wp\/v2\/pages\/1679\/revisions"}],"predecessor-version":[{"id":8943,"href":"https:\/\/curarrehue.cl\/on\/wp-json\/wp\/v2\/pages\/1679\/revisions\/8943"}],"wp:attachment":[{"href":"https:\/\/curarrehue.cl\/on\/wp-json\/wp\/v2\/media?parent=1679"}],"curies":[{"name":"wp","href":"https:\/\/api.w.org\/{rel}","templated":true}]}}