{"id":1886,"date":"2018-07-24T04:13:18","date_gmt":"2018-07-24T04:13:18","guid":{"rendered":"http:\/\/curarrehue.cl\/on\/?page_id=1886"},"modified":"2021-02-23T13:14:13","modified_gmt":"2021-02-23T13:14:13","slug":"secpla","status":"publish","type":"page","link":"https:\/\/curarrehue.cl\/on\/secpla\/","title":{"rendered":"SECPLA"},"content":{"rendered":"<p>La Secretar\u00eda Comunal de Planificaci\u00f3n desempe\u00f1ar\u00e1 funciones de asesor\u00eda del Alcalde y del Concejo, en materias de estudios y evaluaci\u00f3n, propias de las competencias de ambos \u00f3rganos municipales.<\/p>\n<p><strong><b>Tiene asignadas las funciones de Gesti\u00f3n del Agua y Gesti\u00f3n de \u00a0Inform\u00e1tica. <\/b><\/strong><\/p>\n<p><strong><b>En tal car\u00e1cter le corresponder\u00e1 las siguientes funciones:<\/b><\/strong><\/p>\n<p>a) Servir de secretar\u00eda t\u00e9cnica permanente del Alcalde y del Concejo en la formulaci\u00f3n de la estrategia municipal como asimismo de las pol\u00edticas, planes, programas y proyectos de desarrollo de la Comuna<\/p>\n<p>b) Asesorar al Alcalde en la elaboraci\u00f3n de los proyectos del Plan Comunal de Desarrollo y del Presupuesto Municipal.<\/p>\n<p>c) Elaborar el Plan de Inversiones Anuales, contemplando su evaluaci\u00f3n social, econ\u00f3mica y financiera.<\/p>\n<p>d) Definir la programaci\u00f3n anual de los proyectos y programas a ejecutar por el Municipio, coordinando con las Direcciones Municipales, el estado de avance de los proyectos y programas.<\/p>\n<p>e) Elaborar el Plan Anual de Compras en conjunto con la comisi\u00f3n de Presupuesto.<\/p>\n<p>f) Evaluar el cumplimiento de los planes, programas, proyectos inversiones y el presupuesto Municipal e informar sobre estas materias al Concejo, a lo menos semestralmente.<\/p>\n<p>g) Efectuar an\u00e1lisis y evaluaciones permanentes de la situaci\u00f3n de desarrollo de la Comuna, con \u00e9nfasis en los aspectos y territoriales.<\/p>\n<p>7<\/p>\n<p>h) Elaborar las bases generales y espec\u00edficas, seg\u00fan corresponda, para los llamados a licitaci\u00f3n, previo informe de la unidad competente, de conformidad con los criterios e instrucciones establecido en el Reglamento Municipal respectivo.<\/p>\n<p>i) Fomentar vinculaciones de car\u00e1cter t\u00e9cnico con los servicios p\u00fablicos y con el sector privado de la Comuna.<\/p>\n<p>j) Recopilar y mantener la informaci\u00f3n comunal y regional atingente a sus funciones.<\/p>\n<p>k) Dise\u00f1ar, implementar y mantener archivos de los planes, programas y proyectos elaborados por esta unidad.<\/p>\n<p>l) Evaluar el cumplimiento del Plan de Desarrollo Comunal en su aspecto financiero-presupuestario.<\/p>\n<p>m) Estudiar y proponer las medidas que se requieren adoptar para impulsar el desarrollo social, tendiente al bienestar general de la poblaci\u00f3n comunal, sin perjuicio de las materias relacionadas con salud, educaci\u00f3n y otras, que corresponda a la respectiva unidad.<\/p>\n<p>n) Tomar conocimiento de todas las acciones y proyectos que preparen o est\u00e9n aplicando en la comuna, en el \u00e1rea social. Los Servicios del Estado y el sector privado, a fin de coordinar las acciones sociales en la Comuna.<\/p>\n<p>o) Elaborar proyectos municipales para postular a la asignaci\u00f3n de recursos del fondo social, FNDR y otros.<\/p>\n<p>p) Preparar la cuenta p\u00fablica que, de acuerdo con el art\u00edculo 67, de la Ley N\u00ba 18.695, debe dar el se\u00f1or Alcalde al Honorable Concejo Municipal, para lo cual las Direcciones Municipales deber\u00e1n proporcionar toda la informaci\u00f3n que requiera.<\/p>\n<p>q) Mantener actualizada la informaci\u00f3n sobre las concesiones y comodatos que la Municipalidad haya otorgado.<\/p>\n<p>r) Establecer mecanismos para captar las necesidades de la Comuna, los que sirven de base para la elaboraci\u00f3n y priorizaci\u00f3n de los proyectos, planes y programas.<\/p>\n<p><strong><b>Funciones de Gesti\u00f3n del agua<\/b><\/strong><\/p>\n<p>a) Coordinar todas las acciones asociadas a la elaboraci\u00f3n de proyectos de Agua Potable rural y abastos en la comuna.<\/p>\n<p>b) Gestionar el Perfil y Dise\u00f1o de la Planta de Tratamiento de Aguas Servidas.<\/p>\n<p>c) Elaborar cartograf\u00edas, catastros, an\u00e1lisis estad\u00edsticos, espacial.<\/p>\n<p>d) Gestionar Derechos de Agua.<\/p>\n<p>e) Formulaci\u00f3n de Proyectos atingentes al \u00e1rea.<\/p>\n<p>f) Participaci\u00f3n en capacitaciones y reuniones en nivel local comunal y regional. h) Asesor\u00edas al Alcalde, Encargados de Unidades en materias relativas al cargo.<\/p>\n<p>i) Mantener informaci\u00f3n geogr\u00e1fica de la comuna.<\/p>\n<p>j) Participaci\u00f3n en reuniones de coordinaci\u00f3n con la Unidad de Proyectos y otras Unidades del municipio.<\/p>\n<p>8<\/p>\n<p>k) Asesor\u00edas y capacitaciones a organizaciones de la comuna y colaboraci\u00f3n con Unidades del municipio en temas de la profesi\u00f3n.<\/p>\n<p><strong><b>Funciones de Gesti\u00f3n de Inform\u00e1tica<\/b><\/strong><\/p>\n<p>a) Velar por el funcionamiento operativo de Sistemas Computacionales.<\/p>\n<p>b) Supervisar los procesos de Soporte inform\u00e1tico del Municipio: Hardware, software, redes y seguridad.<\/p>\n<p>c) Supervisar el Dise\u00f1o, desarrollo y mantenci\u00f3n de p\u00e1gina web del Municipio.<\/p>\n<p>d) Gesti\u00f3n de desarrollo inform\u00e1tico en todas las \u00e1reas del Municipio.<\/p>\n<p>e) Organizar la informaci\u00f3n interna del Municipio en relaci\u00f3n a Bases de Datos para dise\u00f1o, formulaci\u00f3n de proyectos y sistemas de ejecuci\u00f3n y monitoreo.<\/p>\n","protected":false},"excerpt":{"rendered":"<p>La Secretar\u00eda Comunal de Planificaci\u00f3n desempe\u00f1ar\u00e1 funciones de asesor\u00eda del Alcalde y del Concejo, en materias de estudios y evaluaci\u00f3n, propias de las competencias de ambos \u00f3rganos municipales. Tiene asignadas las funciones de Gesti\u00f3n del Agua y Gesti\u00f3n de \u00a0Inform\u00e1tica. En tal car\u00e1cter le corresponder\u00e1 las siguientes funciones: a) Servir de secretar\u00eda t\u00e9cnica permanente del [&hellip;]<\/p>\n","protected":false},"author":2,"featured_media":0,"parent":0,"menu_order":0,"comment_status":"closed","ping_status":"closed","template":"","meta":{"_monsterinsights_skip_tracking":false,"_monsterinsights_sitenote_active":false,"_monsterinsights_sitenote_note":"","_monsterinsights_sitenote_category":0,"footnotes":""},"class_list":["post-1886","page","type-page","status-publish","hentry"],"_links":{"self":[{"href":"https:\/\/curarrehue.cl\/on\/wp-json\/wp\/v2\/pages\/1886","targetHints":{"allow":["GET"]}}],"collection":[{"href":"https:\/\/curarrehue.cl\/on\/wp-json\/wp\/v2\/pages"}],"about":[{"href":"https:\/\/curarrehue.cl\/on\/wp-json\/wp\/v2\/types\/page"}],"author":[{"embeddable":true,"href":"https:\/\/curarrehue.cl\/on\/wp-json\/wp\/v2\/users\/2"}],"replies":[{"embeddable":true,"href":"https:\/\/curarrehue.cl\/on\/wp-json\/wp\/v2\/comments?post=1886"}],"version-history":[{"count":2,"href":"https:\/\/curarrehue.cl\/on\/wp-json\/wp\/v2\/pages\/1886\/revisions"}],"predecessor-version":[{"id":4380,"href":"https:\/\/curarrehue.cl\/on\/wp-json\/wp\/v2\/pages\/1886\/revisions\/4380"}],"wp:attachment":[{"href":"https:\/\/curarrehue.cl\/on\/wp-json\/wp\/v2\/media?parent=1886"}],"curies":[{"name":"wp","href":"https:\/\/api.w.org\/{rel}","templated":true}]}}