{"id":1889,"date":"2018-07-24T04:14:10","date_gmt":"2018-07-24T04:14:10","guid":{"rendered":"http:\/\/curarrehue.cl\/on\/?page_id=1889"},"modified":"2023-02-20T13:22:29","modified_gmt":"2023-02-20T13:22:29","slug":"dom","status":"publish","type":"page","link":"https:\/\/curarrehue.cl\/on\/dom\/","title":{"rendered":"DOM"},"content":{"rendered":"\t\t<div data-elementor-type=\"wp-page\" data-elementor-id=\"1889\" class=\"elementor elementor-1889 elementor-bc-flex-widget\">\n\t\t\t\t\t\t<section class=\"elementor-section elementor-top-section elementor-element elementor-element-38cd0bb elementor-section-boxed elementor-section-height-default elementor-section-height-default\" data-id=\"38cd0bb\" data-element_type=\"section\">\n\t\t\t\t\t\t<div class=\"elementor-container elementor-column-gap-default\">\n\t\t\t\t\t<div class=\"elementor-column elementor-col-100 elementor-top-column elementor-element elementor-element-758eba6d\" data-id=\"758eba6d\" data-element_type=\"column\">\n\t\t\t<div class=\"elementor-widget-wrap elementor-element-populated\">\n\t\t\t\t\t\t<div class=\"elementor-element elementor-element-90f6078 elementor-alert-success elementor-widget elementor-widget-alert\" data-id=\"90f6078\" data-element_type=\"widget\" data-widget_type=\"alert.default\">\n\t\t\t\t<div class=\"elementor-widget-container\">\n\t\t\t\t\t\t\t<div class=\"elementor-alert\" role=\"alert\">\n\n\t\t\t\t\t\t<span class=\"elementor-alert-title\">GU\u00cdA DE TR\u00c1MITES<\/span>\n\t\t\t\n\t\t\t\t\t\t<span class=\"elementor-alert-description\"><a href=\"https:\/\/curarrehue.cl\/on\/wp-content\/uploads\/2022\/12\/GU%C3%8DA-DE-TR%C3%81MITE-DIRECCI%C3%93N-DE-OBRAS-MUNICIPALES.pdf\"> \u21e9 DESCARGA AQU\u00cd LA GU\u00cdA DE TR\u00c1MITES DEL DEPARTAMENTO DE OBRAS MUNICIPALES.<\/a><\/span>\n\t\t\t\n\t\t\t\n\t\t<\/div>\n\t\t\t\t\t\t<\/div>\n\t\t\t\t<\/div>\n\t\t\t\t<div class=\"elementor-element elementor-element-d96ea0f elementor-widget elementor-widget-text-editor\" data-id=\"d96ea0f\" data-element_type=\"widget\" data-widget_type=\"text-editor.default\">\n\t\t\t\t<div class=\"elementor-widget-container\">\n\t\t\t\t\t\t\t\t\t<p><strong>La Direcci\u00f3n de Obras Municipales Tiene objetivo velar por cumplimiento de las disposiciones de la Ley General de Urbanismo y Construcciones, \u00a0de las Ordenanzas correspondientes, para cuyo efecto gozar\u00e1 de las siguientes atribuciones espec\u00edficas:<\/strong><\/p><p>a) Dar aprobaci\u00f3n a loteos y subdivisiones de predios urbanos y urbano-rurales.<\/p><p>b) Dar aprobaci\u00f3n a los proyectos de obras de urbanizaci\u00f3n y de construcci\u00f3n, en general, que se efect\u00faen en las \u00e1reas urbanas y urbano-rurales. Ellas incluyen tanto las obras nuevas como las ampliaciones, transformaciones y otras que determinen las leyes y reglamentos.<\/p><p>c) Otorgar los permisos de edificaci\u00f3n de las obras se\u00f1aladas en el n\u00famero anterior.<\/p><p>d) Fiscalizar la ejecuci\u00f3n de dichas obras hasta el momento de su recepci\u00f3n.<\/p><p>e) Recibirse de las obras ya citadas y autorizar su uso.<\/p><p>f) Fiscalizar las obras en uso, a fin de verificar el cumplimiento de las disposiciones legales y t\u00e9cnicas que la rijan.<\/p><p>g) Aplicar normas ambientales relacionadas con obras de construcci\u00f3n y urbanizaci\u00f3n.<\/p><p>h) Confeccionar y mantener actualizado el catastro de las obras de urbanizaci\u00f3n y edificaciones realizadas en la Comuna.<\/p><p>i) En general, aplicar las normas legales sobre construcci\u00f3n y urbanizaci\u00f3n en la Comuna.<\/p><p>j) Apoyar la gesti\u00f3n de las Direcciones Municipales en materia de licitaciones,<\/p><p>k) Colaborar con otras unidades en la elaboraci\u00f3n, ejecuci\u00f3n y control de programas sociales relacionados con las materias de su competencia.<\/p><p>l) Cualquier otra funci\u00f3n que la Ley determine o el Alcalde le asigne.<\/p><p><\/p><\/div><\/div><\/div><\/div><\/div><\/section><\/div> <a href=\"https:\/\/curarrehue.cl\/on\/dom\/#more-1889\" class=\"more-link elementor-more-link\"><span aria-label=\"Sigue leyendo DOM\">(m\u00e1s&hellip;)<\/span><\/a>","protected":false},"excerpt":{"rendered":"<p>GU\u00cdA DE TR\u00c1MITES \u21e9 DESCARGA AQU\u00cd LA GU\u00cdA DE TR\u00c1MITES DEL DEPARTAMENTO DE OBRAS MUNICIPALES. La Direcci\u00f3n de Obras Municipales Tiene objetivo velar por cumplimiento de las disposiciones de la Ley General de Urbanismo y Construcciones, \u00a0de las Ordenanzas correspondientes, para cuyo efecto gozar\u00e1 de las siguientes atribuciones espec\u00edficas: a) Dar aprobaci\u00f3n a loteos y [&hellip;]<\/p>\n","protected":false},"author":2,"featured_media":0,"parent":0,"menu_order":0,"comment_status":"closed","ping_status":"closed","template":"","meta":{"_monsterinsights_skip_tracking":false,"_monsterinsights_sitenote_active":false,"_monsterinsights_sitenote_note":"","_monsterinsights_sitenote_category":0,"footnotes":""},"class_list":["post-1889","page","type-page","status-publish","hentry"],"_links":{"self":[{"href":"https:\/\/curarrehue.cl\/on\/wp-json\/wp\/v2\/pages\/1889","targetHints":{"allow":["GET"]}}],"collection":[{"href":"https:\/\/curarrehue.cl\/on\/wp-json\/wp\/v2\/pages"}],"about":[{"href":"https:\/\/curarrehue.cl\/on\/wp-json\/wp\/v2\/types\/page"}],"author":[{"embeddable":true,"href":"https:\/\/curarrehue.cl\/on\/wp-json\/wp\/v2\/users\/2"}],"replies":[{"embeddable":true,"href":"https:\/\/curarrehue.cl\/on\/wp-json\/wp\/v2\/comments?post=1889"}],"version-history":[{"count":6,"href":"https:\/\/curarrehue.cl\/on\/wp-json\/wp\/v2\/pages\/1889\/revisions"}],"predecessor-version":[{"id":6001,"href":"https:\/\/curarrehue.cl\/on\/wp-json\/wp\/v2\/pages\/1889\/revisions\/6001"}],"wp:attachment":[{"href":"https:\/\/curarrehue.cl\/on\/wp-json\/wp\/v2\/media?parent=1889"}],"curies":[{"name":"wp","href":"https:\/\/api.w.org\/{rel}","templated":true}]}}