{"id":189,"date":"2015-05-14T11:47:13","date_gmt":"2015-05-14T11:47:13","guid":{"rendered":"http:\/\/demos.volovar.net\/townpress.wp\/demo\/?page_id=189"},"modified":"2024-12-12T14:20:07","modified_gmt":"2024-12-12T14:20:07","slug":"alcalde-concejo","status":"publish","type":"page","link":"https:\/\/curarrehue.cl\/on\/alcalde-concejo\/","title":{"rendered":"Alcalde y Concejo"},"content":{"rendered":"\t\t<div data-elementor-type=\"wp-post\" data-elementor-id=\"189\" class=\"elementor elementor-189\">\n\t\t\t\t\t\t<section class=\"elementor-section elementor-top-section elementor-element elementor-element-bdbecb3 elementor-section-boxed elementor-section-height-default elementor-section-height-default\" data-id=\"bdbecb3\" data-element_type=\"section\" data-settings=\"{&quot;background_background&quot;:&quot;classic&quot;}\">\n\t\t\t\t\t\t<div class=\"elementor-container elementor-column-gap-default\">\n\t\t\t\t\t<div class=\"elementor-column elementor-col-100 elementor-top-column elementor-element elementor-element-c2774a4\" data-id=\"c2774a4\" data-element_type=\"column\">\n\t\t\t<div class=\"elementor-widget-wrap elementor-element-populated\">\n\t\t\t\t\t\t<div class=\"elementor-element elementor-element-2f62268 elementor-position-top elementor-widget elementor-widget-image-box\" data-id=\"2f62268\" data-element_type=\"widget\" data-widget_type=\"image-box.default\">\n\t\t\t\t<div class=\"elementor-widget-container\">\n\t\t\t\t\t<div class=\"elementor-image-box-wrapper\"><figure class=\"elementor-image-box-img\"><img fetchpriority=\"high\" decoding=\"async\" width=\"250\" height=\"250\" src=\"https:\/\/curarrehue.cl\/on\/wp-content\/uploads\/2024\/12\/alcalde-daniel-parra-1.jpg\" class=\"attachment-full size-full wp-image-8188\" alt=\"\" srcset=\"https:\/\/curarrehue.cl\/on\/wp-content\/uploads\/2024\/12\/alcalde-daniel-parra-1.jpg 250w, https:\/\/curarrehue.cl\/on\/wp-content\/uploads\/2024\/12\/alcalde-daniel-parra-1-150x150.jpg 150w\" sizes=\"(max-width: 250px) 100vw, 250px\" \/><\/figure><div class=\"elementor-image-box-content\"><h3 class=\"elementor-image-box-title\">DANIEL ANTONIO PARRA CALABRANO<\/h3><p class=\"elementor-image-box-description\"><b>ALCALDE DE LA COMUNA DE CURARREHUE<\/b>\n<br>\nPERIODO 2024-2028\n<br>\n<b>daniel.parra@curarrehue.cl<\/b><\/p><\/div><\/div>\t\t\t\t<\/div>\n\t\t\t\t<\/div>\n\t\t\t\t<section class=\"elementor-section elementor-inner-section elementor-element elementor-element-12d9d3e elementor-section-boxed elementor-section-height-default elementor-section-height-default\" data-id=\"12d9d3e\" data-element_type=\"section\">\n\t\t\t\t\t\t<div class=\"elementor-container elementor-column-gap-default\">\n\t\t\t\t\t<div class=\"elementor-column elementor-col-50 elementor-inner-column elementor-element elementor-element-b496877\" data-id=\"b496877\" data-element_type=\"column\">\n\t\t\t<div class=\"elementor-widget-wrap elementor-element-populated\">\n\t\t\t\t\t\t<div class=\"elementor-element elementor-element-3abe5c3 elementor-position-top elementor-widget elementor-widget-image-box\" data-id=\"3abe5c3\" data-element_type=\"widget\" data-widget_type=\"image-box.default\">\n\t\t\t\t<div class=\"elementor-widget-container\">\n\t\t\t\t\t<div class=\"elementor-image-box-wrapper\"><figure class=\"elementor-image-box-img\"><img decoding=\"async\" width=\"250\" height=\"250\" src=\"https:\/\/curarrehue.cl\/on\/wp-content\/uploads\/2024\/12\/concejal-marisol-marillanca.jpg\" class=\"attachment-full size-full wp-image-8198\" alt=\"\" srcset=\"https:\/\/curarrehue.cl\/on\/wp-content\/uploads\/2024\/12\/concejal-marisol-marillanca.jpg 250w, https:\/\/curarrehue.cl\/on\/wp-content\/uploads\/2024\/12\/concejal-marisol-marillanca-150x150.jpg 150w\" sizes=\"(max-width: 250px) 100vw, 250px\" \/><\/figure><div class=\"elementor-image-box-content\"><h3 class=\"elementor-image-box-title\">ANA MARISOL MARILLANCA SEP\u00daLVEDA<\/h3><p class=\"elementor-image-box-description\"><b>CONCEJALA COMUNA DE CURARREHUE<\/b>\n<\/p><\/div><\/div>\t\t\t\t<\/div>\n\t\t\t\t<\/div>\n\t\t\t\t\t<\/div>\n\t\t<\/div>\n\t\t\t\t<div class=\"elementor-column elementor-col-50 elementor-inner-column elementor-element elementor-element-4086f9c\" data-id=\"4086f9c\" data-element_type=\"column\">\n\t\t\t<div class=\"elementor-widget-wrap elementor-element-populated\">\n\t\t\t\t\t\t<div class=\"elementor-element elementor-element-7e1e21b elementor-position-top elementor-widget elementor-widget-image-box\" data-id=\"7e1e21b\" data-element_type=\"widget\" data-widget_type=\"image-box.default\">\n\t\t\t\t<div class=\"elementor-widget-container\">\n\t\t\t\t\t<div class=\"elementor-image-box-wrapper\"><figure class=\"elementor-image-box-img\"><img decoding=\"async\" width=\"250\" height=\"250\" src=\"https:\/\/curarrehue.cl\/on\/wp-content\/uploads\/2024\/12\/concejal-cesar-carrasco.jpg\" class=\"attachment-full size-full wp-image-8200\" alt=\"\" srcset=\"https:\/\/curarrehue.cl\/on\/wp-content\/uploads\/2024\/12\/concejal-cesar-carrasco.jpg 250w, https:\/\/curarrehue.cl\/on\/wp-content\/uploads\/2024\/12\/concejal-cesar-carrasco-150x150.jpg 150w\" sizes=\"(max-width: 250px) 100vw, 250px\" \/><\/figure><div class=\"elementor-image-box-content\"><h3 class=\"elementor-image-box-title\">\u00c1NGEL C\u00c9SAR CARRASCO JIM\u00c9NEZ<\/h3><p class=\"elementor-image-box-description\"><B>CONCEJAL COMUNA DE CURARREHUE<\/B><\/p><\/div><\/div>\t\t\t\t<\/div>\n\t\t\t\t<\/div>\n\t\t\t\t\t<\/div>\n\t\t<\/div>\n\t\t\t\t\t<\/div>\n\t\t<\/section>\n\t\t\t\t<section class=\"elementor-section elementor-inner-section elementor-element elementor-element-3f631b1 elementor-section-boxed elementor-section-height-default elementor-section-height-default\" data-id=\"3f631b1\" data-element_type=\"section\">\n\t\t\t\t\t\t<div class=\"elementor-container elementor-column-gap-default\">\n\t\t\t\t\t<div class=\"elementor-column elementor-col-50 elementor-inner-column elementor-element elementor-element-3710ec9\" data-id=\"3710ec9\" data-element_type=\"column\">\n\t\t\t<div class=\"elementor-widget-wrap elementor-element-populated\">\n\t\t\t\t\t\t<div class=\"elementor-element elementor-element-c1099b9 elementor-position-top elementor-widget elementor-widget-image-box\" data-id=\"c1099b9\" data-element_type=\"widget\" data-widget_type=\"image-box.default\">\n\t\t\t\t<div class=\"elementor-widget-container\">\n\t\t\t\t\t<div class=\"elementor-image-box-wrapper\"><figure class=\"elementor-image-box-img\"><img loading=\"lazy\" decoding=\"async\" width=\"250\" height=\"250\" src=\"https:\/\/curarrehue.cl\/on\/wp-content\/uploads\/2024\/12\/concejal-nayadeth-contreras.jpg\" class=\"attachment-full size-full wp-image-8192\" alt=\"\" srcset=\"https:\/\/curarrehue.cl\/on\/wp-content\/uploads\/2024\/12\/concejal-nayadeth-contreras.jpg 250w, https:\/\/curarrehue.cl\/on\/wp-content\/uploads\/2024\/12\/concejal-nayadeth-contreras-150x150.jpg 150w\" sizes=\"(max-width: 250px) 100vw, 250px\" \/><\/figure><div class=\"elementor-image-box-content\"><h3 class=\"elementor-image-box-title\">NAYADETH VER\u00d3NICA CONTRERAS JARAMILLO<\/h3><p class=\"elementor-image-box-description\"><b>CONCEJALA COMUNA DE CURARREHUE<\/b>\n<\/p><\/div><\/div>\t\t\t\t<\/div>\n\t\t\t\t<\/div>\n\t\t\t\t\t<\/div>\n\t\t<\/div>\n\t\t\t\t<div class=\"elementor-column elementor-col-50 elementor-inner-column elementor-element elementor-element-9fce88d\" data-id=\"9fce88d\" data-element_type=\"column\">\n\t\t\t<div class=\"elementor-widget-wrap elementor-element-populated\">\n\t\t\t\t\t\t<div class=\"elementor-element elementor-element-9891a01 elementor-position-top elementor-widget elementor-widget-image-box\" data-id=\"9891a01\" data-element_type=\"widget\" data-widget_type=\"image-box.default\">\n\t\t\t\t<div class=\"elementor-widget-container\">\n\t\t\t\t\t<div class=\"elementor-image-box-wrapper\"><figure class=\"elementor-image-box-img\"><img loading=\"lazy\" decoding=\"async\" width=\"250\" height=\"250\" src=\"https:\/\/curarrehue.cl\/on\/wp-content\/uploads\/2024\/12\/concejal-sonia-sabugal.jpg\" class=\"attachment-full size-full wp-image-8194\" alt=\"\" srcset=\"https:\/\/curarrehue.cl\/on\/wp-content\/uploads\/2024\/12\/concejal-sonia-sabugal.jpg 250w, https:\/\/curarrehue.cl\/on\/wp-content\/uploads\/2024\/12\/concejal-sonia-sabugal-150x150.jpg 150w\" sizes=\"(max-width: 250px) 100vw, 250px\" \/><\/figure><div class=\"elementor-image-box-content\"><h3 class=\"elementor-image-box-title\">SONIA MIRIAM SABUGAL SALDA\u00d1A<\/h3><p class=\"elementor-image-box-description\"><b>CONCEJALA COMUNA DE CURARREHUE<\/b><\/p><\/div><\/div>\t\t\t\t<\/div>\n\t\t\t\t<\/div>\n\t\t\t\t\t<\/div>\n\t\t<\/div>\n\t\t\t\t\t<\/div>\n\t\t<\/section>\n\t\t\t\t<section class=\"elementor-section elementor-inner-section elementor-element elementor-element-70c2177 elementor-section-height-min-height elementor-section-boxed elementor-section-height-default\" data-id=\"70c2177\" data-element_type=\"section\">\n\t\t\t\t\t\t<div class=\"elementor-container elementor-column-gap-default\">\n\t\t\t\t\t<div class=\"elementor-column elementor-col-50 elementor-inner-column elementor-element elementor-element-52c30e4\" data-id=\"52c30e4\" data-element_type=\"column\">\n\t\t\t<div class=\"elementor-widget-wrap elementor-element-populated\">\n\t\t\t\t\t\t<div class=\"elementor-element elementor-element-eb71800 elementor-position-top elementor-widget elementor-widget-image-box\" data-id=\"eb71800\" data-element_type=\"widget\" data-widget_type=\"image-box.default\">\n\t\t\t\t<div class=\"elementor-widget-container\">\n\t\t\t\t\t<div class=\"elementor-image-box-wrapper\"><figure class=\"elementor-image-box-img\"><img loading=\"lazy\" decoding=\"async\" width=\"250\" height=\"250\" src=\"https:\/\/curarrehue.cl\/on\/wp-content\/uploads\/2024\/12\/concejal-mildret-flores.jpg\" class=\"attachment-full size-full wp-image-8182\" alt=\"\" srcset=\"https:\/\/curarrehue.cl\/on\/wp-content\/uploads\/2024\/12\/concejal-mildret-flores.jpg 250w, https:\/\/curarrehue.cl\/on\/wp-content\/uploads\/2024\/12\/concejal-mildret-flores-150x150.jpg 150w\" sizes=\"(max-width: 250px) 100vw, 250px\" \/><\/figure><div class=\"elementor-image-box-content\"><h3 class=\"elementor-image-box-title\">MILDRET YUDIT FLORES RAMOS<\/h3><p class=\"elementor-image-box-description\"><B>CONCEJALA COMUNA DE CURARREHUE<\/B><\/p><\/div><\/div>\t\t\t\t<\/div>\n\t\t\t\t<\/div>\n\t\t\t\t\t<\/div>\n\t\t<\/div>\n\t\t\t\t<div class=\"elementor-column elementor-col-50 elementor-inner-column elementor-element elementor-element-aa3b8b8\" data-id=\"aa3b8b8\" data-element_type=\"column\">\n\t\t\t<div class=\"elementor-widget-wrap elementor-element-populated\">\n\t\t\t\t\t\t<div class=\"elementor-element elementor-element-a982880 elementor-position-top elementor-widget elementor-widget-image-box\" data-id=\"a982880\" data-element_type=\"widget\" data-widget_type=\"image-box.default\">\n\t\t\t\t<div class=\"elementor-widget-container\">\n\t\t\t\t\t<div class=\"elementor-image-box-wrapper\"><figure class=\"elementor-image-box-img\"><img loading=\"lazy\" decoding=\"async\" width=\"250\" height=\"250\" src=\"https:\/\/curarrehue.cl\/on\/wp-content\/uploads\/2024\/12\/concejal-jorge-calfueque.jpg\" class=\"attachment-full size-full wp-image-8178\" alt=\"\" srcset=\"https:\/\/curarrehue.cl\/on\/wp-content\/uploads\/2024\/12\/concejal-jorge-calfueque.jpg 250w, https:\/\/curarrehue.cl\/on\/wp-content\/uploads\/2024\/12\/concejal-jorge-calfueque-150x150.jpg 150w\" sizes=\"(max-width: 250px) 100vw, 250px\" \/><\/figure><div class=\"elementor-image-box-content\"><h3 class=\"elementor-image-box-title\">JORGE ANDRES CALFUEQUE MARILLANCA<\/h3><p class=\"elementor-image-box-description\"><B>CONCEJAL COMUNA DE CURARREHUE<\/B><\/p><\/div><\/div>\t\t\t\t<\/div>\n\t\t\t\t<\/div>\n\t\t\t\t\t<\/div>\n\t\t<\/div>\n\t\t\t\t\t<\/div>\n\t\t<\/section>\n\t\t\t\t\t<\/div>\n\t\t<\/div>\n\t\t\t\t\t<\/div>\n\t\t<\/section>\n\t\t\t\t<section class=\"elementor-section elementor-top-section elementor-element elementor-element-5bb9d1f elementor-section-boxed elementor-section-height-default elementor-section-height-default\" data-id=\"5bb9d1f\" data-element_type=\"section\">\n\t\t\t\t\t\t<div class=\"elementor-container elementor-column-gap-default\">\n\t\t\t\t\t<div class=\"elementor-column elementor-col-100 elementor-top-column elementor-element elementor-element-c177edb\" data-id=\"c177edb\" data-element_type=\"column\">\n\t\t\t<div class=\"elementor-widget-wrap elementor-element-populated\">\n\t\t\t\t\t\t<div class=\"elementor-element elementor-element-a5620cf elementor-widget elementor-widget-spacer\" data-id=\"a5620cf\" data-element_type=\"widget\" data-widget_type=\"spacer.default\">\n\t\t\t\t<div class=\"elementor-widget-container\">\n\t\t\t\t\t\t\t<div class=\"elementor-spacer\">\n\t\t\t<div class=\"elementor-spacer-inner\"><\/div>\n\t\t<\/div>\n\t\t\t\t\t\t<\/div>\n\t\t\t\t<\/div>\n\t\t\t\t\t<\/div>\n\t\t<\/div>\n\t\t\t\t\t<\/div>\n\t\t<\/section>\n\t\t\t\t<section class=\"elementor-section elementor-top-section elementor-element elementor-element-bff2761 elementor-section-boxed elementor-section-height-default elementor-section-height-default\" data-id=\"bff2761\" data-element_type=\"section\" data-settings=\"{&quot;background_background&quot;:&quot;classic&quot;}\">\n\t\t\t\t\t\t<div class=\"elementor-container elementor-column-gap-default\">\n\t\t\t\t\t<div class=\"elementor-column elementor-col-100 elementor-top-column elementor-element elementor-element-c3301db\" data-id=\"c3301db\" data-element_type=\"column\">\n\t\t\t<div class=\"elementor-widget-wrap elementor-element-populated\">\n\t\t\t\t\t\t<div class=\"elementor-element elementor-element-31f719b elementor-button-success elementor-align-center elementor-widget elementor-widget-button\" data-id=\"31f719b\" data-element_type=\"widget\" data-widget_type=\"button.default\">\n\t\t\t\t<div class=\"elementor-widget-container\">\n\t\t\t\t\t\t\t\t\t<div class=\"elementor-button-wrapper\">\n\t\t\t\t\t<a class=\"elementor-button elementor-button-link elementor-size-xl\" href=\"https:\/\/curarrehue.cl\/on\/actas-de-concejo-municipal\/\">\n\t\t\t\t\t\t<span class=\"elementor-button-content-wrapper\">\n\t\t\t\t\t\t<span class=\"elementor-button-icon\">\n\t\t\t\t<i aria-hidden=\"true\" class=\"far fa-list-alt\"><\/i>\t\t\t<\/span>\n\t\t\t\t\t\t\t\t\t<span class=\"elementor-button-text\">ACTAS DE CONCEJO MUNICIPAL<\/span>\n\t\t\t\t\t<\/span>\n\t\t\t\t\t<\/a>\n\t\t\t\t<\/div>\n\t\t\t\t\t\t\t\t<\/div>\n\t\t\t\t<\/div>\n\t\t\t\t\t<\/div>\n\t\t<\/div>\n\t\t\t\t\t<\/div>\n\t\t<\/section>\n\t\t\t\t<\/div>\n\t\t","protected":false},"excerpt":{"rendered":"<p>DANIEL ANTONIO PARRA CALABRANO ALCALDE DE LA COMUNA DE CURARREHUE PERIODO 2024-2028 daniel.parra@curarrehue.cl ANA MARISOL MARILLANCA SEP\u00daLVEDA CONCEJALA COMUNA DE CURARREHUE \u00c1NGEL C\u00c9SAR CARRASCO JIM\u00c9NEZ CONCEJAL COMUNA DE CURARREHUE NAYADETH VER\u00d3NICA CONTRERAS JARAMILLO CONCEJALA COMUNA DE CURARREHUE SONIA MIRIAM SABUGAL SALDA\u00d1A CONCEJALA COMUNA DE CURARREHUE MILDRET YUDIT FLORES RAMOS CONCEJALA COMUNA DE CURARREHUE JORGE ANDRES [&hellip;]<\/p>\n","protected":false},"author":1,"featured_media":0,"parent":0,"menu_order":0,"comment_status":"closed","ping_status":"closed","template":"","meta":{"_monsterinsights_skip_tracking":false,"_monsterinsights_sitenote_active":false,"_monsterinsights_sitenote_note":"","_monsterinsights_sitenote_category":0,"footnotes":""},"class_list":["post-189","page","type-page","status-publish","hentry"],"_links":{"self":[{"href":"https:\/\/curarrehue.cl\/on\/wp-json\/wp\/v2\/pages\/189","targetHints":{"allow":["GET"]}}],"collection":[{"href":"https:\/\/curarrehue.cl\/on\/wp-json\/wp\/v2\/pages"}],"about":[{"href":"https:\/\/curarrehue.cl\/on\/wp-json\/wp\/v2\/types\/page"}],"author":[{"embeddable":true,"href":"https:\/\/curarrehue.cl\/on\/wp-json\/wp\/v2\/users\/1"}],"replies":[{"embeddable":true,"href":"https:\/\/curarrehue.cl\/on\/wp-json\/wp\/v2\/comments?post=189"}],"version-history":[{"count":36,"href":"https:\/\/curarrehue.cl\/on\/wp-json\/wp\/v2\/pages\/189\/revisions"}],"predecessor-version":[{"id":8206,"href":"https:\/\/curarrehue.cl\/on\/wp-json\/wp\/v2\/pages\/189\/revisions\/8206"}],"wp:attachment":[{"href":"https:\/\/curarrehue.cl\/on\/wp-json\/wp\/v2\/media?parent=189"}],"curies":[{"name":"wp","href":"https:\/\/api.w.org\/{rel}","templated":true}]}}