{"id":2195,"date":"2018-11-26T13:31:22","date_gmt":"2018-11-26T13:31:22","guid":{"rendered":"https:\/\/curarrehue.cl\/on\/?page_id=2195"},"modified":"2025-08-14T16:27:38","modified_gmt":"2025-08-14T16:27:38","slug":"juzgado-de-policia-local-2","status":"publish","type":"page","link":"https:\/\/curarrehue.cl\/on\/juzgado-de-policia-local-2\/","title":{"rendered":"JUZGADO DE POLIC\u00cdA LOCAL DE CURARREHUE"},"content":{"rendered":"\t\t<div data-elementor-type=\"wp-post\" data-elementor-id=\"2195\" class=\"elementor elementor-2195\">\n\t\t\t\t\t\t<section class=\"elementor-section elementor-top-section elementor-element elementor-element-1579f3f elementor-section-boxed elementor-section-height-default elementor-section-height-default\" data-id=\"1579f3f\" data-element_type=\"section\">\n\t\t\t\t\t\t<div class=\"elementor-container elementor-column-gap-default\">\n\t\t\t\t\t<div class=\"elementor-column elementor-col-100 elementor-top-column elementor-element elementor-element-8abace7\" data-id=\"8abace7\" data-element_type=\"column\">\n\t\t\t<div class=\"elementor-widget-wrap elementor-element-populated\">\n\t\t\t\t\t\t<div class=\"elementor-element elementor-element-914385d elementor-widget elementor-widget-heading\" data-id=\"914385d\" data-element_type=\"widget\" data-widget_type=\"heading.default\">\n\t\t\t\t<div class=\"elementor-widget-container\">\n\t\t\t\t\t<h2 class=\"elementor-heading-title elementor-size-default\">JUZGADO DE POLIC\u00cdA LOCAL DE CURARREHUE<\/h2>\t\t\t\t<\/div>\n\t\t\t\t<\/div>\n\t\t\t\t<div class=\"elementor-element elementor-element-436aa20 elementor-widget elementor-widget-text-editor\" data-id=\"436aa20\" data-element_type=\"widget\" data-widget_type=\"text-editor.default\">\n\t\t\t\t<div class=\"elementor-widget-container\">\n\t\t\t\t\t\t\t\t\t<p style=\"text-align: center;\"><strong>Juez Titular:<\/strong> Sergio Landaeta Torres<br \/><strong>Secretario Titular:<\/strong> Rodrigo Herrera Herrera<\/p><p style=\"text-align: center;\"><strong><b>\u00a0<\/b><\/strong><strong><b>Tel\u00e9fono:\u00a045 2 593529<\/b><\/strong><\/p><p style=\"text-align: center;\"><strong><b>Correo Electr\u00f3nico: <\/b><\/strong>jpl.curarrehue@gmail.com<\/p><p style=\"text-align: center;\"><strong>Correo Electr\u00f3nico para recepci\u00f3n de escritos:<\/strong> <a href=\"mailto:escritos.jplcurarrehue@gmail.com\">escritos.jplcurarrehue@gmail.com<\/a><\/p><p style=\"text-align: center;\"><strong style=\"font-family: 'Source Sans Pro', Arial, sans-serif; font-size: 14px; font-style: normal; font-variant-ligatures: normal; font-variant-caps: normal;\">Direcci\u00f3n Env\u00edo<\/strong><strong style=\"font-style: normal; font-variant-ligatures: normal; font-variant-caps: normal; font-size: 14px; font-family: 'Source Sans Pro', Arial, sans-serif;\">\u00a0de correspondencia:\u00a0<\/strong><span style=\"font-family: 'Source Sans Pro', Arial, sans-serif; font-size: 14px; font-style: normal; font-variant-ligatures: normal; font-variant-caps: normal; font-weight: 400;\">Casilla Correos de Chile N\u00b0170, Puc\u00f3n<\/span><\/p><p style=\"text-align: center;\"><strong><b>Direcci\u00f3n:\u00a0<\/b><\/strong>Avenida Estadio N\u00b0 550<\/p>\t\t\t\t\t\t\t\t<\/div>\n\t\t\t\t<\/div>\n\t\t\t\t<div class=\"elementor-element elementor-element-ca91f33 elementor-widget elementor-widget-text-editor\" data-id=\"ca91f33\" data-element_type=\"widget\" data-widget_type=\"text-editor.default\">\n\t\t\t\t<div class=\"elementor-widget-container\">\n\t\t\t\t\t\t\t\t\t<p style=\"text-align: center;\"><b>Horario &nbsp;atenci\u00f3n p\u00fablico:<br><\/b><strong>Lunes a Viernes<\/strong><br>08:00 Hrs. a 14:00 Hrs<\/p>\n<p style=\"text-align: center;\"><b>Horario de Audiencias:<br><\/b>Martes de 11:00 Hrs. a 14:00 Hrs.<b><br><\/b>Mi\u00e9rcoles de 10:30 Hrs. a 13:30 Hrs.<br><span style=\"font-family: 'Source Sans Pro', Arial, sans-serif; font-size: 14px; font-style: normal; font-variant-ligatures: normal; font-variant-caps: normal; font-weight: 400;\">Jueves de 10:30 Hrs. a 13:30 Hrs.<\/span><\/p>\t\t\t\t\t\t\t\t<\/div>\n\t\t\t\t<\/div>\n\t\t\t\t\t<\/div>\n\t\t<\/div>\n\t\t\t\t\t<\/div>\n\t\t<\/section>\n\t\t\t\t<section class=\"elementor-section elementor-top-section elementor-element elementor-element-e8b5cf8 elementor-section-boxed elementor-section-height-default elementor-section-height-default\" data-id=\"e8b5cf8\" data-element_type=\"section\">\n\t\t\t\t\t\t<div class=\"elementor-container elementor-column-gap-default\">\n\t\t\t\t\t<div class=\"elementor-column elementor-col-100 elementor-top-column elementor-element elementor-element-01c2937\" data-id=\"01c2937\" data-element_type=\"column\">\n\t\t\t<div class=\"elementor-widget-wrap elementor-element-populated\">\n\t\t\t\t\t\t<div class=\"elementor-element elementor-element-2a7c9ff elementor-widget elementor-widget-text-editor\" data-id=\"2a7c9ff\" data-element_type=\"widget\" data-widget_type=\"text-editor.default\">\n\t\t\t\t<div class=\"elementor-widget-container\">\n\t\t\t\t\t\t\t\t\t<p><strong><b>FUNCI\u00d3N:<\/b><\/strong><\/p><p>Los Juzgado de Polic\u00eda Local son Tribunales Especiales que administran justicia dentro de su territorio y en las materias que les asigna la ley. Sus atribuciones y organizaci\u00f3n est\u00e1n normadas por la Ley 15.231, del a\u00f1o 1978, sobre Organizaci\u00f3n y Atribuciones de los Juzgados de Polic\u00eda Local.<\/p><p>Los Juzgados de Polic\u00eda Local son independientes de toda autoridad municipal en el desempe\u00f1o de sus funciones.<\/p><p>Este Tribunal est\u00e1 compuesto por un Juez y una Secretaria para el cumplimiento de las funciones que se les asigna a estos Juzgados.<\/p><p><strong><b>COMPETENCIA:<\/b><\/strong><\/p><p>Las principales competencias de los Juzgados de Polic\u00eda Local son las siguientes:<\/p><ul><li>De las infracciones de los preceptos que reglamentan el transporte por calles y caminos y el tr\u00e1nsito p\u00fablico. En esta materia existen numerosas leyes, decretos y reglamentos, tales como la Ley 18.290 y los Decretos del Ministerio de Transporte, que no se enumeran por su gran n\u00famero.<\/li><li>Regulaci\u00f3n de da\u00f1os y perjuicios ocasionados en o con motivo de accidentes de tr\u00e1nsito cualquiera que sea su monto.<\/li><li>De las infracciones a las Ordenanzas, Reglamentos y Decretos Municipales.<\/li><li>Infracciones al D.F.L. 458 del Ministerio de Vivienda, sobre Ley General de Urbanismo y Construcci\u00f3n y Construcciones (D.O. 13.04.76) y Ordenanzas.<\/li><li>Infracciones al D.L. 3063, sobre Rentas Municipales.<\/li><li>Infracciones a la Ley 19.496, sobre Protecci\u00f3n a los Derechos de los Consumidores, y Decretos reglamentarios.<\/li><li>Infracciones a la Ley 19.537, Ley de Copropiedad Inmobiliaria.<\/li><li>Infracciones a la Ley 18.700, Ley Org\u00e1nica Constitucional sobre Votaciones Populares y Escrutinios.<\/li><li>Infracci\u00f3n a Ley 19.419, sobre tabacos y cigarrillos, modificada por la Ley 20.105 y ley 20.660.<\/li><li>L. 701, modificado por el D.L. 2565 sobre Fomento Forestal.<\/li><li>S. 4363, Ley de Bosques.<\/li><li>Infracciones al D.L. 3607 de 1981, del Ministerio del Interior, modificado por la ley 18422, 19.303 y 19.329.<\/li><li>Infracciones a la Ley 20.422, sobre discriminaci\u00f3n de discapacitados.<\/li><li>Infracciones a la Ley 19.040, sobre buses contaminantes y D. 116 de Transportes de 1992.<\/li><li>Infracciones a la Ley 20.256, sobre pesca recreativa.<\/li><li>Infracciones a la Ley 13.937, sobre letreros indicativos de nombres de calles.<\/li><li>Infracciones al art\u00edculo 2 del D.S. 158 de 1990, del Ministerio de Obras P\u00fablicas y el Decreto Supremo N\u00b0200 de 1993, del mismo Ministerio sobre mantenci\u00f3n de pavimentos y pesaje de camiones, publicada en el D.I. 26.07.93.<\/li><li>Infracciones a la Ley 19.846, sobre calificaci\u00f3n cinematogr\u00e1fica.<\/li><li>Decreto con Fuerza de Ley 216 de 15.05.31, sobre registro de empadronamiento vecinal.<\/li><li>Ley 19.925, de Alcoholes.<\/li><\/ul><ul><li>Infracciones a los art\u00edculos 5. 6, 10, 12 de la Ley 5.172, sobre espect\u00e1culos p\u00fablicos, diversiones y carreras.<\/li><li>Infracciones a la Ley 4.061, sobre Caza, modificada por el D.L. 2.319, del a\u00f1o 1978.<\/li><li>S. 212 de 1992, del Ministerio de Transporte sobre Servicio Nacional de Transporte P\u00fablico de Pasajeros.<\/li><li>Infracciones al D.L. 2.974, que establece normas sobre cr\u00e9ditos que otorguen a peque\u00f1os empresarios agr\u00edcolas y relativos a prenda agraria.<\/li><li>Infracciones al D.F.L. 850, que fija texto refundido, coordinado y sistematizado sobre caminos p\u00fablicos, del Ministerio de Obras P\u00fablicas e informaci\u00f3n a normas de pesajes modificado por la Ley 19.171.<\/li><li>Infracciones a la Ley 18.348, que crea la Corporaci\u00f3n Nacional Forestal y la Protecci\u00f3n de Recursos Naturales Renovables.<\/li><li>Infracci\u00f3n a la Ley 19.779 que da competencia a los J.P.L. para conocer conductas de discriminaci\u00f3n de los enfermos de SIDA.<\/li><li>Infracci\u00f3n a la Ley 19.552, sobre Cobrador Autom\u00e1tico de Buses.<\/li><li>F.L. 216, sobre Salvoconductos en mudanzas, modificada por la Ley 19.866.<\/li><li>Entre otras.<\/li><\/ul>\t\t\t\t\t\t\t\t<\/div>\n\t\t\t\t<\/div>\n\t\t\t\t\t<\/div>\n\t\t<\/div>\n\t\t\t\t\t<\/div>\n\t\t<\/section>\n\t\t\t\t<\/div>\n\t\t","protected":false},"excerpt":{"rendered":"<p>JUZGADO DE POLIC\u00cdA LOCAL DE CURARREHUE Juez Titular: Sergio Landaeta TorresSecretario Titular: Rodrigo Herrera Herrera \u00a0Tel\u00e9fono:\u00a045 2 593529 Correo Electr\u00f3nico: jpl.curarrehue@gmail.com Correo Electr\u00f3nico para recepci\u00f3n de escritos: escritos.jplcurarrehue@gmail.com Direcci\u00f3n Env\u00edo\u00a0de correspondencia:\u00a0Casilla Correos de Chile N\u00b0170, Puc\u00f3n Direcci\u00f3n:\u00a0Avenida Estadio N\u00b0 550 Horario &nbsp;atenci\u00f3n p\u00fablico:Lunes a Viernes08:00 Hrs. a 14:00 Hrs Horario de Audiencias:Martes de 11:00 Hrs. [&hellip;]<\/p>\n","protected":false},"author":2,"featured_media":0,"parent":0,"menu_order":0,"comment_status":"closed","ping_status":"closed","template":"","meta":{"_monsterinsights_skip_tracking":false,"_monsterinsights_sitenote_active":false,"_monsterinsights_sitenote_note":"","_monsterinsights_sitenote_category":0,"footnotes":""},"class_list":["post-2195","page","type-page","status-publish","hentry"],"_links":{"self":[{"href":"https:\/\/curarrehue.cl\/on\/wp-json\/wp\/v2\/pages\/2195","targetHints":{"allow":["GET"]}}],"collection":[{"href":"https:\/\/curarrehue.cl\/on\/wp-json\/wp\/v2\/pages"}],"about":[{"href":"https:\/\/curarrehue.cl\/on\/wp-json\/wp\/v2\/types\/page"}],"author":[{"embeddable":true,"href":"https:\/\/curarrehue.cl\/on\/wp-json\/wp\/v2\/users\/2"}],"replies":[{"embeddable":true,"href":"https:\/\/curarrehue.cl\/on\/wp-json\/wp\/v2\/comments?post=2195"}],"version-history":[{"count":36,"href":"https:\/\/curarrehue.cl\/on\/wp-json\/wp\/v2\/pages\/2195\/revisions"}],"predecessor-version":[{"id":8830,"href":"https:\/\/curarrehue.cl\/on\/wp-json\/wp\/v2\/pages\/2195\/revisions\/8830"}],"wp:attachment":[{"href":"https:\/\/curarrehue.cl\/on\/wp-json\/wp\/v2\/media?parent=2195"}],"curies":[{"name":"wp","href":"https:\/\/api.w.org\/{rel}","templated":true}]}}