{"id":2211,"date":"2018-11-26T14:15:58","date_gmt":"2018-11-26T14:15:58","guid":{"rendered":"https:\/\/curarrehue.cl\/on\/?page_id=2211"},"modified":"2025-09-10T19:20:04","modified_gmt":"2025-09-10T19:20:04","slug":"ordenanzas","status":"publish","type":"page","link":"https:\/\/curarrehue.cl\/on\/ordenanzas\/","title":{"rendered":"Ordenanzas"},"content":{"rendered":"\t\t<div data-elementor-type=\"wp-page\" data-elementor-id=\"2211\" class=\"elementor elementor-2211\">\n\t\t\t\t\t\t<section class=\"elementor-section elementor-top-section elementor-element elementor-element-72492ca3 elementor-section-boxed elementor-section-height-default elementor-section-height-default\" data-id=\"72492ca3\" data-element_type=\"section\">\n\t\t\t\t\t\t<div class=\"elementor-container elementor-column-gap-default\">\n\t\t\t\t\t<div class=\"elementor-column elementor-col-100 elementor-top-column elementor-element elementor-element-ac3068\" data-id=\"ac3068\" data-element_type=\"column\">\n\t\t\t<div class=\"elementor-widget-wrap elementor-element-populated\">\n\t\t\t\t\t\t<div class=\"elementor-element elementor-element-1377bc1e elementor-widget elementor-widget-heading\" data-id=\"1377bc1e\" data-element_type=\"widget\" data-widget_type=\"heading.default\">\n\t\t\t\t<div class=\"elementor-widget-container\">\n\t\t\t\t\t<h2 class=\"elementor-heading-title elementor-size-default\">Ordenanzas<\/h2>\t\t\t\t<\/div>\n\t\t\t\t<\/div>\n\t\t\t\t<div class=\"elementor-element elementor-element-1b1ee6e5 elementor-grid-1 elementor-posts--align-left elementor-grid-tablet-2 elementor-grid-mobile-1 elementor-posts--thumbnail-top elementor-widget elementor-widget-posts\" data-id=\"1b1ee6e5\" data-element_type=\"widget\" data-settings=\"{&quot;classic_columns&quot;:&quot;1&quot;,&quot;classic_row_gap&quot;:{&quot;unit&quot;:&quot;px&quot;,&quot;size&quot;:3,&quot;sizes&quot;:[]},&quot;classic_columns_tablet&quot;:&quot;2&quot;,&quot;classic_columns_mobile&quot;:&quot;1&quot;,&quot;classic_row_gap_tablet&quot;:{&quot;unit&quot;:&quot;px&quot;,&quot;size&quot;:&quot;&quot;,&quot;sizes&quot;:[]},&quot;classic_row_gap_mobile&quot;:{&quot;unit&quot;:&quot;px&quot;,&quot;size&quot;:&quot;&quot;,&quot;sizes&quot;:[]}}\" data-widget_type=\"posts.classic\">\n\t\t\t\t<div class=\"elementor-widget-container\">\n\t\t\t\t\t\t\t<div class=\"elementor-posts-container elementor-posts elementor-posts--skin-classic elementor-grid\">\n\t\t\t\t<article class=\"elementor-post elementor-grid-item post-9053 lsvrdocument type-lsvrdocument status-publish hentry lsvrdocumentcat-ordenanzas\">\n\t\t\t\t<div class=\"elementor-post__text\">\n\t\t\t\t<p class=\"elementor-post__title\">\n\t\t\t<a href=\"https:\/\/curarrehue.cl\/on\/documents\/decreto-exento-n-1474-03-11-2025-aprueba-ordenanza-de-subvenciones-municipales\/\" >\n\t\t\t\tDecreto Exento N\u00b0 1474 &#8211; 03-11-2025 &#8211; Aprueba Ordenanza de Subvenciones Municipales\t\t\t<\/a>\n\t\t<\/p>\n\t\t\t\t<\/div>\n\t\t\t\t<\/article>\n\t\t\t\t<article class=\"elementor-post elementor-grid-item post-8967 lsvrdocument type-lsvrdocument status-publish hentry lsvrdocumentcat-ordenanzas\">\n\t\t\t\t<div class=\"elementor-post__text\">\n\t\t\t\t<p class=\"elementor-post__title\">\n\t\t\t<a href=\"https:\/\/curarrehue.cl\/on\/documents\/decreto-exento-n-1475-03-11-2025-aprueba-modificacion-ordenanza-general-sobre-derechos-municipales-por-servicios-concesiones-y-permisos\/\" >\n\t\t\t\tDecreto Exento N\u00b0 1475 &#8211; 03-11-2025 &#8211; Aprueba modificaci\u00f3n Ordenanza General sobre derechos municipales por servicios, concesiones y permisos\t\t\t<\/a>\n\t\t<\/p>\n\t\t\t\t<\/div>\n\t\t\t\t<\/article>\n\t\t\t\t<article class=\"elementor-post elementor-grid-item post-8972 lsvrdocument type-lsvrdocument status-publish hentry lsvrdocumentcat-ordenanzas\">\n\t\t\t\t<div class=\"elementor-post__text\">\n\t\t\t\t<p class=\"elementor-post__title\">\n\t\t\t<a href=\"https:\/\/curarrehue.cl\/on\/documents\/decreto-exento-n-1467-29-10-2025-ordenanza-de-regulacion-de-eventos-ferias-costumbristas-y-uso-de-espacios\/\" >\n\t\t\t\tDecreto Exento N\u00b0 1467 &#8211; 29-10-2025 &#8211; Ordenanza de Regulaci\u00f3n de Eventos, Ferias Costumbristas y Uso de Espacios\t\t\t<\/a>\n\t\t<\/p>\n\t\t\t\t<\/div>\n\t\t\t\t<\/article>\n\t\t\t\t<article class=\"elementor-post elementor-grid-item post-8970 lsvrdocument type-lsvrdocument status-publish hentry lsvrdocumentcat-ordenanzas\">\n\t\t\t\t<div class=\"elementor-post__text\">\n\t\t\t\t<p class=\"elementor-post__title\">\n\t\t\t<a href=\"https:\/\/curarrehue.cl\/on\/documents\/decreto-exento-n-1466-29-10-2025-ordenanza-de-patente-comercial-industrial-profesional-y-alcoholes\/\" >\n\t\t\t\tDecreto Exento N\u00b0 1466 &#8211; 29-10-2025- Ordenanza de Patente Comercial, Industrial, Profesional y Alcoholes\t\t\t<\/a>\n\t\t<\/p>\n\t\t\t\t<\/div>\n\t\t\t\t<\/article>\n\t\t\t\t<article class=\"elementor-post elementor-grid-item post-8545 lsvrdocument type-lsvrdocument status-publish hentry lsvrdocumentcat-ordenanzas\">\n\t\t\t\t<div class=\"elementor-post__text\">\n\t\t\t\t<p class=\"elementor-post__title\">\n\t\t\t<a href=\"https:\/\/curarrehue.cl\/on\/documents\/decreto-exento-n-2102-19-11-2024-aprueba-modificaciones-a-la-ordenanza-de-turismo-curarrehue\/\" >\n\t\t\t\tDecreto Exento N\u00b0 2102 &#8211; 19-11-2024 &#8211; Aprueba modificaciones a la Ordenanza de Turismo Curarrehue\t\t\t<\/a>\n\t\t<\/p>\n\t\t\t\t<\/div>\n\t\t\t\t<\/article>\n\t\t\t\t<article class=\"elementor-post elementor-grid-item post-7979 lsvrdocument type-lsvrdocument status-publish hentry lsvrdocumentcat-ordenanzas\">\n\t\t\t\t<div class=\"elementor-post__text\">\n\t\t\t\t<p class=\"elementor-post__title\">\n\t\t\t<a href=\"https:\/\/curarrehue.cl\/on\/documents\/decreto-exento-n-1947-23-10-2024-aprueba-modificacion-de-la-ordenanza-general-sobre-derechos-municipales-por-servicios-en-concesiones-y-permisos-municipales\/\" >\n\t\t\t\tDecreto Exento N\u00b0 1947 &#8211; 23-10-2024 &#8211; Aprueba modificaci\u00f3n de la Ordenanza General sobre derechos municipales, por servicios en concesiones y permisos municipales.\t\t\t<\/a>\n\t\t<\/p>\n\t\t\t\t<\/div>\n\t\t\t\t<\/article>\n\t\t\t\t<article class=\"elementor-post elementor-grid-item post-7962 lsvrdocument type-lsvrdocument status-publish hentry lsvrdocumentcat-ordenanzas\">\n\t\t\t\t<div class=\"elementor-post__text\">\n\t\t\t\t<p class=\"elementor-post__title\">\n\t\t\t<a href=\"https:\/\/curarrehue.cl\/on\/documents\/decreto-exento-n-1945-22-10-2024-ordenanza-sobre-condiciones-generales-para-la-fijacion-de-la-tarifa-de-aseo-por-el-servicio-de-extraccion-de-residuos-solidos-domiciliarios-de-la-comuna-de-c\/\" >\n\t\t\t\tDecreto Exento N\u00b0 1945 &#8211; 22-10-2024 &#8211; Ordenanza sobre condiciones generales para la fijaci\u00f3n de la tarifa de aseo por el servicio de extracci\u00f3n de residuos s\u00f3lidos domiciliarios de la comuna de Curarrehue &#8211; Actualizaci\u00f3n 2024\t\t\t<\/a>\n\t\t<\/p>\n\t\t\t\t<\/div>\n\t\t\t\t<\/article>\n\t\t\t\t<article class=\"elementor-post elementor-grid-item post-7101 lsvrdocument type-lsvrdocument status-publish hentry lsvrdocumentcat-ordenanzas\">\n\t\t\t\t<div class=\"elementor-post__text\">\n\t\t\t\t<p class=\"elementor-post__title\">\n\t\t\t<a href=\"https:\/\/curarrehue.cl\/on\/documents\/decreto-exento-n-1799-16-11-2023-aprueba-modificaciones-ordenanza-de-turismo-de-la-comuna-de-curarrehue\/\" >\n\t\t\t\tDecreto Exento N\u00b0 1799 &#8211; 16-11-2023 &#8211; Aprueba modificaciones Ordenanza de Turismo de la comuna de Curarrehue\t\t\t<\/a>\n\t\t<\/p>\n\t\t\t\t<\/div>\n\t\t\t\t<\/article>\n\t\t\t\t<article class=\"elementor-post elementor-grid-item post-7013 lsvrdocument type-lsvrdocument status-publish hentry lsvrdocumentcat-ordenanzas\">\n\t\t\t\t<div class=\"elementor-post__text\">\n\t\t\t\t<p class=\"elementor-post__title\">\n\t\t\t<a href=\"https:\/\/curarrehue.cl\/on\/documents\/decreto-exento-n-1644-19-10-2023-aprueba-modificacion-de-la-ordenanza-general-sobre-derechos-municipales-por-servicios-en-concesiones-y-permisos-municipales\/\" >\n\t\t\t\tDecreto Exento N\u00b0 1644 &#8211; 19-10-2023 &#8211; Aprueba modificaci\u00f3n de la ordenanza general sobre derechos municipales por servicios, en concesiones y permisos municipales\t\t\t<\/a>\n\t\t<\/p>\n\t\t\t\t<\/div>\n\t\t\t\t<\/article>\n\t\t\t\t<article class=\"elementor-post elementor-grid-item post-6923 lsvrdocument type-lsvrdocument status-publish hentry lsvrdocumentcat-ordenanzas\">\n\t\t\t\t<div class=\"elementor-post__text\">\n\t\t\t\t<p class=\"elementor-post__title\">\n\t\t\t<a href=\"https:\/\/curarrehue.cl\/on\/documents\/decreto-exento-n-1578-06-10-2023-aprueba-incorporacion-articulo-segundo-transitorio-y-texto-modificado-ordenanza-sobre-condiciones-generales-para-la-fijacion-de-la-tarifa-de-aseo-por-el-ser\/\" >\n\t\t\t\tDecreto Exento N\u00b0 1578 &#8211; 06-10-2023 &#8211; Aprueba incorporaci\u00f3n art\u00edculo segundo transitorio y texto modificado, Ordenanza sobre condiciones generales para la fijaci\u00f3n de la tarifa de aseo por el servicio de extracci\u00f3n de RSD\t\t\t<\/a>\n\t\t<\/p>\n\t\t\t\t<\/div>\n\t\t\t\t<\/article>\n\t\t\t\t<article class=\"elementor-post elementor-grid-item post-6308 lsvrdocument type-lsvrdocument status-publish hentry lsvrdocumentcat-ordenanzas\">\n\t\t\t\t<div class=\"elementor-post__text\">\n\t\t\t\t<p class=\"elementor-post__title\">\n\t\t\t<a href=\"https:\/\/curarrehue.cl\/on\/documents\/decreto-exento-n-1130-19-07-2023-ordenanza-sobre-condiciones-generales-para-la-fijacion-de-la-tarifa-de-aseo-por-el-servicio-de-extraccion-de-residuos-solidos-domiciliarios-de-la-comuna-de-c\/\" >\n\t\t\t\tDecreto Exento N\u00b0 1130 &#8211; 19-07-2023 &#8211; Ordenanza sobre condiciones generales para la fijaci\u00f3n de la tarifa de aseo por el servicio de extracci\u00f3n de residuos s\u00f3lidos domiciliarios\t\t\t<\/a>\n\t\t<\/p>\n\t\t\t\t<\/div>\n\t\t\t\t<\/article>\n\t\t\t\t<article class=\"elementor-post elementor-grid-item post-6183 lsvrdocument type-lsvrdocument status-publish hentry lsvrdocumentcat-ordenanzas\">\n\t\t\t\t<div class=\"elementor-post__text\">\n\t\t\t\t<p class=\"elementor-post__title\">\n\t\t\t<a href=\"https:\/\/curarrehue.cl\/on\/documents\/decreto-exento-n-1486-ordenanza-sobre-otorgamiento-y-renovacion-de-patentes-de-alcoholes-de-la-municipalidad-de-curarrehue-2\/\" >\n\t\t\t\tDecreto Exento N\u00b0 1486 &#8211; 31-12-2020 &#8211; Ordenanza otorgamiento renovacion Patentes Alcoholes\t\t\t<\/a>\n\t\t<\/p>\n\t\t\t\t<\/div>\n\t\t\t\t<\/article>\n\t\t\t\t<article class=\"elementor-post elementor-grid-item post-5836 lsvrdocument type-lsvrdocument status-publish hentry lsvrdocumentcat-ordenanzas\">\n\t\t\t\t<div class=\"elementor-post__text\">\n\t\t\t\t<p class=\"elementor-post__title\">\n\t\t\t<a href=\"https:\/\/curarrehue.cl\/on\/documents\/decreto-exento-n-1883-nueva-ordenanza-de-turismo\/\" >\n\t\t\t\tDecreto Exento N\u00b0 1883 &#8211; 07-11-2022 &#8211; Nueva Ordenanza de Turismo\t\t\t<\/a>\n\t\t<\/p>\n\t\t\t\t<\/div>\n\t\t\t\t<\/article>\n\t\t\t\t<article class=\"elementor-post elementor-grid-item post-369 lsvrdocument type-lsvrdocument status-publish hentry lsvrdocumentcat-ordenanzas\">\n\t\t\t\t<div class=\"elementor-post__text\">\n\t\t\t\t<p class=\"elementor-post__title\">\n\t\t\t<a href=\"https:\/\/curarrehue.cl\/on\/documents\/ordenanza-participacion-cuidadana\/\" >\n\t\t\t\tDecreto Exento N\u00b0 1819 &#8211; 24-10-2022 &#8211; Ordenanza Municipal de Participaci\u00f3n Cuidadana (Act. 2022)\t\t\t<\/a>\n\t\t<\/p>\n\t\t\t\t<\/div>\n\t\t\t\t<\/article>\n\t\t\t\t<article class=\"elementor-post elementor-grid-item post-5448 lsvrdocument type-lsvrdocument status-publish hentry lsvrdocumentcat-ordenanzas\">\n\t\t\t\t<div class=\"elementor-post__text\">\n\t\t\t\t<p class=\"elementor-post__title\">\n\t\t\t<a href=\"https:\/\/curarrehue.cl\/on\/documents\/ordenanza-derechos-municipales-por-servicios-concesiones-y-permisos-actualizada-enero-2022\/\" >\n\t\t\t\tDecreto Exento N\u00b0 1863 &#8211; 02-11-2022 &#8211; Ordenanza local municipal vigente (Derechos Municipales por servicios, concesiones y permisos)\t\t\t<\/a>\n\t\t<\/p>\n\t\t\t\t<\/div>\n\t\t\t\t<\/article>\n\t\t\t\t<article class=\"elementor-post elementor-grid-item post-3914 lsvrdocument type-lsvrdocument status-publish hentry lsvrdocumentcat-ordenanzas\">\n\t\t\t\t<div class=\"elementor-post__text\">\n\t\t\t\t<p class=\"elementor-post__title\">\n\t\t\t<a href=\"https:\/\/curarrehue.cl\/on\/documents\/ordenanza-cobro-derechos-municipales-pdf\/\" >\n\t\t\t\tOrdenanza cobro derechos municipales.pdf\t\t\t<\/a>\n\t\t<\/p>\n\t\t\t\t<\/div>\n\t\t\t\t<\/article>\n\t\t\t\t<article class=\"elementor-post elementor-grid-item post-3714 lsvrdocument type-lsvrdocument status-publish hentry lsvrdocumentcat-ordenanzas\">\n\t\t\t\t<div class=\"elementor-post__text\">\n\t\t\t\t<p class=\"elementor-post__title\">\n\t\t\t<a href=\"https:\/\/curarrehue.cl\/on\/documents\/modificacion-ordenanza-apicola\/\" >\n\t\t\t\tDecreto Exento 2042 &#8211; 04-11-2019 &#8211; Modificaci\u00f3n Ordenanza de protecci\u00f3n ambiental Zoosanitaria de la actividad Ap\u00edcola en la comuna de Curarrehue\t\t\t<\/a>\n\t\t<\/p>\n\t\t\t\t<\/div>\n\t\t\t\t<\/article>\n\t\t\t\t<article class=\"elementor-post elementor-grid-item post-3704 lsvrdocument type-lsvrdocument status-publish hentry lsvrdocumentcat-ordenanzas\">\n\t\t\t\t<div class=\"elementor-post__text\">\n\t\t\t\t<p class=\"elementor-post__title\">\n\t\t\t<a href=\"https:\/\/curarrehue.cl\/on\/documents\/modificacion-ordenanza-medio-ambiental\/\" >\n\t\t\t\tDecreto Exento 2041 &#8211; 04-11-2019 &#8211; Modificaci\u00f3n Ordenanza Medio Ambiental\t\t\t<\/a>\n\t\t<\/p>\n\t\t\t\t<\/div>\n\t\t\t\t<\/article>\n\t\t\t\t<article class=\"elementor-post elementor-grid-item post-3105 lsvrdocument type-lsvrdocument status-publish hentry lsvrdocumentcat-ordenanzas\">\n\t\t\t\t<div class=\"elementor-post__text\">\n\t\t\t\t<p class=\"elementor-post__title\">\n\t\t\t<a href=\"https:\/\/curarrehue.cl\/on\/documents\/ordenanza_tenencia-responsable-mascotas\/\" >\n\t\t\t\tDecreto Exento 1987 &#8211; 23-10-2019 &#8211; Ordenanza Municipal sobre tenencia responsable de mascotas o animales de compa\u00f1\u00eda\t\t\t<\/a>\n\t\t<\/p>\n\t\t\t\t<\/div>\n\t\t\t\t<\/article>\n\t\t\t\t<article class=\"elementor-post elementor-grid-item post-2146 lsvrdocument type-lsvrdocument status-publish hentry lsvrdocumentcat-ordenanzas\">\n\t\t\t\t<div class=\"elementor-post__text\">\n\t\t\t\t<p class=\"elementor-post__title\">\n\t\t\t<a href=\"https:\/\/curarrehue.cl\/on\/documents\/decreto-exento-1554\/\" >\n\t\t\t\tDecreto exento 1554 &#8211; 30\/10\/2018 &#8211; Modifica Ordenanza local Municipal\t\t\t<\/a>\n\t\t<\/p>\n\t\t\t\t<\/div>\n\t\t\t\t<\/article>\n\t\t\t\t<article class=\"elementor-post elementor-grid-item post-2145 lsvrdocument type-lsvrdocument status-publish hentry lsvrdocumentcat-ordenanzas\">\n\t\t\t\t<div class=\"elementor-post__text\">\n\t\t\t\t<p class=\"elementor-post__title\">\n\t\t\t<a href=\"https:\/\/curarrehue.cl\/on\/documents\/ordenanza-local-municipal-2019\/\" >\n\t\t\t\tOrdenanza Local Municipal 2019\t\t\t<\/a>\n\t\t<\/p>\n\t\t\t\t<\/div>\n\t\t\t\t<\/article>\n\t\t\t\t<article class=\"elementor-post elementor-grid-item post-368 lsvrdocument type-lsvrdocument status-publish hentry lsvrdocumentcat-ordenanzas\">\n\t\t\t\t<div class=\"elementor-post__text\">\n\t\t\t\t<p class=\"elementor-post__title\">\n\t\t\t<a href=\"https:\/\/curarrehue.cl\/on\/documents\/ordenanza-sobre-subvenciones-municipales\/\" >\n\t\t\t\tOrdenanza Sobre Subvenciones Municipales\t\t\t<\/a>\n\t\t<\/p>\n\t\t\t\t<\/div>\n\t\t\t\t<\/article>\n\t\t\t\t<article class=\"elementor-post elementor-grid-item post-364 lsvrdocument type-lsvrdocument status-publish hentry lsvrdocumentcat-ordenanzas\">\n\t\t\t\t<div class=\"elementor-post__text\">\n\t\t\t\t<p class=\"elementor-post__title\">\n\t\t\t<a href=\"https:\/\/curarrehue.cl\/on\/documents\/decreto-exento-153\/\" >\n\t\t\t\tDecreto Exento 153 &#8211; 01-02-2017 &#8211; Ordenanza de autorizaci\u00f3n de transporte de basura, desechos, escombros o residuos de cualquier tipo\t\t\t<\/a>\n\t\t<\/p>\n\t\t\t\t<\/div>\n\t\t\t\t<\/article>\n\t\t\t\t<article class=\"elementor-post elementor-grid-item post-7311 lsvrdocument type-lsvrdocument status-publish hentry lsvrdocumentcat-ordenanzas\">\n\t\t\t\t<div class=\"elementor-post__text\">\n\t\t\t\t<p class=\"elementor-post__title\">\n\t\t\t<a href=\"https:\/\/curarrehue.cl\/on\/documents\/decreto-exento-n-950-28-08-2014-ordenanza-de-proteccion-ambiental-y-zoosanitaria-de-la-actividad-apicola\/\" >\n\t\t\t\tDecreto Exento N\u00b0 950 &#8211; 28-08-2014 &#8211; Ordenanza de Protecci\u00f3n Ambiental y Zoosanitaria de la actividad Ap\u00edcola\t\t\t<\/a>\n\t\t<\/p>\n\t\t\t\t<\/div>\n\t\t\t\t<\/article>\n\t\t\t\t<\/div>\n\t\t\n\t\t\t\t\t\t<\/div>\n\t\t\t\t<\/div>\n\t\t\t\t\t<\/div>\n\t\t<\/div>\n\t\t\t\t\t<\/div>\n\t\t<\/section>\n\t\t\t\t<\/div>\n\t\t","protected":false},"excerpt":{"rendered":"<p>Ordenanzas<\/p>\n","protected":false},"author":2,"featured_media":0,"parent":0,"menu_order":0,"comment_status":"closed","ping_status":"closed","template":"","meta":{"_monsterinsights_skip_tracking":false,"_monsterinsights_sitenote_active":false,"_monsterinsights_sitenote_note":"","_monsterinsights_sitenote_category":0,"footnotes":""},"class_list":["post-2211","page","type-page","status-publish","hentry"],"_links":{"self":[{"href":"https:\/\/curarrehue.cl\/on\/wp-json\/wp\/v2\/pages\/2211","targetHints":{"allow":["GET"]}}],"collection":[{"href":"https:\/\/curarrehue.cl\/on\/wp-json\/wp\/v2\/pages"}],"about":[{"href":"https:\/\/curarrehue.cl\/on\/wp-json\/wp\/v2\/types\/page"}],"author":[{"embeddable":true,"href":"https:\/\/curarrehue.cl\/on\/wp-json\/wp\/v2\/users\/2"}],"replies":[{"embeddable":true,"href":"https:\/\/curarrehue.cl\/on\/wp-json\/wp\/v2\/comments?post=2211"}],"version-history":[{"count":63,"href":"https:\/\/curarrehue.cl\/on\/wp-json\/wp\/v2\/pages\/2211\/revisions"}],"predecessor-version":[{"id":8889,"href":"https:\/\/curarrehue.cl\/on\/wp-json\/wp\/v2\/pages\/2211\/revisions\/8889"}],"wp:attachment":[{"href":"https:\/\/curarrehue.cl\/on\/wp-json\/wp\/v2\/media?parent=2211"}],"curies":[{"name":"wp","href":"https:\/\/api.w.org\/{rel}","templated":true}]}}