{"id":2215,"date":"2018-11-26T14:15:59","date_gmt":"2018-11-26T14:15:59","guid":{"rendered":"https:\/\/curarrehue.cl\/on\/?page_id=2215"},"modified":"2025-09-10T19:17:02","modified_gmt":"2025-09-10T19:17:02","slug":"manuales","status":"publish","type":"page","link":"https:\/\/curarrehue.cl\/on\/manuales\/","title":{"rendered":"Manuales"},"content":{"rendered":"\t\t<div data-elementor-type=\"wp-page\" data-elementor-id=\"2215\" class=\"elementor elementor-2215\">\n\t\t\t\t\t\t<section class=\"elementor-section elementor-top-section elementor-element elementor-element-155c9d12 elementor-section-boxed elementor-section-height-default elementor-section-height-default\" data-id=\"155c9d12\" data-element_type=\"section\">\n\t\t\t\t\t\t<div class=\"elementor-container elementor-column-gap-default\">\n\t\t\t\t\t<div class=\"elementor-column elementor-col-100 elementor-top-column elementor-element elementor-element-26b3ef33\" data-id=\"26b3ef33\" data-element_type=\"column\">\n\t\t\t<div class=\"elementor-widget-wrap elementor-element-populated\">\n\t\t\t\t\t\t<div class=\"elementor-element elementor-element-4444b7d6 elementor-widget elementor-widget-heading\" data-id=\"4444b7d6\" data-element_type=\"widget\" data-widget_type=\"heading.default\">\n\t\t\t\t<div class=\"elementor-widget-container\">\n\t\t\t\t\t<h2 class=\"elementor-heading-title elementor-size-default\">Manuales<\/h2>\t\t\t\t<\/div>\n\t\t\t\t<\/div>\n\t\t\t\t<div class=\"elementor-element elementor-element-795c54b elementor-grid-1 elementor-grid-tablet-2 elementor-grid-mobile-1 elementor-posts--thumbnail-top elementor-widget elementor-widget-posts\" data-id=\"795c54b\" data-element_type=\"widget\" data-settings=\"{&quot;classic_columns&quot;:&quot;1&quot;,&quot;classic_row_gap&quot;:{&quot;unit&quot;:&quot;px&quot;,&quot;size&quot;:3,&quot;sizes&quot;:[]},&quot;classic_columns_tablet&quot;:&quot;2&quot;,&quot;classic_columns_mobile&quot;:&quot;1&quot;,&quot;classic_row_gap_tablet&quot;:{&quot;unit&quot;:&quot;px&quot;,&quot;size&quot;:&quot;&quot;,&quot;sizes&quot;:[]},&quot;classic_row_gap_mobile&quot;:{&quot;unit&quot;:&quot;px&quot;,&quot;size&quot;:&quot;&quot;,&quot;sizes&quot;:[]}}\" data-widget_type=\"posts.classic\">\n\t\t\t\t<div class=\"elementor-widget-container\">\n\t\t\t\t\t\t\t<div class=\"elementor-posts-container elementor-posts elementor-posts--skin-classic elementor-grid\">\n\t\t\t\t<article class=\"elementor-post elementor-grid-item post-8757 lsvrdocument type-lsvrdocument status-publish hentry lsvrdocumentcat-manuales\">\n\t\t\t\t<div class=\"elementor-post__text\">\n\t\t\t\t<p class=\"elementor-post__title\">\n\t\t\t<a href=\"https:\/\/curarrehue.cl\/on\/documents\/decreto-exento-n-118-29-01-2025-aprueba-manual-ley-lobby\/\" >\n\t\t\t\tDecreto Exento N\u00b0 118 &#8211; 29-01-2025 &#8211; Aprueba Manual Ley Lobby\t\t\t<\/a>\n\t\t<\/p>\n\t\t\t\t<\/div>\n\t\t\t\t<\/article>\n\t\t\t\t<article class=\"elementor-post elementor-grid-item post-8759 lsvrdocument type-lsvrdocument status-publish hentry lsvrdocumentcat-manuales\">\n\t\t\t\t<div class=\"elementor-post__text\">\n\t\t\t\t<p class=\"elementor-post__title\">\n\t\t\t<a href=\"https:\/\/curarrehue.cl\/on\/documents\/decreto-exento-n-7-06-01-2025-aprueba-manual-de-gestion-de-convenios\/\" >\n\t\t\t\tDecreto Exento N\u00b0 7 &#8211; 06-01-2025 &#8211; Aprueba Manual de Gesti\u00f3n de Convenios\t\t\t<\/a>\n\t\t<\/p>\n\t\t\t\t<\/div>\n\t\t\t\t<\/article>\n\t\t\t\t<article class=\"elementor-post elementor-grid-item post-7730 lsvrdocument type-lsvrdocument status-publish hentry lsvrdocumentcat-manuales lsvrdocumentcat-sumarios-y-reponsabilidad-administrativa\">\n\t\t\t\t<div class=\"elementor-post__text\">\n\t\t\t\t<p class=\"elementor-post__title\">\n\t\t\t<a href=\"https:\/\/curarrehue.cl\/on\/documents\/decreto-exento-n-320-09-02-2024-manual-procedimientos-disciplinarios\/\" >\n\t\t\t\tDecreto Exento N\u00b0 320 &#8211; 09-02-2024 &#8211; Manual Procedimientos Disciplinarios\t\t\t<\/a>\n\t\t<\/p>\n\t\t\t\t<\/div>\n\t\t\t\t<\/article>\n\t\t\t\t<article class=\"elementor-post elementor-grid-item post-7972 lsvrdocument type-lsvrdocument status-publish hentry lsvrdocumentcat-manuales\">\n\t\t\t\t<div class=\"elementor-post__text\">\n\t\t\t\t<p class=\"elementor-post__title\">\n\t\t\t<a href=\"https:\/\/curarrehue.cl\/on\/documents\/manual-de-procedimientos-de-conciliaciones-bancarias\/\" >\n\t\t\t\tDecreto Exento N\u00b0 1057 &#8211; 05-06-2024 &#8211; Aprueba Manual de procedimientos de conciliaciones bancarias\t\t\t<\/a>\n\t\t<\/p>\n\t\t\t\t<\/div>\n\t\t\t\t<\/article>\n\t\t\t\t<article class=\"elementor-post elementor-grid-item post-7970 lsvrdocument type-lsvrdocument status-publish hentry lsvrdocumentcat-manuales\">\n\t\t\t\t<div class=\"elementor-post__text\">\n\t\t\t\t<p class=\"elementor-post__title\">\n\t\t\t<a href=\"https:\/\/curarrehue.cl\/on\/documents\/decreto-exento-n-1057-05-06-2024\/\" >\n\t\t\t\tDecreto Exento N\u00b0 1057 &#8211; 05-06-2024 &#8211; Aprueba Manual de procedimientos de conciliaciones bancarias\t\t\t<\/a>\n\t\t<\/p>\n\t\t\t\t<\/div>\n\t\t\t\t<\/article>\n\t\t\t\t<article class=\"elementor-post elementor-grid-item post-7717 lsvrdocument type-lsvrdocument status-publish hentry lsvrdocumentcat-ley-karin lsvrdocumentcat-manuales\">\n\t\t\t\t<div class=\"elementor-post__text\">\n\t\t\t\t<p class=\"elementor-post__title\">\n\t\t\t<a href=\"https:\/\/curarrehue.cl\/on\/documents\/decreto-exento-n-328-09-02-2024-protocolo-para-la-recepcion-de-denuncia-procedimiento-y-sancion-del-acoso-laboral-y-sexual-laboral\/\" >\n\t\t\t\tDecreto Exento N\u00b0 328 &#8211; 09-02-2024 &#8211; Protocolo para la recepci\u00f3n de denuncia, procedimiento y sancion del acoso laboral y sexual laboral\t\t\t<\/a>\n\t\t<\/p>\n\t\t\t\t<\/div>\n\t\t\t\t<\/article>\n\t\t\t\t<article class=\"elementor-post elementor-grid-item post-6965 lsvrdocument type-lsvrdocument status-publish hentry lsvrdocumentcat-manuales\">\n\t\t\t\t<div class=\"elementor-post__text\">\n\t\t\t\t<p class=\"elementor-post__title\">\n\t\t\t<a href=\"https:\/\/curarrehue.cl\/on\/documents\/decreto-exento-n-2359-16-12-2021-actualizacion-manual-de-adquisiciones-de-la-municipalidad-de-curarrehue\/\" >\n\t\t\t\tDecreto Exento N\u00b0 2359 &#8211; 16-12-2021 &#8211; Actualizaci\u00f3n Manual de Adquisiciones de la Municipalidad de Curarrehue\t\t\t<\/a>\n\t\t<\/p>\n\t\t\t\t<\/div>\n\t\t\t\t<\/article>\n\t\t\t\t<article class=\"elementor-post elementor-grid-item post-2240 lsvrdocument type-lsvrdocument status-publish hentry lsvrdocumentcat-manuales\">\n\t\t\t\t<div class=\"elementor-post__text\">\n\t\t\t\t<p class=\"elementor-post__title\">\n\t\t\t<a href=\"https:\/\/curarrehue.cl\/on\/documents\/manual-de-procedimientos-procedimiento-de-pago-de-servicios-basicos\/\" >\n\t\t\t\tManual de procedimientos &#8211; Procedimiento de pago de Servicios B\u00e1sicos\t\t\t<\/a>\n\t\t<\/p>\n\t\t\t\t<\/div>\n\t\t\t\t<\/article>\n\t\t\t\t<article class=\"elementor-post elementor-grid-item post-2234 lsvrdocument type-lsvrdocument status-publish hentry lsvrdocumentcat-manuales\">\n\t\t\t\t<div class=\"elementor-post__text\">\n\t\t\t\t<p class=\"elementor-post__title\">\n\t\t\t<a href=\"https:\/\/curarrehue.cl\/on\/documents\/manual-de-procedimientos-contables\/\" >\n\t\t\t\tManual de procedimientos contables\t\t\t<\/a>\n\t\t<\/p>\n\t\t\t\t<\/div>\n\t\t\t\t<\/article>\n\t\t\t\t<article class=\"elementor-post elementor-grid-item post-2239 lsvrdocument type-lsvrdocument status-publish hentry lsvrdocumentcat-manuales\">\n\t\t\t\t<div class=\"elementor-post__text\">\n\t\t\t\t<p class=\"elementor-post__title\">\n\t\t\t<a href=\"https:\/\/curarrehue.cl\/on\/documents\/manual-de-procedimientos-en-la-inspeccion-tecnica-de-obras\/\" >\n\t\t\t\tDecreto Exento N\u00b0 1323 &#8211; 13-09-2018- Aprueba Manual de procedimientos en la Inspecci\u00f3n T\u00e9cnica de Obras\t\t\t<\/a>\n\t\t<\/p>\n\t\t\t\t<\/div>\n\t\t\t\t<\/article>\n\t\t\t\t<article class=\"elementor-post elementor-grid-item post-2057 lsvrdocument type-lsvrdocument status-publish hentry lsvrdocumentcat-manuales\">\n\t\t\t\t<div class=\"elementor-post__text\">\n\t\t\t\t<p class=\"elementor-post__title\">\n\t\t\t<a href=\"https:\/\/curarrehue.cl\/on\/documents\/manual-de-usuario-sistema-de-tramitacion-de-documentos-sistradoc-27-08-2018\/\" >\n\t\t\t\tDecreto Exento N\u00b0 1325 &#8211; 13-09-2018 &#8211; Aprueba Manual de Sistema de Tramitaci\u00f3n de Documentos (SISTRADOC)\t\t\t<\/a>\n\t\t<\/p>\n\t\t\t\t<\/div>\n\t\t\t\t<\/article>\n\t\t\t\t<article class=\"elementor-post elementor-grid-item post-2041 lsvrdocument type-lsvrdocument status-publish hentry lsvrdocumentcat-manuales\">\n\t\t\t\t<div class=\"elementor-post__text\">\n\t\t\t\t<p class=\"elementor-post__title\">\n\t\t\t<a href=\"https:\/\/curarrehue.cl\/on\/documents\/manual-de-gestion-de-vhiculos-estatales-agosto-2018\/\" >\n\t\t\t\tDecreto Exento N\u00b0 1321 &#8211; 13-09-2018 &#8211; Aprueba Manual uso y circulaci\u00f3n de veh\u00edculos\t\t\t<\/a>\n\t\t<\/p>\n\t\t\t\t<\/div>\n\t\t\t\t<\/article>\n\t\t\t\t<article class=\"elementor-post elementor-grid-item post-2033 lsvrdocument type-lsvrdocument status-publish hentry lsvrdocumentcat-manuales\">\n\t\t\t\t<div class=\"elementor-post__text\">\n\t\t\t\t<p class=\"elementor-post__title\">\n\t\t\t<a href=\"https:\/\/curarrehue.cl\/on\/documents\/manual-de-gestion-de-convenios-agosto-2018\/\" >\n\t\t\t\tDecreto Exento N\u00b0 1324 &#8211; 13-09-2018 &#8211; Aprueba Manual de gesti\u00f3n de convenios\t\t\t<\/a>\n\t\t<\/p>\n\t\t\t\t<\/div>\n\t\t\t\t<\/article>\n\t\t\t\t<article class=\"elementor-post elementor-grid-item post-2241 lsvrdocument type-lsvrdocument status-publish hentry lsvrdocumentcat-manuales\">\n\t\t\t\t<div class=\"elementor-post__text\">\n\t\t\t\t<p class=\"elementor-post__title\">\n\t\t\t<a href=\"https:\/\/curarrehue.cl\/on\/documents\/manual-de-procedimientos-de-tesoreria-agosto-2018\/\" >\n\t\t\t\tManual de procedimientos de Tesorer\u00eda &#8211; Agosto 2018\t\t\t<\/a>\n\t\t<\/p>\n\t\t\t\t<\/div>\n\t\t\t\t<\/article>\n\t\t\t\t<article class=\"elementor-post elementor-grid-item post-2038 lsvrdocument type-lsvrdocument status-publish hentry lsvrdocumentcat-manuales\">\n\t\t\t\t<div class=\"elementor-post__text\">\n\t\t\t\t<p class=\"elementor-post__title\">\n\t\t\t<a href=\"https:\/\/curarrehue.cl\/on\/documents\/manual-de-rendicion-de-cuentas-31-08-2018\/\" >\n\t\t\t\tDecreto Exento N\u00b0 1241 &#8211; 30-08-2018 &#8211; Aprueba Manual de rendici\u00f3n de cuentas\t\t\t<\/a>\n\t\t<\/p>\n\t\t\t\t<\/div>\n\t\t\t\t<\/article>\n\t\t\t\t<article class=\"elementor-post elementor-grid-item post-2035 lsvrdocument type-lsvrdocument status-publish hentry lsvrdocumentcat-manuales\">\n\t\t\t\t<div class=\"elementor-post__text\">\n\t\t\t\t<p class=\"elementor-post__title\">\n\t\t\t<a href=\"https:\/\/curarrehue.cl\/on\/documents\/manual-de-presupuesto\/\" >\n\t\t\t\tManual de presupuesto &#8211; Agosto 2018\t\t\t<\/a>\n\t\t<\/p>\n\t\t\t\t<\/div>\n\t\t\t\t<\/article>\n\t\t\t\t<article class=\"elementor-post elementor-grid-item post-2236 lsvrdocument type-lsvrdocument status-publish hentry lsvrdocumentcat-manuales\">\n\t\t\t\t<div class=\"elementor-post__text\">\n\t\t\t\t<p class=\"elementor-post__title\">\n\t\t\t<a href=\"https:\/\/curarrehue.cl\/on\/documents\/manual-de-buenas-practicas-para-la-atencion-a-publico\/\" >\n\t\t\t\tDecreto Exento N\u00b0 773 &#8211; 17-06-2018 &#8211; Aprueba Manual de buenas pr\u00e1cticas para la atenci\u00f3n de p\u00fablico\t\t\t<\/a>\n\t\t<\/p>\n\t\t\t\t<\/div>\n\t\t\t\t<\/article>\n\t\t\t\t<article class=\"elementor-post elementor-grid-item post-5764 lsvrdocument type-lsvrdocument status-publish hentry lsvrdocumentcat-manuales-transparencia lsvrdocumentcat-manuales\">\n\t\t\t\t<div class=\"elementor-post__text\">\n\t\t\t\t<p class=\"elementor-post__title\">\n\t\t\t<a href=\"https:\/\/curarrehue.cl\/on\/documents\/decreto-n-274-23-02-2028-aprueba-manual-de-transparencia\/\" >\n\t\t\t\tDecreto Exento N\u00b0 274 &#8211; 23-02-2018 &#8211; Manual de Transparencia Activa\t\t\t<\/a>\n\t\t<\/p>\n\t\t\t\t<\/div>\n\t\t\t\t<\/article>\n\t\t\t\t<article class=\"elementor-post elementor-grid-item post-409 lsvrdocument type-lsvrdocument status-publish hentry lsvrdocumentcat-manuales\">\n\t\t\t\t<div class=\"elementor-post__text\">\n\t\t\t\t<p class=\"elementor-post__title\">\n\t\t\t<a href=\"https:\/\/curarrehue.cl\/on\/documents\/manual-de-adquisiciones\/\" >\n\t\t\t\tDecreto N\u00b0 1412 &#8211; 27-11-2017 &#8211; Manual de Adquisiciones\t\t\t<\/a>\n\t\t<\/p>\n\t\t\t\t<\/div>\n\t\t\t\t<\/article>\n\t\t\t\t<\/div>\n\t\t\n\t\t\t\t\t\t<\/div>\n\t\t\t\t<\/div>\n\t\t\t\t\t<\/div>\n\t\t<\/div>\n\t\t\t\t\t<\/div>\n\t\t<\/section>\n\t\t\t\t<\/div>\n\t\t","protected":false},"excerpt":{"rendered":"<p>Manuales<\/p>\n","protected":false},"author":2,"featured_media":0,"parent":0,"menu_order":0,"comment_status":"closed","ping_status":"closed","template":"","meta":{"_monsterinsights_skip_tracking":false,"_monsterinsights_sitenote_active":false,"_monsterinsights_sitenote_note":"","_monsterinsights_sitenote_category":0,"footnotes":""},"class_list":["post-2215","page","type-page","status-publish","hentry"],"_links":{"self":[{"href":"https:\/\/curarrehue.cl\/on\/wp-json\/wp\/v2\/pages\/2215","targetHints":{"allow":["GET"]}}],"collection":[{"href":"https:\/\/curarrehue.cl\/on\/wp-json\/wp\/v2\/pages"}],"about":[{"href":"https:\/\/curarrehue.cl\/on\/wp-json\/wp\/v2\/types\/page"}],"author":[{"embeddable":true,"href":"https:\/\/curarrehue.cl\/on\/wp-json\/wp\/v2\/users\/2"}],"replies":[{"embeddable":true,"href":"https:\/\/curarrehue.cl\/on\/wp-json\/wp\/v2\/comments?post=2215"}],"version-history":[{"count":14,"href":"https:\/\/curarrehue.cl\/on\/wp-json\/wp\/v2\/pages\/2215\/revisions"}],"predecessor-version":[{"id":8886,"href":"https:\/\/curarrehue.cl\/on\/wp-json\/wp\/v2\/pages\/2215\/revisions\/8886"}],"wp:attachment":[{"href":"https:\/\/curarrehue.cl\/on\/wp-json\/wp\/v2\/media?parent=2215"}],"curies":[{"name":"wp","href":"https:\/\/api.w.org\/{rel}","templated":true}]}}