{"id":276,"date":"2017-09-12T14:04:26","date_gmt":"2017-09-12T14:04:26","guid":{"rendered":"https:\/\/curarrehue.cl\/on\/?page_id=276"},"modified":"2021-02-03T14:09:55","modified_gmt":"2021-02-03T14:09:55","slug":"historia","status":"publish","type":"page","link":"https:\/\/curarrehue.cl\/on\/historia\/","title":{"rendered":"Histor\u00eda y Geograf\u00eda"},"content":{"rendered":"<h3>HISTORIA<\/h3>\n<p style=\"text-align: justify;\">Ubicada en la zona del\u00a0bosquete de Trancura, habr\u00eda sido visitada en las primeras excursiones que hicieron los conquistadores espa\u00f1oles a continuaci\u00f3n de la fundaci\u00f3n de Villarrica en 1551, luego durante finales del siglo XIX y comienzos del siglo XX, como resultado de la ocupaci\u00f3n militar del Estado Chileno del territorio mapuche en la llamada &#8220;Pacificaci\u00f3n de la Araucan\u00eda&#8221; se gener\u00f3 una fuerte corriente migratoria de familias mapuche que hu\u00edan de la ocupaci\u00f3n del pa\u00f1o central del territorio regional, repleg\u00e1ndose y restableci\u00e9ndose en sectores precordilleranos.<\/p>\n<p style=\"text-align: justify;\">La tercera corriente migratoria se produce entre las d\u00e9cadas de 1920 al 1930 como resultado de la crisis econ\u00f3mica que oblig\u00f3 a muchos chilenos a buscar nuevos horizontes como colonos.<\/p>\n<p style=\"text-align: justify;\">Muchos de ellos buscaron establecerse en la zona, dedic\u00e1ndose a la<strong> agricultura<\/strong> y al <strong>comercio de ganado<\/strong>. En esa \u00e9poca el Estado Chileno comenz\u00f3 la construcci\u00f3n del camino desde Villarrica al paso <strong>Mamuil Malal<\/strong> lo que atrajo mucha mano de obra y permiti\u00f3 el desarrollo de la <strong>actividad maderera<\/strong>.<\/p>\n<p style=\"text-align: justify;\">Con estos procesos migratorios conform\u00f3 el <strong>poblado de Curarrehue<\/strong> y las localidades de<strong> Puesco, Car\u00e9n, Trancura, Reigolil, Qui\u00f1enahu\u00edn, Maite, Puala, Huincapalihue, Rukako, Panqui, Loncofilo, Huampoe, Palgu\u00edn<\/strong> entre otros.<\/p>\n<p style=\"text-align: justify;\">A partir de 1980 se consituy\u00f3 la comuna de Curarrehue, antiguamente dependiente de Puc\u00f3n, funcionando con un municipio instalado a partir del 8 de Enero de 1981.<\/p>\n<p><strong>GEOGRAFIA<\/strong><\/p>\n<p style=\"text-align: justify;\">Se encuentra ubicada <strong>a 152 kil\u00f3metros de la capital regional de Temuco<\/strong>, regi\u00f3n de la Araucan\u00eda y a 39 kil\u00f3metros de la ciudad de Puc\u00f3n.<\/p>\n<p style=\"text-align: justify;\">Curarrehue <strong>limita<\/strong> al Norte con la comuna de <strong>Melipeuco<\/strong> al este y Sur este con la <strong>Republica Argentina<\/strong>, al Oeste con las comunas de <strong>Cunco, Puc\u00f3n y Panguipulli<\/strong>.<\/p>\n<p style=\"text-align: justify;\">Como puerta obligada hacia la Republica Argentina se encuentra el<strong> Paso Internacional Mamuil Malal<\/strong>. A lo largo de este trayecto se pueden observar nobles <strong>Robles y Raul\u00edes<\/strong>, los que se encuentran rodeados de majestuosas <strong>Araucarias milenarias<\/strong>.<\/p>\n<p style=\"text-align: justify;\">Junto a ellos se encuentra el imponente <strong>Volc\u00e1n Lan\u00edn<\/strong>, que junto a una gran <strong>fauna, lagos y lagunas<\/strong> crean un paisaje \u00fanico que invita a tomar la c\u00e1mara de fotos y recorrer con la lente los distintos lugares.<\/p>\n<p style=\"text-align: justify;\">Curarrehue, es un lugar de <strong>arraigadas tradiciones<\/strong>, antiguas familias que han visto crecer el poblado, su gente. Al llegar a la zona de inmediato se observa que esta tierra fue bendecida por la mano de Dios, por sus <strong>parajes inigualables, <\/strong>de ensue\u00f1o<strong>\u00a0<\/strong>regados por aguas puras y bebibles.<\/p>\n<p style=\"text-align: justify;\">Nuestra comuna se encuentra enfocada al <strong>Turismo de Intereses Especiales<\/strong>, el que se desarrolla principalmente en torno a la Naturaleza, el cu\u00e1l posee escenarios sobrecogedores, un m\u00edstico paisaje, donde descubrir\u00e1s las tradiciones, ritos y cultura mapuche, que sin duda caracterizan a nuestra zona.<\/p>\n<p style=\"text-align: justify;\">Curarrehue, comuna poseedora de numerosos recursos naturales y culturales, que al pasar de los a\u00f1os se ha desarrollado tur\u00edsticamente, recibiendo un gran n\u00famero de visitantes tanto nacionales como extranjeros, quienes requieren de variada informaci\u00f3n tanto local, regional, nacional e internacional.<\/p>\n<p style=\"text-align: justify;\">La comuna de Curarrehue posee una exuberante<strong> vegetaci\u00f3n nativa<\/strong>, que cambian de color dependiendo de la fecha del a\u00f1o. Aqu\u00ed tenemos lugares aptos para <strong>cabalgatas<\/strong>, <strong>senderos de excursi\u00f3n, r\u00edos, volcanes, termas, saltos de agua,<\/strong> entre otros atractivos. Todo se encuentra asociado a los<strong> sistemas andinos del extremo suroriental<\/strong> de la Araucan\u00eda y esta controlado por importantes sistemas de fallas que imprimen al paisaje caracter\u00edsticas especiales. Predominan las <strong>formas monta\u00f1osas abruptas<\/strong> donde s\u00f3lo escasos <strong>valles fluviales<\/strong> dejan algunos espacios planos, en terrenos que en alg\u00fan sector corresponden mas bien a humedales.<\/p>\n","protected":false},"excerpt":{"rendered":"<p>HISTORIA Ubicada en la zona del\u00a0bosquete de Trancura, habr\u00eda sido visitada en las primeras excursiones que hicieron los conquistadores espa\u00f1oles a continuaci\u00f3n de la fundaci\u00f3n de Villarrica en 1551, luego durante finales del siglo XIX y comienzos del siglo XX, como resultado de la ocupaci\u00f3n militar del Estado Chileno del territorio mapuche en la llamada [&hellip;]<\/p>\n","protected":false},"author":1,"featured_media":0,"parent":0,"menu_order":0,"comment_status":"closed","ping_status":"closed","template":"","meta":{"_monsterinsights_skip_tracking":false,"_monsterinsights_sitenote_active":false,"_monsterinsights_sitenote_note":"","_monsterinsights_sitenote_category":0,"footnotes":""},"class_list":["post-276","page","type-page","status-publish","hentry"],"_links":{"self":[{"href":"https:\/\/curarrehue.cl\/on\/wp-json\/wp\/v2\/pages\/276","targetHints":{"allow":["GET"]}}],"collection":[{"href":"https:\/\/curarrehue.cl\/on\/wp-json\/wp\/v2\/pages"}],"about":[{"href":"https:\/\/curarrehue.cl\/on\/wp-json\/wp\/v2\/types\/page"}],"author":[{"embeddable":true,"href":"https:\/\/curarrehue.cl\/on\/wp-json\/wp\/v2\/users\/1"}],"replies":[{"embeddable":true,"href":"https:\/\/curarrehue.cl\/on\/wp-json\/wp\/v2\/comments?post=276"}],"version-history":[{"count":1,"href":"https:\/\/curarrehue.cl\/on\/wp-json\/wp\/v2\/pages\/276\/revisions"}],"predecessor-version":[{"id":4008,"href":"https:\/\/curarrehue.cl\/on\/wp-json\/wp\/v2\/pages\/276\/revisions\/4008"}],"wp:attachment":[{"href":"https:\/\/curarrehue.cl\/on\/wp-json\/wp\/v2\/media?parent=276"}],"curies":[{"name":"wp","href":"https:\/\/api.w.org\/{rel}","templated":true}]}}