{"id":3779,"date":"2020-08-21T15:32:53","date_gmt":"2020-08-21T15:32:53","guid":{"rendered":"https:\/\/curarrehue.cl\/on\/?page_id=3779"},"modified":"2024-06-10T13:17:42","modified_gmt":"2024-06-10T13:17:42","slug":"planes-municipales","status":"publish","type":"page","link":"https:\/\/curarrehue.cl\/on\/planes-municipales\/","title":{"rendered":"Planes Municipales"},"content":{"rendered":"\t\t<div data-elementor-type=\"wp-page\" data-elementor-id=\"3779\" class=\"elementor elementor-3779\">\n\t\t\t\t\t\t<section class=\"elementor-section elementor-top-section elementor-element elementor-element-9bddf4e elementor-section-boxed elementor-section-height-default elementor-section-height-default\" data-id=\"9bddf4e\" data-element_type=\"section\">\n\t\t\t\t\t\t<div class=\"elementor-container elementor-column-gap-default\">\n\t\t\t\t\t<div class=\"elementor-column elementor-col-100 elementor-top-column elementor-element elementor-element-0e70ab2\" data-id=\"0e70ab2\" data-element_type=\"column\">\n\t\t\t<div class=\"elementor-widget-wrap elementor-element-populated\">\n\t\t\t\t\t\t<div class=\"elementor-element elementor-element-6b22231 elementor-widget elementor-widget-heading\" data-id=\"6b22231\" data-element_type=\"widget\" data-widget_type=\"heading.default\">\n\t\t\t\t<div class=\"elementor-widget-container\">\n\t\t\t\t\t<h2 class=\"elementor-heading-title elementor-size-default\">\u00c1rea Municipal<\/h2>\t\t\t\t<\/div>\n\t\t\t\t<\/div>\n\t\t\t\t<div class=\"elementor-element elementor-element-c282160 elementor-grid-1 elementor-grid-tablet-2 elementor-grid-mobile-1 elementor-posts--thumbnail-top elementor-widget elementor-widget-posts\" data-id=\"c282160\" data-element_type=\"widget\" data-settings=\"{&quot;classic_columns&quot;:&quot;1&quot;,&quot;classic_row_gap&quot;:{&quot;unit&quot;:&quot;px&quot;,&quot;size&quot;:3,&quot;sizes&quot;:[]},&quot;classic_columns_tablet&quot;:&quot;2&quot;,&quot;classic_columns_mobile&quot;:&quot;1&quot;,&quot;classic_row_gap_tablet&quot;:{&quot;unit&quot;:&quot;px&quot;,&quot;size&quot;:&quot;&quot;,&quot;sizes&quot;:[]},&quot;classic_row_gap_mobile&quot;:{&quot;unit&quot;:&quot;px&quot;,&quot;size&quot;:&quot;&quot;,&quot;sizes&quot;:[]}}\" data-widget_type=\"posts.classic\">\n\t\t\t\t<div class=\"elementor-widget-container\">\n\t\t\t\t\t\t\t<div class=\"elementor-posts-container elementor-posts elementor-posts--skin-classic elementor-grid\">\n\t\t\t\t<article class=\"elementor-post elementor-grid-item post-9092 lsvrdocument type-lsvrdocument status-publish hentry lsvrdocumentcat-planes-municipales\">\n\t\t\t\t<div class=\"elementor-post__text\">\n\t\t\t\t<p class=\"elementor-post__title\">\n\t\t\t<a href=\"https:\/\/curarrehue.cl\/on\/documents\/decreto-exento-n-237-09-02-2026\/\" >\n\t\t\t\tDecreto Exento N\u00b0 237 &#8211; 09-02-2026 &#8211; Aprueba Plan Comunal de Seguridad P\u00fablica 2026-2030\t\t\t<\/a>\n\t\t<\/p>\n\t\t\t\t<\/div>\n\t\t\t\t<\/article>\n\t\t\t\t<article class=\"elementor-post elementor-grid-item post-9089 lsvrdocument type-lsvrdocument status-publish hentry lsvrdocumentcat-planes-municipales\">\n\t\t\t\t<div class=\"elementor-post__text\">\n\t\t\t\t<p class=\"elementor-post__title\">\n\t\t\t<a href=\"https:\/\/curarrehue.cl\/on\/documents\/decreto-exento-n-1802-30-12-2025-aprueba-plan-rrd-2026-2027\/\" >\n\t\t\t\tDecreto Exento N\u00b0 1802 &#8211; 30-12-2025 &#8211; Aprueba Plan RRD 2026-2027\t\t\t<\/a>\n\t\t<\/p>\n\t\t\t\t<\/div>\n\t\t\t\t<\/article>\n\t\t\t\t<article class=\"elementor-post elementor-grid-item post-8799 lsvrdocument type-lsvrdocument status-publish hentry lsvrdocumentcat-planes-municipales\">\n\t\t\t\t<div class=\"elementor-post__text\">\n\t\t\t\t<p class=\"elementor-post__title\">\n\t\t\t<a href=\"https:\/\/curarrehue.cl\/on\/documents\/decreto-exento-n-950-23-07-2025-aprueba-plan-de-accion-comunal-de-cambio-climatico-de-curarrehue\/\" >\n\t\t\t\tDecreto Exento N\u00b0 950 &#8211; 23-07-2025 &#8211; Aprueba Plan de Acci\u00f3n Comunal de Cambio Clim\u00e1tico de Curarrehue\t\t\t<\/a>\n\t\t<\/p>\n\t\t\t\t<\/div>\n\t\t\t\t<\/article>\n\t\t\t\t<article class=\"elementor-post elementor-grid-item post-8047 lsvrdocument type-lsvrdocument status-publish hentry lsvrdocumentcat-planes-municipales\">\n\t\t\t\t<div class=\"elementor-post__text\">\n\t\t\t\t<p class=\"elementor-post__title\">\n\t\t\t<a href=\"https:\/\/curarrehue.cl\/on\/documents\/decreto-exento-n-2103-19-11-2024-aprueba-plan-comunal-de-turismo-2023-2026\/\" >\n\t\t\t\tDecreto Exento N\u00b0 2103 &#8211; 19-11-2024 &#8211; Aprueba Plan Comunal de Turismo 2023-2026\t\t\t<\/a>\n\t\t<\/p>\n\t\t\t\t<\/div>\n\t\t\t\t<\/article>\n\t\t\t\t<article class=\"elementor-post elementor-grid-item post-7637 lsvrdocument type-lsvrdocument status-publish hentry lsvrdocumentcat-pladetur\">\n\t\t\t\t<div class=\"elementor-post__text\">\n\t\t\t\t<p class=\"elementor-post__title\">\n\t\t\t<a href=\"https:\/\/curarrehue.cl\/on\/documents\/certificado-n-201-14-11-2023-acuerdo-concejo-aprueba-plan-de-turismo-municipal-pladetur\/\" >\n\t\t\t\tCertificado N\u00b0 201 &#8211; 14-11-2023 &#8211; Acuerdo Concejo Aprueba Plan de Turismo Municipal (PLADETUR)\t\t\t<\/a>\n\t\t<\/p>\n\t\t\t\t<\/div>\n\t\t\t\t<\/article>\n\t\t\t\t<article class=\"elementor-post elementor-grid-item post-7632 lsvrdocument type-lsvrdocument status-publish hentry lsvrdocumentcat-pladetur lsvrdocumentcat-planes-municipales\">\n\t\t\t\t<div class=\"elementor-post__text\">\n\t\t\t\t<p class=\"elementor-post__title\">\n\t\t\t<a href=\"https:\/\/curarrehue.cl\/on\/documents\/plan-de-desarrollo-turistico-pladetur-2023-2026\/\" >\n\t\t\t\tPlan de Desarrollo Tur\u00edstico (PLADETUR) 2023-2026\t\t\t<\/a>\n\t\t<\/p>\n\t\t\t\t<\/div>\n\t\t\t\t<\/article>\n\t\t\t\t<article class=\"elementor-post elementor-grid-item post-7628 lsvrdocument type-lsvrdocument status-publish hentry lsvrdocumentcat-pladeco\">\n\t\t\t\t<div class=\"elementor-post__text\">\n\t\t\t\t<p class=\"elementor-post__title\">\n\t\t\t<a href=\"https:\/\/curarrehue.cl\/on\/documents\/certificado-n-89-09-04-2024-acuerdo-concejo-aprueba-plan-de-desarrollo-comunal-pladeco\/\" >\n\t\t\t\tCertificado N\u00b0 89 &#8211; 09-04-2024 &#8211; Acuerdo Concejo Aprueba Plan de Desarrollo Comunal (PLADECO)\t\t\t<\/a>\n\t\t<\/p>\n\t\t\t\t<\/div>\n\t\t\t\t<\/article>\n\t\t\t\t<article class=\"elementor-post elementor-grid-item post-7626 lsvrdocument type-lsvrdocument status-publish hentry lsvrdocumentcat-pladeco lsvrdocumentcat-planes-municipales\">\n\t\t\t\t<div class=\"elementor-post__text\">\n\t\t\t\t<p class=\"elementor-post__title\">\n\t\t\t<a href=\"https:\/\/curarrehue.cl\/on\/documents\/decreto-n-839-30-04-2024-aprueba-plan-de-desarrollo-comunal-pladeco\/\" >\n\t\t\t\tDecreto N\u00b0 839 &#8211; 30-04-2024 &#8211; Aprueba Plan de Desarrollo Comunal (PLADECO)\t\t\t<\/a>\n\t\t<\/p>\n\t\t\t\t<\/div>\n\t\t\t\t<\/article>\n\t\t\t\t<article class=\"elementor-post elementor-grid-item post-7621 lsvrdocument type-lsvrdocument status-publish hentry lsvrdocumentcat-pladeco lsvrdocumentcat-planes-municipales\">\n\t\t\t\t<div class=\"elementor-post__text\">\n\t\t\t\t<p class=\"elementor-post__title\">\n\t\t\t<a href=\"https:\/\/curarrehue.cl\/on\/documents\/pladeco-2024-2029\/\" >\n\t\t\t\tPLADECO 2024-2029\t\t\t<\/a>\n\t\t<\/p>\n\t\t\t\t<\/div>\n\t\t\t\t<\/article>\n\t\t\t\t<article class=\"elementor-post elementor-grid-item post-6292 lsvrdocument type-lsvrdocument status-publish hentry lsvrdocumentcat-documentos lsvrdocumentcat-plan-municipal-de-cultura\">\n\t\t\t\t<div class=\"elementor-post__text\">\n\t\t\t\t<p class=\"elementor-post__title\">\n\t\t\t<a href=\"https:\/\/curarrehue.cl\/on\/documents\/plan-municipal-de-cultura-2023-2026\/\" >\n\t\t\t\tPlan Municipal de Cultura 2023-2026\t\t\t<\/a>\n\t\t<\/p>\n\t\t\t\t<\/div>\n\t\t\t\t<\/article>\n\t\t\t\t<article class=\"elementor-post elementor-grid-item post-6290 lsvrdocument type-lsvrdocument status-publish hentry lsvrdocumentcat-documentos lsvrdocumentcat-plan-municipal-de-cultura\">\n\t\t\t\t<div class=\"elementor-post__text\">\n\t\t\t\t<p class=\"elementor-post__title\">\n\t\t\t<a href=\"https:\/\/curarrehue.cl\/on\/documents\/certificado-n-107-acuerdo-de-concejo-aprueba-por-unanimidad-plan-municipal-de-cultura-2023-2026\/\" >\n\t\t\t\tCertificado N\u00b0 107 &#8211; Acuerdo de concejo, aprueba por unanimidad Plan Municipal de Cultura 2023-2026.\t\t\t<\/a>\n\t\t<\/p>\n\t\t\t\t<\/div>\n\t\t\t\t<\/article>\n\t\t\t\t<article class=\"elementor-post elementor-grid-item post-6288 lsvrdocument type-lsvrdocument status-publish hentry lsvrdocumentcat-documentos lsvrdocumentcat-plan-municipal-de-cultura\">\n\t\t\t\t<div class=\"elementor-post__text\">\n\t\t\t\t<p class=\"elementor-post__title\">\n\t\t\t<a href=\"https:\/\/curarrehue.cl\/on\/documents\/decreto-exento-n-1111-aprueba-pmc-2023-2026\/\" >\n\t\t\t\tDecreto Exento N\u00b0 1111 &#8211; Aprueba PMC 2023-2026\t\t\t<\/a>\n\t\t<\/p>\n\t\t\t\t<\/div>\n\t\t\t\t<\/article>\n\t\t\t\t<article class=\"elementor-post elementor-grid-item post-5892 lsvrdocument type-lsvrdocument status-publish hentry lsvrdocumentcat-documentos lsvrdocumentcat-planes-municipales\">\n\t\t\t\t<div class=\"elementor-post__text\">\n\t\t\t\t<p class=\"elementor-post__title\">\n\t\t\t<a href=\"https:\/\/curarrehue.cl\/on\/documents\/plan-especifico-comunal-por-variable-de-riesgo-erupcion-volcanica\/\" >\n\t\t\t\tPlan espec\u00edfico Comunal por variable de riesgo erupci\u00f3n volc\u00e1nica (2022)\t\t\t<\/a>\n\t\t<\/p>\n\t\t\t\t<\/div>\n\t\t\t\t<\/article>\n\t\t\t\t<article class=\"elementor-post elementor-grid-item post-1144 lsvrdocument type-lsvrdocument status-publish hentry lsvrdocumentcat-planes-municipales lsvrdocumentcat-seguridad-publica\">\n\t\t\t\t<div class=\"elementor-post__text\">\n\t\t\t\t<p class=\"elementor-post__title\">\n\t\t\t<a href=\"https:\/\/curarrehue.cl\/on\/documents\/plan-de-seguridad-publica-curarrehue-2018\/\" >\n\t\t\t\tDecreto Exento N\u00b0 1578 &#8211; Plan de Seguridad Publica Curarrehue 2022-2025\t\t\t<\/a>\n\t\t<\/p>\n\t\t\t\t<\/div>\n\t\t\t\t<\/article>\n\t\t\t\t<article class=\"elementor-post elementor-grid-item post-4998 lsvrdocument type-lsvrdocument status-publish hentry lsvrdocumentcat-planes-municipales\">\n\t\t\t\t<div class=\"elementor-post__text\">\n\t\t\t\t<p class=\"elementor-post__title\">\n\t\t\t<a href=\"https:\/\/curarrehue.cl\/on\/documents\/plan-municipal-de-cultura-2019-2022\/\" >\n\t\t\t\tPlan Municipal de Cultura 2019-2022\t\t\t<\/a>\n\t\t<\/p>\n\t\t\t\t<\/div>\n\t\t\t\t<\/article>\n\t\t\t\t<article class=\"elementor-post elementor-grid-item post-4802 lsvrdocument type-lsvrdocument status-publish hentry lsvrdocumentcat-planes-municipales\">\n\t\t\t\t<div class=\"elementor-post__text\">\n\t\t\t\t<p class=\"elementor-post__title\">\n\t\t\t<a href=\"https:\/\/curarrehue.cl\/on\/documents\/pladeco-2010-2016\/\" >\n\t\t\t\tPladeco 2010-2016\t\t\t<\/a>\n\t\t<\/p>\n\t\t\t\t<\/div>\n\t\t\t\t<\/article>\n\t\t\t\t<article class=\"elementor-post elementor-grid-item post-3018 lsvrdocument type-lsvrdocument status-publish hentry lsvrdocumentcat-planes-municipales\">\n\t\t\t\t<div class=\"elementor-post__text\">\n\t\t\t\t<p class=\"elementor-post__title\">\n\t\t\t<a href=\"https:\/\/curarrehue.cl\/on\/documents\/plan-comunal-de-deportes\/\" >\n\t\t\t\tDecreto exento N\u00b0 563 &#8211; Plan Comunal de Actividad f\u00edsica y Deporte\t\t\t<\/a>\n\t\t<\/p>\n\t\t\t\t<\/div>\n\t\t\t\t<\/article>\n\t\t\t\t<article class=\"elementor-post elementor-grid-item post-404 lsvrdocument type-lsvrdocument status-publish hentry lsvrdocumentcat-planes-municipales\">\n\t\t\t\t<div class=\"elementor-post__text\">\n\t\t\t\t<p class=\"elementor-post__title\">\n\t\t\t<a href=\"https:\/\/curarrehue.cl\/on\/documents\/pladeco\/\" >\n\t\t\t\tPlan de Desarrollo Comunal &#8211; PLADECO  2018 &#8211; 2022\t\t\t<\/a>\n\t\t<\/p>\n\t\t\t\t<\/div>\n\t\t\t\t<\/article>\n\t\t\t\t<\/div>\n\t\t\n\t\t\t\t\t\t<\/div>\n\t\t\t\t<\/div>\n\t\t\t\t<div class=\"elementor-element elementor-element-d461859 elementor-widget elementor-widget-heading\" data-id=\"d461859\" data-element_type=\"widget\" data-widget_type=\"heading.default\">\n\t\t\t\t<div class=\"elementor-widget-container\">\n\t\t\t\t\t<h2 class=\"elementor-heading-title elementor-size-default\">Educaci\u00f3n<\/h2>\t\t\t\t<\/div>\n\t\t\t\t<\/div>\n\t\t\t\t<div class=\"elementor-element elementor-element-a5ed99d elementor-grid-1 elementor-grid-tablet-2 elementor-grid-mobile-1 elementor-posts--thumbnail-top elementor-widget elementor-widget-posts\" data-id=\"a5ed99d\" data-element_type=\"widget\" data-settings=\"{&quot;classic_columns&quot;:&quot;1&quot;,&quot;classic_row_gap&quot;:{&quot;unit&quot;:&quot;px&quot;,&quot;size&quot;:3,&quot;sizes&quot;:[]},&quot;classic_columns_tablet&quot;:&quot;2&quot;,&quot;classic_columns_mobile&quot;:&quot;1&quot;,&quot;classic_row_gap_tablet&quot;:{&quot;unit&quot;:&quot;px&quot;,&quot;size&quot;:&quot;&quot;,&quot;sizes&quot;:[]},&quot;classic_row_gap_mobile&quot;:{&quot;unit&quot;:&quot;px&quot;,&quot;size&quot;:&quot;&quot;,&quot;sizes&quot;:[]}}\" data-widget_type=\"posts.classic\">\n\t\t\t\t<div class=\"elementor-widget-container\">\n\t\t\t\t\t\t\t<div class=\"elementor-posts-container elementor-posts elementor-posts--skin-classic elementor-grid\">\n\t\t\t\t<article class=\"elementor-post elementor-grid-item post-8166 lsvrdocument type-lsvrdocument status-publish hentry lsvrdocumentcat-padem\">\n\t\t\t\t<div class=\"elementor-post__text\">\n\t\t\t\t<p class=\"elementor-post__title\">\n\t\t\t<a href=\"https:\/\/curarrehue.cl\/on\/documents\/padem-2025\/\" >\n\t\t\t\tPADEM 2025\t\t\t<\/a>\n\t\t<\/p>\n\t\t\t\t<\/div>\n\t\t\t\t<\/article>\n\t\t\t\t<article class=\"elementor-post elementor-grid-item post-7619 lsvrdocument type-lsvrdocument status-publish hentry lsvrdocumentcat-padem\">\n\t\t\t\t<div class=\"elementor-post__text\">\n\t\t\t\t<p class=\"elementor-post__title\">\n\t\t\t<a href=\"https:\/\/curarrehue.cl\/on\/documents\/padem-2024\/\" >\n\t\t\t\tPADEM 2024\t\t\t<\/a>\n\t\t<\/p>\n\t\t\t\t<\/div>\n\t\t\t\t<\/article>\n\t\t\t\t<article class=\"elementor-post elementor-grid-item post-6756 lsvrdocument type-lsvrdocument status-publish hentry lsvrdocumentcat-padem\">\n\t\t\t\t<div class=\"elementor-post__text\">\n\t\t\t\t<p class=\"elementor-post__title\">\n\t\t\t<a href=\"https:\/\/curarrehue.cl\/on\/documents\/padem-2023\/\" >\n\t\t\t\tPADEM 2023\t\t\t<\/a>\n\t\t<\/p>\n\t\t\t\t<\/div>\n\t\t\t\t<\/article>\n\t\t\t\t<article class=\"elementor-post elementor-grid-item post-6754 lsvrdocument type-lsvrdocument status-publish hentry lsvrdocumentcat-padem\">\n\t\t\t\t<div class=\"elementor-post__text\">\n\t\t\t\t<p class=\"elementor-post__title\">\n\t\t\t<a href=\"https:\/\/curarrehue.cl\/on\/documents\/padem-2022\/\" >\n\t\t\t\tPADEM 2022\t\t\t<\/a>\n\t\t<\/p>\n\t\t\t\t<\/div>\n\t\t\t\t<\/article>\n\t\t\t\t<article class=\"elementor-post elementor-grid-item post-6740 lsvrdocument type-lsvrdocument status-publish hentry lsvrdocumentcat-padem\">\n\t\t\t\t<div class=\"elementor-post__text\">\n\t\t\t\t<p class=\"elementor-post__title\">\n\t\t\t<a href=\"https:\/\/curarrehue.cl\/on\/documents\/padem-2021\/\" >\n\t\t\t\tPADEM 2021\t\t\t<\/a>\n\t\t<\/p>\n\t\t\t\t<\/div>\n\t\t\t\t<\/article>\n\t\t\t\t<article class=\"elementor-post elementor-grid-item post-3713 lsvrdocument type-lsvrdocument status-publish hentry lsvrdocumentcat-padem\">\n\t\t\t\t<div class=\"elementor-post__text\">\n\t\t\t\t<p class=\"elementor-post__title\">\n\t\t\t<a href=\"https:\/\/curarrehue.cl\/on\/documents\/padem-2020\/\" >\n\t\t\t\tPADEM 2020\t\t\t<\/a>\n\t\t<\/p>\n\t\t\t\t<\/div>\n\t\t\t\t<\/article>\n\t\t\t\t<article class=\"elementor-post elementor-grid-item post-1405 lsvrdocument type-lsvrdocument status-publish hentry lsvrdocumentcat-padem\">\n\t\t\t\t<div class=\"elementor-post__text\">\n\t\t\t\t<p class=\"elementor-post__title\">\n\t\t\t<a href=\"https:\/\/curarrehue.cl\/on\/documents\/plan-anual-de-desarrollo-educativo-municipal-2018\/\" >\n\t\t\t\tPADEM 2019\t\t\t<\/a>\n\t\t<\/p>\n\t\t\t\t<\/div>\n\t\t\t\t<\/article>\n\t\t\t\t<\/div>\n\t\t\n\t\t\t\t\t\t<\/div>\n\t\t\t\t<\/div>\n\t\t\t\t<div class=\"elementor-element elementor-element-20ced7f elementor-widget elementor-widget-heading\" data-id=\"20ced7f\" data-element_type=\"widget\" data-widget_type=\"heading.default\">\n\t\t\t\t<div class=\"elementor-widget-container\">\n\t\t\t\t\t<h2 class=\"elementor-heading-title elementor-size-default\">Salud\n<\/h2>\t\t\t\t<\/div>\n\t\t\t\t<\/div>\n\t\t\t\t<div class=\"elementor-element elementor-element-c5743b9 elementor-grid-1 elementor-grid-tablet-2 elementor-grid-mobile-1 elementor-posts--thumbnail-top elementor-widget elementor-widget-posts\" data-id=\"c5743b9\" data-element_type=\"widget\" data-settings=\"{&quot;classic_columns&quot;:&quot;1&quot;,&quot;classic_row_gap&quot;:{&quot;unit&quot;:&quot;px&quot;,&quot;size&quot;:3,&quot;sizes&quot;:[]},&quot;classic_columns_tablet&quot;:&quot;2&quot;,&quot;classic_columns_mobile&quot;:&quot;1&quot;,&quot;classic_row_gap_tablet&quot;:{&quot;unit&quot;:&quot;px&quot;,&quot;size&quot;:&quot;&quot;,&quot;sizes&quot;:[]},&quot;classic_row_gap_mobile&quot;:{&quot;unit&quot;:&quot;px&quot;,&quot;size&quot;:&quot;&quot;,&quot;sizes&quot;:[]}}\" data-widget_type=\"posts.classic\">\n\t\t\t\t<div class=\"elementor-widget-container\">\n\t\t\t\t\t\t\t<div class=\"elementor-posts-container elementor-posts elementor-posts--skin-classic elementor-grid\">\n\t\t\t\t<article class=\"elementor-post elementor-grid-item post-8556 lsvrdocument type-lsvrdocument status-publish hentry lsvrdocumentcat-plasam\">\n\t\t\t\t<div class=\"elementor-post__text\">\n\t\t\t\t<p class=\"elementor-post__title\">\n\t\t\t<a href=\"https:\/\/curarrehue.cl\/on\/documents\/plan-anual-comunal-de-salud-2024-2\/\" >\n\t\t\t\tPlan anual comunal de Salud 2024\t\t\t<\/a>\n\t\t<\/p>\n\t\t\t\t<\/div>\n\t\t\t\t<\/article>\n\t\t\t\t<article class=\"elementor-post elementor-grid-item post-7331 lsvrdocument type-lsvrdocument status-publish hentry lsvrdocumentcat-plasam\">\n\t\t\t\t<div class=\"elementor-post__text\">\n\t\t\t\t<p class=\"elementor-post__title\">\n\t\t\t<a href=\"https:\/\/curarrehue.cl\/on\/documents\/plan-anual-comunal-de-salud-2024\/\" >\n\t\t\t\tPlan anual comunal de Salud 2024\t\t\t<\/a>\n\t\t<\/p>\n\t\t\t\t<\/div>\n\t\t\t\t<\/article>\n\t\t\t\t<article class=\"elementor-post elementor-grid-item post-7329 lsvrdocument type-lsvrdocument status-publish hentry lsvrdocumentcat-plasam\">\n\t\t\t\t<div class=\"elementor-post__text\">\n\t\t\t\t<p class=\"elementor-post__title\">\n\t\t\t<a href=\"https:\/\/curarrehue.cl\/on\/documents\/plan-anual-comunal-de-salud-2022-2024\/\" >\n\t\t\t\tPlan anual comunal de Salud 2022 &#8211; 2024\t\t\t<\/a>\n\t\t<\/p>\n\t\t\t\t<\/div>\n\t\t\t\t<\/article>\n\t\t\t\t<article class=\"elementor-post elementor-grid-item post-7324 lsvrdocument type-lsvrdocument status-publish hentry lsvrdocumentcat-plasam\">\n\t\t\t\t<div class=\"elementor-post__text\">\n\t\t\t\t<p class=\"elementor-post__title\">\n\t\t\t<a href=\"https:\/\/curarrehue.cl\/on\/documents\/plan-anual-comunal-de-salud-2021\/\" >\n\t\t\t\tPlan anual comunal de Salud 2021\t\t\t<\/a>\n\t\t<\/p>\n\t\t\t\t<\/div>\n\t\t\t\t<\/article>\n\t\t\t\t<article class=\"elementor-post elementor-grid-item post-7322 lsvrdocument type-lsvrdocument status-publish hentry lsvrdocumentcat-plasam\">\n\t\t\t\t<div class=\"elementor-post__text\">\n\t\t\t\t<p class=\"elementor-post__title\">\n\t\t\t<a href=\"https:\/\/curarrehue.cl\/on\/documents\/plan-anual-comunal-de-salud-2020\/\" >\n\t\t\t\tPlan anual comunal de Salud 2020\t\t\t<\/a>\n\t\t<\/p>\n\t\t\t\t<\/div>\n\t\t\t\t<\/article>\n\t\t\t\t<article class=\"elementor-post elementor-grid-item post-7320 lsvrdocument type-lsvrdocument status-publish hentry lsvrdocumentcat-plasam\">\n\t\t\t\t<div class=\"elementor-post__text\">\n\t\t\t\t<p class=\"elementor-post__title\">\n\t\t\t<a href=\"https:\/\/curarrehue.cl\/on\/documents\/plan-anual-comunal-de-salud-2019\/\" >\n\t\t\t\tPlan anual comunal de Salud 2019\t\t\t<\/a>\n\t\t<\/p>\n\t\t\t\t<\/div>\n\t\t\t\t<\/article>\n\t\t\t\t<\/div>\n\t\t\n\t\t\t\t\t\t<\/div>\n\t\t\t\t<\/div>\n\t\t\t\t\t<\/div>\n\t\t<\/div>\n\t\t\t\t\t<\/div>\n\t\t<\/section>\n\t\t\t\t<\/div>\n\t\t","protected":false},"excerpt":{"rendered":"<p>\u00c1rea Municipal Educaci\u00f3n Salud<\/p>\n","protected":false},"author":2,"featured_media":0,"parent":0,"menu_order":0,"comment_status":"closed","ping_status":"closed","template":"","meta":{"_monsterinsights_skip_tracking":false,"_monsterinsights_sitenote_active":false,"_monsterinsights_sitenote_note":"","_monsterinsights_sitenote_category":0,"footnotes":""},"class_list":["post-3779","page","type-page","status-publish","hentry"],"_links":{"self":[{"href":"https:\/\/curarrehue.cl\/on\/wp-json\/wp\/v2\/pages\/3779","targetHints":{"allow":["GET"]}}],"collection":[{"href":"https:\/\/curarrehue.cl\/on\/wp-json\/wp\/v2\/pages"}],"about":[{"href":"https:\/\/curarrehue.cl\/on\/wp-json\/wp\/v2\/types\/page"}],"author":[{"embeddable":true,"href":"https:\/\/curarrehue.cl\/on\/wp-json\/wp\/v2\/users\/2"}],"replies":[{"embeddable":true,"href":"https:\/\/curarrehue.cl\/on\/wp-json\/wp\/v2\/comments?post=3779"}],"version-history":[{"count":17,"href":"https:\/\/curarrehue.cl\/on\/wp-json\/wp\/v2\/pages\/3779\/revisions"}],"predecessor-version":[{"id":7636,"href":"https:\/\/curarrehue.cl\/on\/wp-json\/wp\/v2\/pages\/3779\/revisions\/7636"}],"wp:attachment":[{"href":"https:\/\/curarrehue.cl\/on\/wp-json\/wp\/v2\/media?parent=3779"}],"curies":[{"name":"wp","href":"https:\/\/api.w.org\/{rel}","templated":true}]}}