{"id":6120,"date":"2023-05-02T17:58:26","date_gmt":"2023-05-02T17:58:26","guid":{"rendered":"https:\/\/curarrehue.cl\/on\/?page_id=6120"},"modified":"2026-02-25T18:56:18","modified_gmt":"2026-02-25T18:56:18","slug":"pagos-online","status":"publish","type":"page","link":"https:\/\/curarrehue.cl\/on\/pagos-online\/","title":{"rendered":"Pagos online"},"content":{"rendered":"\t\t<div data-elementor-type=\"wp-post\" data-elementor-id=\"6120\" class=\"elementor elementor-6120\">\n\t\t\t\t\t\t<section class=\"elementor-section elementor-top-section elementor-element elementor-element-45e8cb2 elementor-section-boxed elementor-section-height-default elementor-section-height-default\" data-id=\"45e8cb2\" data-element_type=\"section\">\n\t\t\t\t\t\t<div class=\"elementor-container elementor-column-gap-default\">\n\t\t\t\t\t<div class=\"elementor-column elementor-col-100 elementor-top-column elementor-element elementor-element-139e893\" data-id=\"139e893\" data-element_type=\"column\" data-settings=\"{&quot;background_background&quot;:&quot;classic&quot;}\">\n\t\t\t<div class=\"elementor-widget-wrap elementor-element-populated\">\n\t\t\t\t\t\t<div class=\"elementor-element elementor-element-23139cf elementor-widget elementor-widget-heading\" data-id=\"23139cf\" data-element_type=\"widget\" data-widget_type=\"heading.default\">\n\t\t\t\t<div class=\"elementor-widget-container\">\n\t\t\t\t\t<h2 class=\"elementor-heading-title elementor-size-default\">PAGO TOTAL 2026<\/h2>\t\t\t\t<\/div>\n\t\t\t\t<\/div>\n\t\t\t\t<div class=\"elementor-element elementor-element-4110f72 elementor-widget elementor-widget-html\" data-id=\"4110f72\" data-element_type=\"widget\" data-widget_type=\"html.default\">\n\t\t\t\t<div class=\"elementor-widget-container\">\n\t\t\t\t\t<div style=\"text-align: center\">\n<a href=\"https:\/\/www.sem2.gob.cl\/tramites\/permisos-de-circulacion\/69252400\/buscar\" rel=\"external\"><img fetchpriority=\"high\" decoding=\"async\" alt=\"Buscar\" src=\"https:\/\/www.sem2.gob.cl\/banners\/permisos-de-circulacion\/2.png\" style=\"border:0\" width=\"421\" height=\"181\" \/><\/a>\n<\/div>\t\t\t\t<\/div>\n\t\t\t\t<\/div>\n\t\t\t\t<div class=\"elementor-element elementor-element-4799c89 elementor-button-success elementor-align-center elementor-widget elementor-widget-button\" data-id=\"4799c89\" data-element_type=\"widget\" data-widget_type=\"button.default\">\n\t\t\t\t<div class=\"elementor-widget-container\">\n\t\t\t\t\t\t\t\t\t<div class=\"elementor-button-wrapper\">\n\t\t\t\t\t<a class=\"elementor-button elementor-button-link elementor-size-sm\" href=\"https:\/\/www.sem2.gob.cl\/tramites\/permisos-de-circulacion\/69252400\/buscar\">\n\t\t\t\t\t\t<span class=\"elementor-button-content-wrapper\">\n\t\t\t\t\t\t<span class=\"elementor-button-icon\">\n\t\t\t\t<i aria-hidden=\"true\" class=\"fas fa-mouse-pointer\"><\/i>\t\t\t<\/span>\n\t\t\t\t\t\t\t\t\t<span class=\"elementor-button-text\">PAGAR AHORA<\/span>\n\t\t\t\t\t<\/span>\n\t\t\t\t\t<\/a>\n\t\t\t\t<\/div>\n\t\t\t\t\t\t\t\t<\/div>\n\t\t\t\t<\/div>\n\t\t\t\t\t<\/div>\n\t\t<\/div>\n\t\t\t\t\t<\/div>\n\t\t<\/section>\n\t\t\t\t<section class=\"elementor-section elementor-top-section elementor-element elementor-element-4a97392 elementor-section-boxed elementor-section-height-default elementor-section-height-default\" data-id=\"4a97392\" data-element_type=\"section\">\n\t\t\t\t\t\t<div class=\"elementor-container elementor-column-gap-default\">\n\t\t\t\t\t<div class=\"elementor-column elementor-col-100 elementor-top-column elementor-element elementor-element-6fd78ec\" data-id=\"6fd78ec\" data-element_type=\"column\">\n\t\t\t<div class=\"elementor-widget-wrap elementor-element-populated\">\n\t\t\t\t\t\t<div class=\"elementor-element elementor-element-c2d91d0 elementor-widget elementor-widget-text-editor\" data-id=\"c2d91d0\" data-element_type=\"widget\" data-widget_type=\"text-editor.default\">\n\t\t\t\t<div class=\"elementor-widget-container\">\n\t\t\t\t\t\t\t\t\t<p><strong>Para obtener el Permiso de circulaci\u00f3n en l\u00ednea debe cumplir lo siguiente:<\/strong><\/p><ul><li>SOAP 2026 Vigente<\/li><li>Revisi\u00f3n T\u00e9cnica y de gases al d\u00eda<\/li><li>Estar al d\u00eda con el pago del permiso de circulaci\u00f3n del a\u00f1o anterior.<\/li><li>Chequear que los datos de sus veh\u00edculos sean los correctos.<\/li><li>Certificado de Homologaci\u00f3n (si corresponde) vigentes.<\/li><li>Haber Pagado al menos un periodo de manera presencial (Para el Registro y validaci\u00f3n del veh\u00edculo)<\/li><li>NO podr\u00e1 pagar si ud. Se encuentra atrasado en el pago de su permiso.<\/li><li>NO podr\u00e1 trasladar un veh\u00edculo de otra comuna v\u00eda online.<\/li><li>En la eventualidad que usted registre multas, \u00e9stas pueden ser pagadas en la misma P\u00e1gina.<\/li><li>Revise en Detalle el pago de multas, evite realizar pagos ya efectuados.<\/li><\/ul><p><strong>\u00a0<\/strong><strong>Atenci\u00f3n presencial de Lunes a Viernes de 08:00 a 13:30Hrs en Avenida Estadio #550, Curarrehue. <\/strong><\/p><p><strong>Dudas o consultas al +56 45 2593526 o al correo<a href=\"mailto:permisosdecirculacion@curarrehue.cl\"> permisosdecirculacion@curarrehue.cl<\/a>\u00a0<\/strong><\/p>\t\t\t\t\t\t\t\t<\/div>\n\t\t\t\t<\/div>\n\t\t\t\t\t<\/div>\n\t\t<\/div>\n\t\t\t\t\t<\/div>\n\t\t<\/section>\n\t\t\t\t<section class=\"elementor-section elementor-top-section elementor-element elementor-element-6d9d441 elementor-hidden-desktop elementor-hidden-tablet elementor-hidden-mobile elementor-section-boxed elementor-section-height-default elementor-section-height-default\" data-id=\"6d9d441\" data-element_type=\"section\">\n\t\t\t\t\t\t<div class=\"elementor-container elementor-column-gap-default\">\n\t\t\t\t\t<div class=\"elementor-column elementor-col-100 elementor-top-column elementor-element elementor-element-09d381f\" data-id=\"09d381f\" data-element_type=\"column\" data-settings=\"{&quot;background_background&quot;:&quot;classic&quot;}\">\n\t\t\t<div class=\"elementor-widget-wrap elementor-element-populated\">\n\t\t\t\t\t\t<div class=\"elementor-element elementor-element-2d5f6c9 elementor-widget elementor-widget-heading\" data-id=\"2d5f6c9\" data-element_type=\"widget\" data-widget_type=\"heading.default\">\n\t\t\t\t<div class=\"elementor-widget-container\">\n\t\t\t\t\t<h2 class=\"elementor-heading-title elementor-size-default\">SEGUNDA CUOTA 2025<\/h2>\t\t\t\t<\/div>\n\t\t\t\t<\/div>\n\t\t\t\t<div class=\"elementor-element elementor-element-79b0cab elementor-widget elementor-widget-html\" data-id=\"79b0cab\" data-element_type=\"widget\" data-widget_type=\"html.default\">\n\t\t\t\t<div class=\"elementor-widget-container\">\n\t\t\t\t\t<a href=\"https:\/\/www.sem2.gob.cl\/tramites\/permisos-de-circulacion-2c\/69252400\/buscar\" rel=\"external\"><img decoding=\"async\" alt=\"Buscar\" src=\"https:\/\/www.sem2.gob.cl\/banners\/permisos-de-circulacion-2c\/2.png\" style=\"border:0\" width=\"421\" height=\"181\" \/><\/a>\t\t\t\t<\/div>\n\t\t\t\t<\/div>\n\t\t\t\t\t<\/div>\n\t\t<\/div>\n\t\t\t\t\t<\/div>\n\t\t<\/section>\n\t\t\t\t<section class=\"elementor-section elementor-top-section elementor-element elementor-element-8e94f82 elementor-section-boxed elementor-section-height-default elementor-section-height-default\" data-id=\"8e94f82\" data-element_type=\"section\">\n\t\t\t\t\t\t<div class=\"elementor-container elementor-column-gap-default\">\n\t\t\t\t\t<div class=\"elementor-column elementor-col-100 elementor-top-column elementor-element elementor-element-f94d0d6\" data-id=\"f94d0d6\" data-element_type=\"column\" data-settings=\"{&quot;background_background&quot;:&quot;classic&quot;}\">\n\t\t\t<div class=\"elementor-widget-wrap elementor-element-populated\">\n\t\t\t\t\t\t<div class=\"elementor-element elementor-element-e76ca77 elementor-widget elementor-widget-heading\" data-id=\"e76ca77\" data-element_type=\"widget\" data-widget_type=\"heading.default\">\n\t\t\t\t<div class=\"elementor-widget-container\">\n\t\t\t\t\t<h2 class=\"elementor-heading-title elementor-size-default\">LOCOMOCI\u00d3N COLECTIVA<\/h2>\t\t\t\t<\/div>\n\t\t\t\t<\/div>\n\t\t\t\t<div class=\"elementor-element elementor-element-f4ba290 elementor-widget elementor-widget-html\" data-id=\"f4ba290\" data-element_type=\"widget\" data-widget_type=\"html.default\">\n\t\t\t\t<div class=\"elementor-widget-container\">\n\t\t\t\t\t<a href=\"https:\/\/www.sem2.gob.cl\/tramites\/permisos-de-circulacion-locomocion-colectiva\/69252400\/buscar\" rel=\"external\"><img decoding=\"async\" alt=\"Buscar\" src=\"https:\/\/www.sem2.gob.cl\/banners\/permisos-de-circulacion-locomocion-colectiva\/2.png\" style=\"border:0\" width=\"421\" height=\"181\" \/><\/a>\t\t\t\t<\/div>\n\t\t\t\t<\/div>\n\t\t\t\t\t<\/div>\n\t\t<\/div>\n\t\t\t\t\t<\/div>\n\t\t<\/section>\n\t\t\t\t<section class=\"elementor-section elementor-top-section elementor-element elementor-element-4e9310e elementor-section-boxed elementor-section-height-default elementor-section-height-default\" data-id=\"4e9310e\" data-element_type=\"section\">\n\t\t\t\t\t\t<div class=\"elementor-container elementor-column-gap-default\">\n\t\t\t\t\t<div class=\"elementor-column elementor-col-100 elementor-top-column elementor-element elementor-element-28d84a3\" data-id=\"28d84a3\" data-element_type=\"column\" data-settings=\"{&quot;background_background&quot;:&quot;classic&quot;}\">\n\t\t\t<div class=\"elementor-widget-wrap elementor-element-populated\">\n\t\t\t\t\t\t<div class=\"elementor-element elementor-element-42f4184 elementor-widget elementor-widget-heading\" data-id=\"42f4184\" data-element_type=\"widget\" data-widget_type=\"heading.default\">\n\t\t\t\t<div class=\"elementor-widget-container\">\n\t\t\t\t\t<h2 class=\"elementor-heading-title elementor-size-default\">VEH\u00cdCULOS PESADOS<\/h2>\t\t\t\t<\/div>\n\t\t\t\t<\/div>\n\t\t\t\t<div class=\"elementor-element elementor-element-684f68a elementor-widget elementor-widget-html\" data-id=\"684f68a\" data-element_type=\"widget\" data-widget_type=\"html.default\">\n\t\t\t\t<div class=\"elementor-widget-container\">\n\t\t\t\t\t<a href=\"https:\/\/www.sem2.gob.cl\/tramites\/permisos-de-circulacion-pesados\/69252400\/buscar\" rel=\"external\"><img loading=\"lazy\" decoding=\"async\" alt=\"Buscar\" src=\"https:\/\/www.sem2.gob.cl\/banners\/permisos-de-circulacion-pesados\/2.png\" style=\"border:0\" width=\"421\" height=\"181\" \/><\/a>\t\t\t\t<\/div>\n\t\t\t\t<\/div>\n\t\t\t\t\t<\/div>\n\t\t<\/div>\n\t\t\t\t\t<\/div>\n\t\t<\/section>\n\t\t\t\t<\/div>\n\t\t","protected":false},"excerpt":{"rendered":"<p>PAGO TOTAL 2026 PAGAR AHORA Para obtener el Permiso de circulaci\u00f3n en l\u00ednea debe cumplir lo siguiente: SOAP 2026 Vigente Revisi\u00f3n T\u00e9cnica y de gases al d\u00eda Estar al d\u00eda con el pago del permiso de circulaci\u00f3n del a\u00f1o anterior. Chequear que los datos de sus veh\u00edculos sean los correctos. Certificado de Homologaci\u00f3n (si corresponde) [&hellip;]<\/p>\n","protected":false},"author":2,"featured_media":0,"parent":0,"menu_order":0,"comment_status":"closed","ping_status":"closed","template":"","meta":{"_monsterinsights_skip_tracking":false,"_monsterinsights_sitenote_active":false,"_monsterinsights_sitenote_note":"","_monsterinsights_sitenote_category":0,"footnotes":""},"class_list":["post-6120","page","type-page","status-publish","hentry"],"_links":{"self":[{"href":"https:\/\/curarrehue.cl\/on\/wp-json\/wp\/v2\/pages\/6120","targetHints":{"allow":["GET"]}}],"collection":[{"href":"https:\/\/curarrehue.cl\/on\/wp-json\/wp\/v2\/pages"}],"about":[{"href":"https:\/\/curarrehue.cl\/on\/wp-json\/wp\/v2\/types\/page"}],"author":[{"embeddable":true,"href":"https:\/\/curarrehue.cl\/on\/wp-json\/wp\/v2\/users\/2"}],"replies":[{"embeddable":true,"href":"https:\/\/curarrehue.cl\/on\/wp-json\/wp\/v2\/comments?post=6120"}],"version-history":[{"count":59,"href":"https:\/\/curarrehue.cl\/on\/wp-json\/wp\/v2\/pages\/6120\/revisions"}],"predecessor-version":[{"id":9102,"href":"https:\/\/curarrehue.cl\/on\/wp-json\/wp\/v2\/pages\/6120\/revisions\/9102"}],"wp:attachment":[{"href":"https:\/\/curarrehue.cl\/on\/wp-json\/wp\/v2\/media?parent=6120"}],"curies":[{"name":"wp","href":"https:\/\/api.w.org\/{rel}","templated":true}]}}