{"id":629,"date":"2017-09-21T20:19:42","date_gmt":"2017-09-21T20:19:42","guid":{"rendered":"https:\/\/curarrehue.cl\/on\/?page_id=629"},"modified":"2021-02-23T13:12:56","modified_gmt":"2021-02-23T13:12:56","slug":"desarrollo-endogeno","status":"publish","type":"page","link":"https:\/\/curarrehue.cl\/on\/desarrollo-endogeno\/","title":{"rendered":"Desarrollo End\u00f3geno"},"content":{"rendered":"\t\t<div data-elementor-type=\"wp-page\" data-elementor-id=\"629\" class=\"elementor elementor-629 elementor-bc-flex-widget\">\n\t\t\t\t\t\t<section class=\"elementor-section elementor-top-section elementor-element elementor-element-4677449f elementor-section-boxed elementor-section-height-default elementor-section-height-default\" data-id=\"4677449f\" data-element_type=\"section\">\n\t\t\t\t\t\t<div class=\"elementor-container elementor-column-gap-default\">\n\t\t\t\t\t<div class=\"elementor-column elementor-col-100 elementor-top-column elementor-element elementor-element-110c88e3\" data-id=\"110c88e3\" data-element_type=\"column\">\n\t\t\t<div class=\"elementor-widget-wrap elementor-element-populated\">\n\t\t\t\t\t\t<div class=\"elementor-element elementor-element-4b48946f elementor-widget elementor-widget-text-editor\" data-id=\"4b48946f\" data-element_type=\"widget\" data-widget_type=\"text-editor.default\">\n\t\t\t\t<div class=\"elementor-widget-container\">\n\t\t\t\t\t\t\t\t\t<h1><span style=\"color: #333399;\">Gesti\u00f3n Territorial<\/span><\/h1><p><a href=\"http:\/\/www.academia.subdere.gov.cl\/wp-content\/uploads\/2017\/01\/Abel-Painefilo-Alcalde-Curarrehue-Gestio%CC%81n-Territorial-e-Identidad.pdf\" target=\"_blank\" rel=\"noopener\">PDF &#8211; Ver Presentaci\u00f3n Gesti\u00f3n Territorial<\/a><iframe src=\"https:\/\/www.youtube.com\/embed\/Ysst3ppLv0o\" width=\"560\" height=\"315\" frameborder=\"0\" allowfullscreen=\"allowfullscreen\"><\/iframe><\/p>\t\t\t\t\t\t\t\t<\/div>\n\t\t\t\t<\/div>\n\t\t\t\t\t<\/div>\n\t\t<\/div>\n\t\t\t\t\t<\/div>\n\t\t<\/section>\n\t\t\t\t<\/div>\n\t\t","protected":false},"excerpt":{"rendered":"<p>Gesti\u00f3n Territorial PDF &#8211; Ver Presentaci\u00f3n Gesti\u00f3n Territorial<\/p>\n","protected":false},"author":1,"featured_media":0,"parent":0,"menu_order":0,"comment_status":"closed","ping_status":"closed","template":"","meta":{"_monsterinsights_skip_tracking":false,"_monsterinsights_sitenote_active":false,"_monsterinsights_sitenote_note":"","_monsterinsights_sitenote_category":0,"footnotes":""},"class_list":["post-629","page","type-page","status-publish","hentry"],"_links":{"self":[{"href":"https:\/\/curarrehue.cl\/on\/wp-json\/wp\/v2\/pages\/629","targetHints":{"allow":["GET"]}}],"collection":[{"href":"https:\/\/curarrehue.cl\/on\/wp-json\/wp\/v2\/pages"}],"about":[{"href":"https:\/\/curarrehue.cl\/on\/wp-json\/wp\/v2\/types\/page"}],"author":[{"embeddable":true,"href":"https:\/\/curarrehue.cl\/on\/wp-json\/wp\/v2\/users\/1"}],"replies":[{"embeddable":true,"href":"https:\/\/curarrehue.cl\/on\/wp-json\/wp\/v2\/comments?post=629"}],"version-history":[{"count":2,"href":"https:\/\/curarrehue.cl\/on\/wp-json\/wp\/v2\/pages\/629\/revisions"}],"predecessor-version":[{"id":4377,"href":"https:\/\/curarrehue.cl\/on\/wp-json\/wp\/v2\/pages\/629\/revisions\/4377"}],"wp:attachment":[{"href":"https:\/\/curarrehue.cl\/on\/wp-json\/wp\/v2\/media?parent=629"}],"curies":[{"name":"wp","href":"https:\/\/api.w.org\/{rel}","templated":true}]}}