{"id":7515,"date":"2024-06-03T13:12:44","date_gmt":"2024-06-03T13:12:44","guid":{"rendered":"https:\/\/curarrehue.cl\/on\/?page_id=7515"},"modified":"2024-06-03T13:27:54","modified_gmt":"2024-06-03T13:27:54","slug":"proceso-de-elecciones-organizaciones-comunitarias","status":"publish","type":"page","link":"https:\/\/curarrehue.cl\/on\/proceso-de-elecciones-organizaciones-comunitarias\/","title":{"rendered":"PROCESO DE ELECCIONES ORGANIZACIONES COMUNITARIAS"},"content":{"rendered":"\t\t<div data-elementor-type=\"wp-page\" data-elementor-id=\"7515\" class=\"elementor elementor-7515\">\n\t\t\t\t\t\t<section class=\"elementor-section elementor-top-section elementor-element elementor-element-443831a elementor-section-boxed elementor-section-height-default elementor-section-height-default\" data-id=\"443831a\" data-element_type=\"section\">\n\t\t\t\t\t\t<div class=\"elementor-container elementor-column-gap-default\">\n\t\t\t\t\t<div class=\"elementor-column elementor-col-100 elementor-top-column elementor-element elementor-element-2269bdc\" data-id=\"2269bdc\" data-element_type=\"column\">\n\t\t\t<div class=\"elementor-widget-wrap elementor-element-populated\">\n\t\t\t\t\t\t<div class=\"elementor-element elementor-element-530af83 elementor-widget elementor-widget-text-editor\" data-id=\"530af83\" data-element_type=\"widget\" data-widget_type=\"text-editor.default\">\n\t\t\t\t<div class=\"elementor-widget-container\">\n\t\t\t\t\t\t\t\t\t<table width=\"100%\"><tbody><tr><td><p><strong>LEY 21.146 DE MODIFICACI\u00d3N DE LOS PROCESOS <\/strong><strong>DE ELECCION DE DIRECTIVAS DE LAS ORGANIZACIONES COMUNITARIAS<\/strong><\/p><\/td><\/tr><\/tbody><\/table><p>Desde el 28 de agosto de 2019 la ley 21.146, realizara diferentes modificaciones respecto a los procesos eleccionarios de directiva de las Juntas de Vecinos y dem\u00e1s organizaciones comunitarias:<\/p><ol><li>Se deber\u00e1 <strong>constituir una Comisi\u00f3n Electoral <\/strong>compuesta por 3 socios, al menos 2 meses antes de la fecha de elecci\u00f3n.<\/li><li>La comisi\u00f3n Electoral <strong>deber\u00e1 comunicar al Secretario Municipal<\/strong> la realizaci\u00f3n de la elecci\u00f3n con al menos 15 d\u00edas h\u00e1biles de anticipaci\u00f3n a la fecha fijada para ella<\/li><\/ol><p><strong>\u00a1EN CASO DE OMITIR ESTA COMUNICACI\u00d3N LA ELECCION NO TENDRA VALIDEZ!<\/strong><\/p><p>3.- Una vez realizada la Elecci\u00f3n de Directorio, la Comisi\u00f3n Electoral depositara en la Secretaria Municipal, en un plazo de 5 d\u00edas h\u00e1biles desde la fecha de elecci\u00f3n, los siguientes antecedentes:<\/p><ul><li><strong>Acta de la elecci\u00f3n<\/strong><\/li><li><strong>Registro de socios actualizado<\/strong><\/li><li><strong>Registro de socios que sufragaron en la elecci\u00f3n<\/strong><\/li><li><strong>Acta de establecimiento de la Comisi\u00f3n Electoral<\/strong><\/li><li><strong>Certificado de antecedentes de los socios electos emitido por el Registro Civil e Identificaci\u00f3n<\/strong><strong>(SIN ANTECEDENTES PENALES)<\/strong><strong>.<\/strong><\/li><li><strong>Fotocopia Cedula De Identidad de los socios electos.<\/strong><\/li><\/ul><p>4.- Verificado los antecedentes anteriormente descritos, el Secretario Municipal deber\u00e1 <strong>expedir el Certificado de Vigencia de car\u00e1cter provisorio<\/strong>, el cual tendr\u00e1 una vigencia de 30 d\u00edas corridos.<\/p><p>5.- <strong>Los Certificados de Vigencia de car\u00e1cter definitivo, <\/strong>tanto de Persona Jur\u00eddica como de Directorio Vigente ser\u00e1n entregados <strong>\u00fanicamente<\/strong> por el <strong>Servicio de Registro Civil e Identificaci\u00f3n<\/strong>.<\/p><p>6.- <strong>Corresponde al Tribunal Electoral Regional recibir y resolver las reclamaciones<\/strong>, respecto las elecciones de las Juntas de Vecinos y dem\u00e1s Organizaciones Comunitarias, que cualquier vecino pueda realizar, <strong>dentro de los 15 d\u00edas siguientes<\/strong> a la elecci\u00f3n de directorio.<\/p>\t\t\t\t\t\t\t\t<\/div>\n\t\t\t\t<\/div>\n\t\t\t\t<div class=\"elementor-element elementor-element-eb7e0e7 elementor-widget elementor-widget-heading\" data-id=\"eb7e0e7\" data-element_type=\"widget\" data-widget_type=\"heading.default\">\n\t\t\t\t<div class=\"elementor-widget-container\">\n\t\t\t\t\t<h2 class=\"elementor-heading-title elementor-size-default\">DOCUMENTOS Y FORMULARIOS<\/h2>\t\t\t\t<\/div>\n\t\t\t\t<\/div>\n\t\t\t\t<div class=\"elementor-element elementor-element-d470025 elementor-grid-1 elementor-grid-tablet-2 elementor-grid-mobile-1 elementor-posts--thumbnail-top elementor-widget elementor-widget-posts\" data-id=\"d470025\" data-element_type=\"widget\" data-settings=\"{&quot;classic_columns&quot;:&quot;1&quot;,&quot;classic_row_gap&quot;:{&quot;unit&quot;:&quot;px&quot;,&quot;size&quot;:3,&quot;sizes&quot;:[]},&quot;classic_columns_tablet&quot;:&quot;2&quot;,&quot;classic_columns_mobile&quot;:&quot;1&quot;,&quot;classic_row_gap_tablet&quot;:{&quot;unit&quot;:&quot;px&quot;,&quot;size&quot;:&quot;&quot;,&quot;sizes&quot;:[]},&quot;classic_row_gap_mobile&quot;:{&quot;unit&quot;:&quot;px&quot;,&quot;size&quot;:&quot;&quot;,&quot;sizes&quot;:[]}}\" data-widget_type=\"posts.classic\">\n\t\t\t\t<div class=\"elementor-widget-container\">\n\t\t\t\t\t\t\t<div class=\"elementor-posts-container elementor-posts elementor-posts--skin-classic elementor-grid\">\n\t\t\t\t<article class=\"elementor-post elementor-grid-item post-7929 lsvrdocument type-lsvrdocument status-publish hentry lsvrdocumentcat-formularios-oocc\">\n\t\t\t\t<div class=\"elementor-post__text\">\n\t\t\t\t<p class=\"elementor-post__title\">\n\t\t\t<a href=\"https:\/\/curarrehue.cl\/on\/documents\/como-constituir-una-organizacion-triptico-explicativo\/\" >\n\t\t\t\tComo constituir una organizaci\u00f3n &#8211; Tr\u00edptico explicativo\t\t\t<\/a>\n\t\t<\/p>\n\t\t\t\t<\/div>\n\t\t\t\t<\/article>\n\t\t\t\t<article class=\"elementor-post elementor-grid-item post-7535 lsvrdocument type-lsvrdocument status-publish hentry lsvrdocumentcat-formularios-oocc\">\n\t\t\t\t<div class=\"elementor-post__text\">\n\t\t\t\t<p class=\"elementor-post__title\">\n\t\t\t<a href=\"https:\/\/curarrehue.cl\/on\/documents\/diptico-oocc\/\" >\n\t\t\t\tD\u00edptico OOCC\t\t\t<\/a>\n\t\t<\/p>\n\t\t\t\t<\/div>\n\t\t\t\t<\/article>\n\t\t\t\t<article class=\"elementor-post elementor-grid-item post-7533 lsvrdocument type-lsvrdocument status-publish hentry lsvrdocumentcat-formularios-oocc\">\n\t\t\t\t<div class=\"elementor-post__text\">\n\t\t\t\t<p class=\"elementor-post__title\">\n\t\t\t<a href=\"https:\/\/curarrehue.cl\/on\/documents\/carta-de-renuncia-oocc\/\" >\n\t\t\t\tCarta de Renuncia OOCC\t\t\t<\/a>\n\t\t<\/p>\n\t\t\t\t<\/div>\n\t\t\t\t<\/article>\n\t\t\t\t<article class=\"elementor-post elementor-grid-item post-7531 lsvrdocument type-lsvrdocument status-publish hentry lsvrdocumentcat-formularios-oocc\">\n\t\t\t\t<div class=\"elementor-post__text\">\n\t\t\t\t<p class=\"elementor-post__title\">\n\t\t\t<a href=\"https:\/\/curarrehue.cl\/on\/documents\/guia-practica-comision\/\" >\n\t\t\t\tGuia Practica Comision\t\t\t<\/a>\n\t\t<\/p>\n\t\t\t\t<\/div>\n\t\t\t\t<\/article>\n\t\t\t\t<article class=\"elementor-post elementor-grid-item post-7529 lsvrdocument type-lsvrdocument status-publish hentry lsvrdocumentcat-formularios-oocc\">\n\t\t\t\t<div class=\"elementor-post__text\">\n\t\t\t\t<p class=\"elementor-post__title\">\n\t\t\t<a href=\"https:\/\/curarrehue.cl\/on\/documents\/formulario-cambio-directiva\/\" >\n\t\t\t\tFormulario cambio directiva\t\t\t<\/a>\n\t\t<\/p>\n\t\t\t\t<\/div>\n\t\t\t\t<\/article>\n\t\t\t\t<article class=\"elementor-post elementor-grid-item post-7527 lsvrdocument type-lsvrdocument status-publish hentry lsvrdocumentcat-formularios-oocc\">\n\t\t\t\t<div class=\"elementor-post__text\">\n\t\t\t\t<p class=\"elementor-post__title\">\n\t\t\t<a href=\"https:\/\/curarrehue.cl\/on\/documents\/formulario-4-acta-cambio-de-directiva\/\" >\n\t\t\t\tFormulario 4 Acta cambio de Directiva\t\t\t<\/a>\n\t\t<\/p>\n\t\t\t\t<\/div>\n\t\t\t\t<\/article>\n\t\t\t\t<article class=\"elementor-post elementor-grid-item post-7525 lsvrdocument type-lsvrdocument status-publish hentry lsvrdocumentcat-formularios-oocc\">\n\t\t\t\t<div class=\"elementor-post__text\">\n\t\t\t\t<p class=\"elementor-post__title\">\n\t\t\t<a href=\"https:\/\/curarrehue.cl\/on\/documents\/formulario-3-lista-chequeo-informa-resultado-eleccion\/\" >\n\t\t\t\tFormulario 3 Lista Chequeo informa resultado elecci\u00f3n\t\t\t<\/a>\n\t\t<\/p>\n\t\t\t\t<\/div>\n\t\t\t\t<\/article>\n\t\t\t\t<article class=\"elementor-post elementor-grid-item post-7523 lsvrdocument type-lsvrdocument status-publish hentry lsvrdocumentcat-formularios-oocc\">\n\t\t\t\t<div class=\"elementor-post__text\">\n\t\t\t\t<p class=\"elementor-post__title\">\n\t\t\t<a href=\"https:\/\/curarrehue.cl\/on\/documents\/formulario-2-acta-comunicacion-de-eleccion-en-oocc\/\" >\n\t\t\t\tFormulario 2 Acta comunicaci\u00f3n de elecci\u00f3n en OOCC\t\t\t<\/a>\n\t\t<\/p>\n\t\t\t\t<\/div>\n\t\t\t\t<\/article>\n\t\t\t\t<article class=\"elementor-post elementor-grid-item post-7521 lsvrdocument type-lsvrdocument status-publish hentry lsvrdocumentcat-formularios-oocc\">\n\t\t\t\t<div class=\"elementor-post__text\">\n\t\t\t\t<p class=\"elementor-post__title\">\n\t\t\t<a href=\"https:\/\/curarrehue.cl\/on\/documents\/formulario-1-acta-eleccion-comision-electoral\/\" >\n\t\t\t\tFormulario 1 Acta Elecci\u00f3n Comisi\u00f3n Electoral\t\t\t<\/a>\n\t\t<\/p>\n\t\t\t\t<\/div>\n\t\t\t\t<\/article>\n\t\t\t\t<\/div>\n\t\t\n\t\t\t\t\t\t<\/div>\n\t\t\t\t<\/div>\n\t\t\t\t\t<\/div>\n\t\t<\/div>\n\t\t\t\t\t<\/div>\n\t\t<\/section>\n\t\t\t\t<\/div>\n\t\t","protected":false},"excerpt":{"rendered":"<p>LEY 21.146 DE MODIFICACI\u00d3N DE LOS PROCESOS DE ELECCION DE DIRECTIVAS DE LAS ORGANIZACIONES COMUNITARIAS Desde el 28 de agosto de 2019 la ley 21.146,<\/p>\n","protected":false},"author":2,"featured_media":0,"parent":0,"menu_order":0,"comment_status":"closed","ping_status":"closed","template":"","meta":{"_monsterinsights_skip_tracking":false,"_monsterinsights_sitenote_active":false,"_monsterinsights_sitenote_note":"","_monsterinsights_sitenote_category":0,"footnotes":""},"class_list":["post-7515","page","type-page","status-publish","hentry"],"_links":{"self":[{"href":"https:\/\/curarrehue.cl\/on\/wp-json\/wp\/v2\/pages\/7515","targetHints":{"allow":["GET"]}}],"collection":[{"href":"https:\/\/curarrehue.cl\/on\/wp-json\/wp\/v2\/pages"}],"about":[{"href":"https:\/\/curarrehue.cl\/on\/wp-json\/wp\/v2\/types\/page"}],"author":[{"embeddable":true,"href":"https:\/\/curarrehue.cl\/on\/wp-json\/wp\/v2\/users\/2"}],"replies":[{"embeddable":true,"href":"https:\/\/curarrehue.cl\/on\/wp-json\/wp\/v2\/comments?post=7515"}],"version-history":[{"count":7,"href":"https:\/\/curarrehue.cl\/on\/wp-json\/wp\/v2\/pages\/7515\/revisions"}],"predecessor-version":[{"id":7539,"href":"https:\/\/curarrehue.cl\/on\/wp-json\/wp\/v2\/pages\/7515\/revisions\/7539"}],"wp:attachment":[{"href":"https:\/\/curarrehue.cl\/on\/wp-json\/wp\/v2\/media?parent=7515"}],"curies":[{"name":"wp","href":"https:\/\/api.w.org\/{rel}","templated":true}]}}