{"id":920,"date":"2017-10-17T13:39:19","date_gmt":"2017-10-17T13:39:19","guid":{"rendered":"https:\/\/curarrehue.cl\/on\/?page_id=920"},"modified":"2021-02-03T14:06:07","modified_gmt":"2021-02-03T14:06:07","slug":"juzgado-de-policia-local","status":"publish","type":"page","link":"https:\/\/curarrehue.cl\/on\/juzgado-de-policia-local\/","title":{"rendered":"Juzgado de Polic\u00eda Local"},"content":{"rendered":"<p>[vc_row][vc_column][vc_column_text]<\/p>\n<h2><span style=\"color: #0000ff;\">Tr\u00e1mites en esta unidad<\/span><\/h2>\n<p>[\/vc_column_text][\/vc_column][\/vc_row][vc_row][vc_column]<div class=\"c-accordion Tramites en Juzgado de Polic\u00eda Local Curarrehue.\"><div class=\"c-content-box\"><ul class=\"accordion-items\"><li class=\"\"><h4 class=\"accordion-title\">a. INFRACCI\u00d3N LEY DE TR\u00c1NSITO - JPL<\/h4><div class=\"accordion-content\"><p><strong>\u00bfQu\u00e9 debo hacer?<\/strong><\/p>\n<ul>\n<li>Presentarse personalmente o debidamente representado en JPL.<\/li>\n<\/ul>\n<p><strong>Requisitos<\/strong><\/p>\n<ul>\n<li>Boleta de citaci\u00f3n y\/o c\u00e9dula nacional de identidad.<\/li>\n<\/ul>\n<p><strong>Documentos requeridos<\/strong><\/p>\n<ul>\n<li>Boleta de citaci\u00f3n y\/o c\u00e9dula nacional de identidad y, eventualmente, hoja de vida del conductor.<\/li>\n<\/ul>\n<p><strong>\u00bfD\u00f3nde se realiza?<\/strong><\/p>\n<ul>\n<li>Juzgado de Polic\u00eda Local de Curarrehue.<\/li>\n<\/ul>\n<p><strong>\u00bfTiene costo?<\/strong><\/p>\n<ul>\n<li>Las infracciones pueden ser\u00a0 canceladas anticipadamente dentro del \u00a0quinto d\u00eda de efectuada la denuncia, con derecho a que se rebaje en un 25% el valor de la multa, salvo que se trate de infracciones grav\u00edsimas.<\/li>\n<li>El valor de la\u00a0 multa por infracci\u00f3n se aplica de acuerdo al tipo de falta y conforme a la escala siguiente:\n<ul>\n<li>Grav\u00edsimas de 1.5 a 3.0 UTM<\/li>\n<li>Graves de 1.0 a 1.5 UTM<\/li>\n<li>Menos Graves de 0.5 a 1.0 UTM<\/li>\n<li>Leve de 0.2 a 0.5 UTM<\/li>\n<\/ul>\n<\/li>\n<li>En caso de reincidencia la multa se elevar\u00e1 al doble o al triple en caso de incurriese nuevamente en dicha conducta.<\/li>\n<\/ul>\n<\/div><\/li><li class=\"\"><h4 class=\"accordion-title\">b. EXORTOS<\/h4><div class=\"accordion-content\"><p><strong>\u00bfQu\u00e9 debo hacer?<\/strong><\/p>\n<ul>\n<li>Presentarse personalmente o debidamente representado en JPL.<\/li>\n<\/ul>\n<p><strong>Requisitos<\/strong><\/p>\n<ul>\n<li>Presentarse en el JPL respectivo con la debida anticipaci\u00f3n a la fecha de citaci\u00f3n (audiencia en tribunal de origen) indicada en boleta del parte, previa presentaci\u00f3n de boleta de citaci\u00f3n y c\u00e9dula de identidad.<\/li>\n<\/ul>\n<p><strong>Documentos requeridos<\/strong><\/p>\n<ul>\n<li>Boleta de citaci\u00f3n y\/o c\u00e9dula nacional de identidad.<\/li>\n<\/ul>\n<p><strong>\u00bfD\u00f3nde se realiza?<\/strong><\/p>\n<ul>\n<li>Juzgado de Polic\u00eda Local de Curarrehue.<\/li>\n<\/ul>\n<p><strong>\u00bfTiene costo?<\/strong><\/p>\n<ul>\n<li>El valor a cancelar viene fijado por el Juzgado Exhortado.<\/li>\n<\/ul>\n<\/div><\/li><li class=\"\"><h4 class=\"accordion-title\">c. FALTAS LEY DE ALCOHOLES, ORDENANZA MUNICIPAL Y OTRAS NORMAS.<\/h4><div class=\"accordion-content\"><p><strong>\u00bfQu\u00e9 debo hacer?<\/strong><\/p>\n<ul>\n<li>Presentarse personalmente o debidamente representado en JPL.<\/li>\n<\/ul>\n<p><strong>Requisitos<\/strong><\/p>\n<ul>\n<li>Boleta de citaci\u00f3n y\/o c\u00e9dula nacional de identidad.<\/li>\n<\/ul>\n<p><strong>Documentos requeridos<\/strong><\/p>\n<ul>\n<li>Boleta de citaci\u00f3n y\/o c\u00e9dula nacional de identidad.<\/li>\n<\/ul>\n<p><strong>\u00bfD\u00f3nde se realiza?<\/strong><\/p>\n<ul>\n<li>Juzgado de Polic\u00eda Local de Curarrehue.<\/li>\n<\/ul>\n<p><strong>\u00bfTiene costo?<\/strong><\/p>\n<ul>\n<li>La sanci\u00f3n depender\u00e1 del tipo de falta por la que se denuncie al respectivo infractor.<\/li>\n<\/ul>\n<\/div><\/li><li class=\"\"><h4 class=\"accordion-title\">d. ACCIDENTES DE TR\u00c1NSITO CON LESIONES LEVES Y\/O DA\u00d1OS.<\/h4><div class=\"accordion-content\"><p><strong>\u00bfQu\u00e9 debo hacer?<\/strong><\/p>\n<ul>\n<li>Por medio de una denuncia de la autoridad respectiva o un particular interponiendo una querella infraccional y\/o demanda civil de indemnizaci\u00f3n de perjuicios.<\/li>\n<\/ul>\n<p><strong>Requisitos<\/strong><\/p>\n<ul>\n<li>Presentarse en el JPL respectivo con la debida anticipaci\u00f3n a la fecha de citaci\u00f3n (audiencia en tribunal de origen) indicada en boleta del parte, previa presentaci\u00f3n de boleta de citaci\u00f3n y c\u00e9dula de identidad.<\/li>\n<\/ul>\n<p><strong>Documentos requeridos<\/strong><\/p>\n<ul>\n<li>Por escrito, y con patrocinio y mandato judicial conferido abogado habilitado para el ejercicio de la profesi\u00f3n.<\/li>\n<\/ul>\n<p><strong>\u00bfD\u00f3nde se realiza?<\/strong><\/p>\n<ul>\n<li>Juzgado de Polic\u00eda Local de Curarrehue.<\/li>\n<\/ul>\n<p><strong>\u00bfTiene costo?<\/strong><\/p>\n<ul>\n<li>Respecto de lo infraccional implica, eventualmente,\u00a0 una multa a beneficio p\u00fablico, sin perjuicio de otro tipo de sanciones; con respecto a los da\u00f1os, y prejuicios demandados proceder\u00e1, eventualmente, un sentencia declaratoria en relaci\u00f3n a dichos rubros.<\/li>\n<\/ul>\n<\/div><\/li><li class=\"\"><h4 class=\"accordion-title\">e. AUDIENCIA CON MAGISTRADO<\/h4><div class=\"accordion-content\"><p><strong>\u00bfQu\u00e9 debo hacer?<\/strong><\/p>\n<ul>\n<li>Presentarse personalmente o debidamente representado en JPL.<\/li>\n<\/ul>\n<p><strong>Requisitos<\/strong><\/p>\n<ul>\n<li>Esta la pueden realizar todos los infractores para presentar sus descargos en forma verbal o escrita.<\/li>\n<\/ul>\n<p><strong>Documentos requeridos<\/strong><\/p>\n<ul>\n<li>Boleta de citaci\u00f3n y\/o c\u00e9dula nacional de identidad y, eventualmente, documentos fundantes de la pretensi\u00f3n.<\/li>\n<\/ul>\n<p><strong>\u00bfD\u00f3nde se realiza?<\/strong><\/p>\n<ul>\n<li>Juzgado de Polic\u00eda Local de Curarrehue los d\u00edas martes de 11:00 a 14:00 horas, y los d\u00edas mi\u00e9rcoles y jueves de 10:30 a 13:30.<\/li>\n<\/ul>\n<p><strong>\u00bfTiene costo?<\/strong><\/p>\n<ul>\n<li>No tiene costo, sin perjuicio de la eventual multa a pagar.<\/li>\n<\/ul>\n<\/div><\/li><\/ul><\/div><\/div>[\/vc_column][\/vc_row][vc_row][vc_column width=&#8221;1\/4&#8243;][\/vc_column][vc_column width=&#8221;3\/4&#8243;]<p><a href=\"https:\/\/curarrehue.cl\/on\/unidades\/\" class=\"c-button\">Volver a Unidades Municipales &gt;<\/a><\/p>\n[\/vc_column][\/vc_row]<\/p>\n","protected":false},"excerpt":{"rendered":"<p>[vc_row][vc_column][vc_column_text] Tr\u00e1mites en esta unidad [\/vc_column_text][\/vc_column][\/vc_row][vc_row][vc_column][\/vc_column][\/vc_row][vc_row][vc_column width=&#8221;1\/4&#8243;][\/vc_column][vc_column width=&#8221;3\/4&#8243;][\/vc_column][\/vc_row]<\/p>\n","protected":false},"author":1,"featured_media":0,"parent":0,"menu_order":0,"comment_status":"closed","ping_status":"closed","template":"","meta":{"_monsterinsights_skip_tracking":false,"_monsterinsights_sitenote_active":false,"_monsterinsights_sitenote_note":"","_monsterinsights_sitenote_category":0,"footnotes":""},"class_list":["post-920","page","type-page","status-publish","hentry"],"_links":{"self":[{"href":"https:\/\/curarrehue.cl\/on\/wp-json\/wp\/v2\/pages\/920","targetHints":{"allow":["GET"]}}],"collection":[{"href":"https:\/\/curarrehue.cl\/on\/wp-json\/wp\/v2\/pages"}],"about":[{"href":"https:\/\/curarrehue.cl\/on\/wp-json\/wp\/v2\/types\/page"}],"author":[{"embeddable":true,"href":"https:\/\/curarrehue.cl\/on\/wp-json\/wp\/v2\/users\/1"}],"replies":[{"embeddable":true,"href":"https:\/\/curarrehue.cl\/on\/wp-json\/wp\/v2\/comments?post=920"}],"version-history":[{"count":1,"href":"https:\/\/curarrehue.cl\/on\/wp-json\/wp\/v2\/pages\/920\/revisions"}],"predecessor-version":[{"id":4016,"href":"https:\/\/curarrehue.cl\/on\/wp-json\/wp\/v2\/pages\/920\/revisions\/4016"}],"wp:attachment":[{"href":"https:\/\/curarrehue.cl\/on\/wp-json\/wp\/v2\/media?parent=920"}],"curies":[{"name":"wp","href":"https:\/\/api.w.org\/{rel}","templated":true}]}}